{"id":14222,"date":"2020-03-18T12:43:33","date_gmt":"2020-03-18T11:43:33","guid":{"rendered":"https:\/\/globalvacuumpresses.com\/stock-machines\/"},"modified":"2025-03-20T16:43:17","modified_gmt":"2025-03-20T15:43:17","slug":"machines-stock","status":"publish","type":"page","link":"https:\/\/globalvacuumpresses.com\/fr\/machines-stock\/","title":{"rendered":"Machines en stock"},"content":{"rendered":"<div class=\"wpb-content-wrapper\"><p>[vc_row][vc_column][vc_empty_space height=\u00a0\u00bb30px\u00a0\u00bb][vc_column_text css=\u00a0\u00bb\u00a0\u00bb]<\/p>\r\n<p>Voici notre inventaire actuel. Si vous \u00eates int\u00e9ress\u00e9 par l&rsquo;une des machines, cliquez sur le lien de la machine pour obtenir plus d&rsquo;informations ou contactez-nous. Notre inventaire change constamment, les machines ci-dessous sont vendues selon le principe du premier arriv\u00e9, premier servi.<\/p>\r\n<p>Dans le lien suivant, vous pouvez voir plus de contenu sur nos machines d&rsquo;occasion : <a href=\"https:\/\/www.interempresas.net\/Madera\/FeriaVirtual\/Clasificados-Nabuurs-Developing-S-L-128983.html\"><b><i>Machines d&rsquo;occasion<\/i><\/b><\/a><\/p>\r\n<p>&nbsp;<\/p>\r\n<p><a href=\"https:\/\/globalvacuumpresses.com\/contact\/\">Contactez-nous<\/a><\/p>\r\n<p>[\/vc_column_text][\/vc_column][\/vc_row][vc_row][vc_column][vc_empty_space height=\u00a0\u00bb40px\u00a0\u00bb][\/vc_column][\/vc_row][vc_row][vc_column width=\u00a0\u00bb1\/2&Prime;][vc_single_image image=\u00a0\u00bb30437&Prime; img_size=\u00a0\u00bblarge\u00a0\u00bb][\/vc_column][vc_column width=\u00a0\u00bb1\/2&Prime;][vc_column_text css=\u00a0\u00bb\u00a0\u00bb]<\/p>\r\n<p><strong>Presse \u00e0 vide compacte (VP-C-1006)<\/strong><\/p>\r\n<ul>\r\n<li>Pompe \u00e0 vide rotative \u00e0 palettes 8 &#8211; 16 m\u00b3\/h<\/li>\r\n<li>Pression de vide max. jusqu&rsquo;\u00e0 9 t\/m\u00b2<\/li>\r\n<li>Pressostat de vide pour mode de pompage continu ou automatique<\/li>\r\n<li>Cadre \u00e0 membrane s&rsquo;ouvrant et se fermant manuellement<\/li>\r\n<li>Manom\u00e8tre de vide<\/li>\r\n<li>Plaque de presse compacte HPL 13 mm<\/li>\r\n<li>Membrane en caoutchouc naturel 2 mm ou membrane en silicone<\/li>\r\n<li>Grille de quadrillage pour une \u00e9vacuation uniforme de l&rsquo;air<\/li>\r\n<li>Hauteur de travail 75 mm<\/li>\r\n<li>Dimensions int\u00e9rieures 1020 x 620 mm<\/li>\r\n<li>220 Volt, 1~, 50 Hz<\/li>\r\n<\/ul>\r\n<p>[\/vc_column_text][\/vc_column][vc_column][vc_empty_space height=\u00a0\u00bb50px\u00a0\u00bb][\/vc_column][\/vc_row][vc_row disable_element=\u00a0\u00bbyes\u00a0\u00bb][vc_column width=\u00a0\u00bb1\/2&Prime;][vc_single_image image=\u00a0\u00bb24317&Prime; img_size=\u00a0\u00bblarge\u00a0\u00bb][\/vc_column][vc_column width=\u00a0\u00bb1\/2&Prime;][vc_column_text]<strong>Vacuum Press Standard (VP-S-3714)<\/strong><\/p><ul>\r\n<li>25 m\u00b3\/h Rotary vane vacuum pump<\/li>\r\n<li style=\"text-align: left;\">Max. vacuum pressure up to 9 t\/m\u00b2<\/li>\r\n<li><span style=\"color: #000000;\">Vacuum\u00a0pressure switch for continuous or automatic pump mode<\/span><\/li>\r\n<li style=\"text-align: left;\">Membrane frame opens and closes manually<\/li>\r\n<li style=\"text-align: left;\">Vacuum pressure gauge<\/li>\r\n<li style=\"text-align: left;\">13mm HPL compact press board<\/li>\r\n<li>3m Cable with plug<\/li>\r\n<li>2 mm Natural rubber membrane<\/li>\r\n<li>Mounted on industrial wheels<\/li>\r\n<li style=\"text-align: left;\">Interior size 3760 x 1440 mm<\/li>\r\n<li>220 Volt, 1~, 50 Hz<\/li>\r\n<\/ul>\r\n<p>[\/vc_column_text][\/vc_column][vc_column][vc_empty_space height=\u00a0\u00bb50px\u00a0\u00bb][\/vc_column][\/vc_row]<\/p><\/div>","protected":false},"excerpt":{"rendered":"<p>[vc_row][vc_column][vc_empty_space height=\u00a0\u00bb30px\u00a0\u00bb][vc_column_text css=\u00a0\u00bb\u00a0\u00bb] Voici notre inventaire actuel. Si vous \u00eates int\u00e9ress\u00e9 par l&rsquo;une des machines, cliquez sur le lien de la machine pour obtenir plus d&rsquo;informations ou contactez-nous. Notre inventaire change constamment, les machines ci-dessous sont vendues selon le principe du premier arriv\u00e9, premier servi. Dans le lien suivant, vous pouvez voir plus de contenu&hellip;<\/p>\n","protected":false},"author":9,"featured_media":0,"parent":0,"menu_order":0,"comment_status":"closed","ping_status":"closed","template":"","meta":{"footnotes":""},"class_list":["post-14222","page","type-page","status-publish","hentry","description-off"],"yoast_head":"<!-- This site is optimized with the Yoast SEO plugin v23.8 - https:\/\/yoast.com\/wordpress\/plugins\/seo\/ -->\n<title>Machines en stock - Global Vacuum Presses<\/title>\n<meta name=\"description\" content=\"Vous trouverez ici notre stock actuel. Si vous \u00eates int\u00e9ress\u00e9 par l&#039;une de ces machines, cliquez sur le lien pour plus d&#039;informations ou contactez-nous. Notre inventaire est constamment mis \u00e0 jour.\" \/>\n<meta name=\"robots\" content=\"index, follow, max-snippet:-1, max-image-preview:large, max-video-preview:-1\" \/>\n<link rel=\"canonical\" href=\"https:\/\/globalvacuumpresses.com\/fr\/machines-stock\/\" \/>\n<meta property=\"og:locale\" content=\"fr_FR\" \/>\n<meta property=\"og:type\" content=\"article\" \/>\n<meta property=\"og:title\" content=\"Machines en stock - Global Vacuum Presses\" \/>\n<meta property=\"og:description\" content=\"Vous trouverez ici notre stock actuel. Si vous \u00eates int\u00e9ress\u00e9 par l&#039;une de ces machines, cliquez sur le lien pour plus d&#039;informations ou contactez-nous. Notre inventaire est constamment mis \u00e0 jour.\" \/>\n<meta property=\"og:url\" content=\"https:\/\/globalvacuumpresses.com\/fr\/machines-stock\/\" \/>\n<meta property=\"og:site_name\" content=\"Global Vacuum Presses\" \/>\n<meta property=\"article:publisher\" content=\"https:\/\/en-gb.facebook.com\/GlobalVacuumPresses\/\" \/>\n<meta property=\"article:modified_time\" content=\"2025-03-20T15:43:17+00:00\" \/>\n<meta property=\"og:image\" content=\"https:\/\/globalvacuumpresses.com\/wp-content\/uploads\/2021\/11\/Vacuum_presses_8bits.jpg\" \/>\n<meta name=\"twitter:card\" content=\"summary_large_image\" \/>\n<meta name=\"twitter:image\" content=\"https:\/\/globalvacuumpresses.com\/wp-content\/uploads\/2021\/11\/Vacuum_presses_8bits.jpg\" \/>\n<meta name=\"twitter:label1\" content=\"Dur\u00e9e de lecture estim\u00e9e\" \/>\n\t<meta name=\"twitter:data1\" content=\"2 minutes\" \/>\n<script type=\"application\/ld+json\" class=\"yoast-schema-graph\">{\"@context\":\"https:\/\/schema.org\",\"@graph\":[{\"@type\":\"WebPage\",\"@id\":\"https:\/\/globalvacuumpresses.com\/fr\/machines-stock\/\",\"url\":\"https:\/\/globalvacuumpresses.com\/fr\/machines-stock\/\",\"name\":\"Machines en stock - Global Vacuum Presses\",\"isPartOf\":{\"@id\":\"https:\/\/globalvacuumpresses.com\/#website\"},\"datePublished\":\"2020-03-18T11:43:33+00:00\",\"dateModified\":\"2025-03-20T15:43:17+00:00\",\"description\":\"Vous trouverez ici notre stock actuel. Si vous \u00eates int\u00e9ress\u00e9 par l'une de ces machines, cliquez sur le lien pour plus d'informations ou contactez-nous. Notre inventaire est constamment mis \u00e0 jour.\",\"breadcrumb\":{\"@id\":\"https:\/\/globalvacuumpresses.com\/fr\/machines-stock\/#breadcrumb\"},\"inLanguage\":\"fr-FR\",\"potentialAction\":[{\"@type\":\"ReadAction\",\"target\":[\"https:\/\/globalvacuumpresses.com\/fr\/machines-stock\/\"]}]},{\"@type\":\"BreadcrumbList\",\"@id\":\"https:\/\/globalvacuumpresses.com\/fr\/machines-stock\/#breadcrumb\",\"itemListElement\":[{\"@type\":\"ListItem\",\"position\":1,\"name\":\"Home\",\"item\":\"https:\/\/globalvacuumpresses.com\/fr\/\"},{\"@type\":\"ListItem\",\"position\":2,\"name\":\"Machines en stock\"}]},{\"@type\":\"WebSite\",\"@id\":\"https:\/\/globalvacuumpresses.com\/#website\",\"url\":\"https:\/\/globalvacuumpresses.com\/\",\"name\":\"Global Vacuum Presses\",\"description\":\"Leading-edge technology for vacuum presses, membrane presses, hot presses and preheating ovens\",\"publisher\":{\"@id\":\"https:\/\/globalvacuumpresses.com\/#organization\"},\"potentialAction\":[{\"@type\":\"SearchAction\",\"target\":{\"@type\":\"EntryPoint\",\"urlTemplate\":\"https:\/\/globalvacuumpresses.com\/?s={search_term_string}\"},\"query-input\":{\"@type\":\"PropertyValueSpecification\",\"valueRequired\":true,\"valueName\":\"search_term_string\"}}],\"inLanguage\":\"fr-FR\"},{\"@type\":\"Organization\",\"@id\":\"https:\/\/globalvacuumpresses.com\/#organization\",\"name\":\"Global Vacuum Presses\",\"url\":\"https:\/\/globalvacuumpresses.com\/\",\"logo\":{\"@type\":\"ImageObject\",\"inLanguage\":\"fr-FR\",\"@id\":\"https:\/\/globalvacuumpresses.com\/#\/schema\/logo\/image\/\",\"url\":\"https:\/\/globalvacuumpresses.com\/wp-content\/uploads\/2018\/06\/global_vacuum_presses-logo_retina.png\",\"contentUrl\":\"https:\/\/globalvacuumpresses.com\/wp-content\/uploads\/2018\/06\/global_vacuum_presses-logo_retina.png\",\"width\":520,\"height\":140,\"caption\":\"Global Vacuum Presses\"},\"image\":{\"@id\":\"https:\/\/globalvacuumpresses.com\/#\/schema\/logo\/image\/\"},\"sameAs\":[\"https:\/\/en-gb.facebook.com\/GlobalVacuumPresses\/\",\"https:\/\/www.instagram.com\/globalvacuumpresses\/?hl=es\",\"https:\/\/www.linkedin.com\/company\/global-vacuum-presses-nabuurs-developing-s-l--\",\"https:\/\/www.youtube.com\/user\/globalvacuumpresses\"]}]}<\/script>\n<!-- \/ Yoast SEO plugin. -->","yoast_head_json":{"title":"Machines en stock - Global Vacuum Presses","description":"Vous trouverez ici notre stock actuel. Si vous \u00eates int\u00e9ress\u00e9 par l'une de ces machines, cliquez sur le lien pour plus d'informations ou contactez-nous. Notre inventaire est constamment mis \u00e0 jour.","robots":{"index":"index","follow":"follow","max-snippet":"max-snippet:-1","max-image-preview":"max-image-preview:large","max-video-preview":"max-video-preview:-1"},"canonical":"https:\/\/globalvacuumpresses.com\/fr\/machines-stock\/","og_locale":"fr_FR","og_type":"article","og_title":"Machines en stock - Global Vacuum Presses","og_description":"Vous trouverez ici notre stock actuel. Si vous \u00eates int\u00e9ress\u00e9 par l'une de ces machines, cliquez sur le lien pour plus d'informations ou contactez-nous. Notre inventaire est constamment mis \u00e0 jour.","og_url":"https:\/\/globalvacuumpresses.com\/fr\/machines-stock\/","og_site_name":"Global Vacuum Presses","article_publisher":"https:\/\/en-gb.facebook.com\/GlobalVacuumPresses\/","article_modified_time":"2025-03-20T15:43:17+00:00","og_image":[{"url":"https:\/\/globalvacuumpresses.com\/wp-content\/uploads\/2021\/11\/Vacuum_presses_8bits.jpg"}],"twitter_card":"summary_large_image","twitter_image":"https:\/\/globalvacuumpresses.com\/wp-content\/uploads\/2021\/11\/Vacuum_presses_8bits.jpg","twitter_misc":{"Dur\u00e9e de lecture estim\u00e9e":"2 minutes"},"schema":{"@context":"https:\/\/schema.org","@graph":[{"@type":"WebPage","@id":"https:\/\/globalvacuumpresses.com\/fr\/machines-stock\/","url":"https:\/\/globalvacuumpresses.com\/fr\/machines-stock\/","name":"Machines en stock - Global Vacuum Presses","isPartOf":{"@id":"https:\/\/globalvacuumpresses.com\/#website"},"datePublished":"2020-03-18T11:43:33+00:00","dateModified":"2025-03-20T15:43:17+00:00","description":"Vous trouverez ici notre stock actuel. Si vous \u00eates int\u00e9ress\u00e9 par l'une de ces machines, cliquez sur le lien pour plus d'informations ou contactez-nous. Notre inventaire est constamment mis \u00e0 jour.","breadcrumb":{"@id":"https:\/\/globalvacuumpresses.com\/fr\/machines-stock\/#breadcrumb"},"inLanguage":"fr-FR","potentialAction":[{"@type":"ReadAction","target":["https:\/\/globalvacuumpresses.com\/fr\/machines-stock\/"]}]},{"@type":"BreadcrumbList","@id":"https:\/\/globalvacuumpresses.com\/fr\/machines-stock\/#breadcrumb","itemListElement":[{"@type":"ListItem","position":1,"name":"Home","item":"https:\/\/globalvacuumpresses.com\/fr\/"},{"@type":"ListItem","position":2,"name":"Machines en stock"}]},{"@type":"WebSite","@id":"https:\/\/globalvacuumpresses.com\/#website","url":"https:\/\/globalvacuumpresses.com\/","name":"Global Vacuum Presses","description":"Leading-edge technology for vacuum presses, membrane presses, hot presses and preheating ovens","publisher":{"@id":"https:\/\/globalvacuumpresses.com\/#organization"},"potentialAction":[{"@type":"SearchAction","target":{"@type":"EntryPoint","urlTemplate":"https:\/\/globalvacuumpresses.com\/?s={search_term_string}"},"query-input":{"@type":"PropertyValueSpecification","valueRequired":true,"valueName":"search_term_string"}}],"inLanguage":"fr-FR"},{"@type":"Organization","@id":"https:\/\/globalvacuumpresses.com\/#organization","name":"Global Vacuum Presses","url":"https:\/\/globalvacuumpresses.com\/","logo":{"@type":"ImageObject","inLanguage":"fr-FR","@id":"https:\/\/globalvacuumpresses.com\/#\/schema\/logo\/image\/","url":"https:\/\/globalvacuumpresses.com\/wp-content\/uploads\/2018\/06\/global_vacuum_presses-logo_retina.png","contentUrl":"https:\/\/globalvacuumpresses.com\/wp-content\/uploads\/2018\/06\/global_vacuum_presses-logo_retina.png","width":520,"height":140,"caption":"Global Vacuum Presses"},"image":{"@id":"https:\/\/globalvacuumpresses.com\/#\/schema\/logo\/image\/"},"sameAs":["https:\/\/en-gb.facebook.com\/GlobalVacuumPresses\/","https:\/\/www.instagram.com\/globalvacuumpresses\/?hl=es","https:\/\/www.linkedin.com\/company\/global-vacuum-presses-nabuurs-developing-s-l--","https:\/\/www.youtube.com\/user\/globalvacuumpresses"]}]}},"_links":{"self":[{"href":"https:\/\/globalvacuumpresses.com\/fr\/wp-json\/wp\/v2\/pages\/14222"}],"collection":[{"href":"https:\/\/globalvacuumpresses.com\/fr\/wp-json\/wp\/v2\/pages"}],"about":[{"href":"https:\/\/globalvacuumpresses.com\/fr\/wp-json\/wp\/v2\/types\/page"}],"author":[{"embeddable":true,"href":"https:\/\/globalvacuumpresses.com\/fr\/wp-json\/wp\/v2\/users\/9"}],"replies":[{"embeddable":true,"href":"https:\/\/globalvacuumpresses.com\/fr\/wp-json\/wp\/v2\/comments?post=14222"}],"version-history":[{"count":79,"href":"https:\/\/globalvacuumpresses.com\/fr\/wp-json\/wp\/v2\/pages\/14222\/revisions"}],"predecessor-version":[{"id":40738,"href":"https:\/\/globalvacuumpresses.com\/fr\/wp-json\/wp\/v2\/pages\/14222\/revisions\/40738"}],"wp:attachment":[{"href":"https:\/\/globalvacuumpresses.com\/fr\/wp-json\/wp\/v2\/media?parent=14222"}],"curies":[{"name":"wp","href":"https:\/\/api.w.org\/{rel}","templated":true}]}}