{"id":12718,"date":"2019-03-13T09:53:55","date_gmt":"2019-03-13T08:53:55","guid":{"rendered":"https:\/\/globalvacuumpresses.com\/produits\/sacs-pour-presse-a-vide\/"},"modified":"2021-11-12T12:23:09","modified_gmt":"2021-11-12T11:23:09","slug":"sacs-pour-presse-a-vide","status":"publish","type":"page","link":"https:\/\/globalvacuumpresses.com\/fr\/produits\/sacs-pour-presse-a-vide\/","title":{"rendered":"Sacs pour presse \u00e0 vide"},"content":{"rendered":"<div class=\"wpb-content-wrapper\"><p>[vc_row][vc_column][vc_empty_space height=\u00a0\u00bb50&Prime;][\/vc_column][\/vc_row][vc_row css=\u00a0\u00bb.vc_custom_1517507968565{padding-bottom: 70px !important;}\u00a0\u00bb][vc_column][vc_column_text]Global propose des sacs pour presse sous vide pour les applications de placage, de laminage et de cintrage. Les sacs sous vide sont disponibles en vinyle et polyur\u00e9thane robuste et peuvent \u00eatre achet\u00e9s comme syst\u00e8me de presse sous vide \u00e0 sac enti\u00e8rement \u00e9quip\u00e9 comprenant une pompe \u00e0 vide de haute qualit\u00e9 et des tuyaux \u00e0 vide. En outre, des sacs sous vide de limons d\u2019escaliers sp\u00e9ciaux et des dimensions personnalis\u00e9es sont disponibles. N\u2019h\u00e9sitez pas \u00e0 consulter nos produits ci-dessous pour obtenir de plus amples renseignements. De plus, nos sp\u00e9cialistes se feront un plaisir de vous fournir des conseils personnalis\u00e9s.[\/vc_column_text][\/vc_column][\/vc_row][vc_row equal_height=\u00a0\u00bbyes\u00a0\u00bb][vc_column width=\u00a0\u00bb1\/3&Prime;]<div class=\"aio-icon-component  vc_custom_1636716150989   style_2\"><a class=\"aio-icon-box-link\" href=\"https:\/\/globalvacuumpresses.com\/fr\/produits\/sacs-pour-presse-a-vide\/industrial\/\" title=\"Sacs \u00e0 vide Industrial\" ><div id=\"Info-box-wrap-9686\" class=\"aio-icon-box top-icon\" style=\"\"  ><div class=\"aio-icon-top\"><div class=\"ult-just-icon-wrapper  \"><div class=\"align-icon\" style=\"text-align:center;\">\n<div class=\"aio-icon-img \" style=\"font-size:250px;display:inline-block;\" >\n\t<img decoding=\"async\" class=\"img-icon\" alt=\"null\" src=\"https:\/\/globalvacuumpresses.com\/wp-content\/uploads\/2018\/06\/pu_vacuum_bag-menu.png\"\/>\n<\/div><\/div><\/div><\/div><div class=\"aio-icon-header\" ><h2 class=\"aio-icon-title ult-responsive\"  data-ultimate-target='#Info-box-wrap-9686 .aio-icon-title'  data-responsive-json-new='{\"font-size\":\"\",\"line-height\":\"\"}'  style=\"font-family:&#039;Open Sans Condensed&#039;;font-weight:700;\">Sacs \u00e0 vide<\/h2><\/div> <!-- header --><div class=\"aio-icon-description ult-responsive\"  data-ultimate-target='#Info-box-wrap-9686 .aio-icon-description'  data-responsive-json-new='{\"font-size\":\"\",\"line-height\":\"\"}'  style=\"\">Dimensions de sac: 1500 \/ 2100 \/ 2700 \/ 3300 \/ 3900 x 1600 mm<\/div> <!-- description --><\/div> <!-- aio-icon-box --><\/a><\/div> <!-- aio-icon-component -->[\/vc_column][vc_column width=\u00a0\u00bb1\/3&Prime;][\/vc_column][\/vc_row][vc_row][vc_column][vc_empty_space height=\u00a0\u00bb50&Prime;][\/vc_column][\/vc_row]<\/p>\n<\/div>","protected":false},"excerpt":{"rendered":"<p>[vc_row][vc_column][vc_empty_space height=\u00a0\u00bb50&Prime;][\/vc_column][\/vc_row][vc_row css=\u00a0\u00bb.vc_custom_1517507968565{padding-bottom: 70px !important;}\u00a0\u00bb][vc_column][vc_column_text]Global propose des sacs pour presse sous vide pour les applications de placage, de laminage et de cintrage. Les sacs sous vide sont disponibles en vinyle et polyur\u00e9thane robuste et peuvent \u00eatre achet\u00e9s comme syst\u00e8me de presse sous vide \u00e0 sac enti\u00e8rement \u00e9quip\u00e9 comprenant une pompe \u00e0 vide de haute qualit\u00e9&hellip;<\/p>\n","protected":false},"author":9,"featured_media":0,"parent":12136,"menu_order":0,"comment_status":"closed","ping_status":"closed","template":"","meta":{"footnotes":""},"class_list":["post-12718","page","type-page","status-publish","hentry","description-off"],"yoast_head":"<!-- This site is optimized with the Yoast SEO plugin v23.8 - https:\/\/yoast.com\/wordpress\/plugins\/seo\/ -->\n<title>Sacs pour presse \u00e0 vide - Global Vacuum Presses<\/title>\n<meta name=\"description\" content=\"Les sacs Global Vacuum Press sont offerts en vinyle et en polyur\u00e9thane industriel r\u00e9sistant, et sont con\u00e7us pour les applications de placage, de laminage et de pliage.\" \/>\n<meta name=\"robots\" content=\"index, follow, max-snippet:-1, max-image-preview:large, max-video-preview:-1\" \/>\n<link rel=\"canonical\" href=\"https:\/\/globalvacuumpresses.com\/fr\/produits\/sacs-pour-presse-a-vide\/\" \/>\n<meta property=\"og:locale\" content=\"fr_FR\" \/>\n<meta property=\"og:type\" content=\"article\" \/>\n<meta property=\"og:title\" content=\"Sacs pour presse \u00e0 vide - Global Vacuum Presses\" \/>\n<meta property=\"og:description\" content=\"Les sacs Global Vacuum Press sont offerts en vinyle et en polyur\u00e9thane industriel r\u00e9sistant, et sont con\u00e7us pour les applications de placage, de laminage et de pliage.\" \/>\n<meta property=\"og:url\" content=\"https:\/\/globalvacuumpresses.com\/fr\/produits\/sacs-pour-presse-a-vide\/\" \/>\n<meta property=\"og:site_name\" content=\"Global Vacuum Presses\" \/>\n<meta property=\"article:publisher\" content=\"https:\/\/en-gb.facebook.com\/GlobalVacuumPresses\/\" \/>\n<meta property=\"article:modified_time\" content=\"2021-11-12T11:23:09+00:00\" \/>\n<meta name=\"twitter:card\" content=\"summary_large_image\" \/>\n<meta name=\"twitter:label1\" content=\"Dur\u00e9e de lecture estim\u00e9e\" \/>\n\t<meta name=\"twitter:data1\" content=\"1 minute\" \/>\n<script type=\"application\/ld+json\" class=\"yoast-schema-graph\">{\"@context\":\"https:\/\/schema.org\",\"@graph\":[{\"@type\":\"WebPage\",\"@id\":\"https:\/\/globalvacuumpresses.com\/fr\/produits\/sacs-pour-presse-a-vide\/\",\"url\":\"https:\/\/globalvacuumpresses.com\/fr\/produits\/sacs-pour-presse-a-vide\/\",\"name\":\"Sacs pour presse \u00e0 vide - Global Vacuum Presses\",\"isPartOf\":{\"@id\":\"https:\/\/globalvacuumpresses.com\/#website\"},\"datePublished\":\"2019-03-13T08:53:55+00:00\",\"dateModified\":\"2021-11-12T11:23:09+00:00\",\"description\":\"Les sacs Global Vacuum Press sont offerts en vinyle et en polyur\u00e9thane industriel r\u00e9sistant, et sont con\u00e7us pour les applications de placage, de laminage et de pliage.\",\"breadcrumb\":{\"@id\":\"https:\/\/globalvacuumpresses.com\/fr\/produits\/sacs-pour-presse-a-vide\/#breadcrumb\"},\"inLanguage\":\"fr-FR\",\"potentialAction\":[{\"@type\":\"ReadAction\",\"target\":[\"https:\/\/globalvacuumpresses.com\/fr\/produits\/sacs-pour-presse-a-vide\/\"]}]},{\"@type\":\"BreadcrumbList\",\"@id\":\"https:\/\/globalvacuumpresses.com\/fr\/produits\/sacs-pour-presse-a-vide\/#breadcrumb\",\"itemListElement\":[{\"@type\":\"ListItem\",\"position\":1,\"name\":\"Home\",\"item\":\"https:\/\/globalvacuumpresses.com\/fr\/\"},{\"@type\":\"ListItem\",\"position\":2,\"name\":\"Produits\",\"item\":\"https:\/\/globalvacuumpresses.com\/fr\/produits\/\"},{\"@type\":\"ListItem\",\"position\":3,\"name\":\"Sacs pour presse \u00e0 vide\"}]},{\"@type\":\"WebSite\",\"@id\":\"https:\/\/globalvacuumpresses.com\/#website\",\"url\":\"https:\/\/globalvacuumpresses.com\/\",\"name\":\"Global Vacuum Presses\",\"description\":\"Leading-edge technology for vacuum presses, membrane presses, hot presses and preheating ovens\",\"publisher\":{\"@id\":\"https:\/\/globalvacuumpresses.com\/#organization\"},\"potentialAction\":[{\"@type\":\"SearchAction\",\"target\":{\"@type\":\"EntryPoint\",\"urlTemplate\":\"https:\/\/globalvacuumpresses.com\/?s={search_term_string}\"},\"query-input\":{\"@type\":\"PropertyValueSpecification\",\"valueRequired\":true,\"valueName\":\"search_term_string\"}}],\"inLanguage\":\"fr-FR\"},{\"@type\":\"Organization\",\"@id\":\"https:\/\/globalvacuumpresses.com\/#organization\",\"name\":\"Global Vacuum Presses\",\"url\":\"https:\/\/globalvacuumpresses.com\/\",\"logo\":{\"@type\":\"ImageObject\",\"inLanguage\":\"fr-FR\",\"@id\":\"https:\/\/globalvacuumpresses.com\/#\/schema\/logo\/image\/\",\"url\":\"https:\/\/globalvacuumpresses.com\/wp-content\/uploads\/2018\/06\/global_vacuum_presses-logo_retina.png\",\"contentUrl\":\"https:\/\/globalvacuumpresses.com\/wp-content\/uploads\/2018\/06\/global_vacuum_presses-logo_retina.png\",\"width\":520,\"height\":140,\"caption\":\"Global Vacuum Presses\"},\"image\":{\"@id\":\"https:\/\/globalvacuumpresses.com\/#\/schema\/logo\/image\/\"},\"sameAs\":[\"https:\/\/en-gb.facebook.com\/GlobalVacuumPresses\/\",\"https:\/\/www.instagram.com\/globalvacuumpresses\/?hl=es\",\"https:\/\/www.linkedin.com\/company\/global-vacuum-presses-nabuurs-developing-s-l--\",\"https:\/\/www.youtube.com\/user\/globalvacuumpresses\"]}]}<\/script>\n<!-- \/ Yoast SEO plugin. -->","yoast_head_json":{"title":"Sacs pour presse \u00e0 vide - Global Vacuum Presses","description":"Les sacs Global Vacuum Press sont offerts en vinyle et en polyur\u00e9thane industriel r\u00e9sistant, et sont con\u00e7us pour les applications de placage, de laminage et de pliage.","robots":{"index":"index","follow":"follow","max-snippet":"max-snippet:-1","max-image-preview":"max-image-preview:large","max-video-preview":"max-video-preview:-1"},"canonical":"https:\/\/globalvacuumpresses.com\/fr\/produits\/sacs-pour-presse-a-vide\/","og_locale":"fr_FR","og_type":"article","og_title":"Sacs pour presse \u00e0 vide - Global Vacuum Presses","og_description":"Les sacs Global Vacuum Press sont offerts en vinyle et en polyur\u00e9thane industriel r\u00e9sistant, et sont con\u00e7us pour les applications de placage, de laminage et de pliage.","og_url":"https:\/\/globalvacuumpresses.com\/fr\/produits\/sacs-pour-presse-a-vide\/","og_site_name":"Global Vacuum Presses","article_publisher":"https:\/\/en-gb.facebook.com\/GlobalVacuumPresses\/","article_modified_time":"2021-11-12T11:23:09+00:00","twitter_card":"summary_large_image","twitter_misc":{"Dur\u00e9e de lecture estim\u00e9e":"1 minute"},"schema":{"@context":"https:\/\/schema.org","@graph":[{"@type":"WebPage","@id":"https:\/\/globalvacuumpresses.com\/fr\/produits\/sacs-pour-presse-a-vide\/","url":"https:\/\/globalvacuumpresses.com\/fr\/produits\/sacs-pour-presse-a-vide\/","name":"Sacs pour presse \u00e0 vide - Global Vacuum Presses","isPartOf":{"@id":"https:\/\/globalvacuumpresses.com\/#website"},"datePublished":"2019-03-13T08:53:55+00:00","dateModified":"2021-11-12T11:23:09+00:00","description":"Les sacs Global Vacuum Press sont offerts en vinyle et en polyur\u00e9thane industriel r\u00e9sistant, et sont con\u00e7us pour les applications de placage, de laminage et de pliage.","breadcrumb":{"@id":"https:\/\/globalvacuumpresses.com\/fr\/produits\/sacs-pour-presse-a-vide\/#breadcrumb"},"inLanguage":"fr-FR","potentialAction":[{"@type":"ReadAction","target":["https:\/\/globalvacuumpresses.com\/fr\/produits\/sacs-pour-presse-a-vide\/"]}]},{"@type":"BreadcrumbList","@id":"https:\/\/globalvacuumpresses.com\/fr\/produits\/sacs-pour-presse-a-vide\/#breadcrumb","itemListElement":[{"@type":"ListItem","position":1,"name":"Home","item":"https:\/\/globalvacuumpresses.com\/fr\/"},{"@type":"ListItem","position":2,"name":"Produits","item":"https:\/\/globalvacuumpresses.com\/fr\/produits\/"},{"@type":"ListItem","position":3,"name":"Sacs pour presse \u00e0 vide"}]},{"@type":"WebSite","@id":"https:\/\/globalvacuumpresses.com\/#website","url":"https:\/\/globalvacuumpresses.com\/","name":"Global Vacuum Presses","description":"Leading-edge technology for vacuum presses, membrane presses, hot presses and preheating ovens","publisher":{"@id":"https:\/\/globalvacuumpresses.com\/#organization"},"potentialAction":[{"@type":"SearchAction","target":{"@type":"EntryPoint","urlTemplate":"https:\/\/globalvacuumpresses.com\/?s={search_term_string}"},"query-input":{"@type":"PropertyValueSpecification","valueRequired":true,"valueName":"search_term_string"}}],"inLanguage":"fr-FR"},{"@type":"Organization","@id":"https:\/\/globalvacuumpresses.com\/#organization","name":"Global Vacuum Presses","url":"https:\/\/globalvacuumpresses.com\/","logo":{"@type":"ImageObject","inLanguage":"fr-FR","@id":"https:\/\/globalvacuumpresses.com\/#\/schema\/logo\/image\/","url":"https:\/\/globalvacuumpresses.com\/wp-content\/uploads\/2018\/06\/global_vacuum_presses-logo_retina.png","contentUrl":"https:\/\/globalvacuumpresses.com\/wp-content\/uploads\/2018\/06\/global_vacuum_presses-logo_retina.png","width":520,"height":140,"caption":"Global Vacuum Presses"},"image":{"@id":"https:\/\/globalvacuumpresses.com\/#\/schema\/logo\/image\/"},"sameAs":["https:\/\/en-gb.facebook.com\/GlobalVacuumPresses\/","https:\/\/www.instagram.com\/globalvacuumpresses\/?hl=es","https:\/\/www.linkedin.com\/company\/global-vacuum-presses-nabuurs-developing-s-l--","https:\/\/www.youtube.com\/user\/globalvacuumpresses"]}]}},"_links":{"self":[{"href":"https:\/\/globalvacuumpresses.com\/fr\/wp-json\/wp\/v2\/pages\/12718"}],"collection":[{"href":"https:\/\/globalvacuumpresses.com\/fr\/wp-json\/wp\/v2\/pages"}],"about":[{"href":"https:\/\/globalvacuumpresses.com\/fr\/wp-json\/wp\/v2\/types\/page"}],"author":[{"embeddable":true,"href":"https:\/\/globalvacuumpresses.com\/fr\/wp-json\/wp\/v2\/users\/9"}],"replies":[{"embeddable":true,"href":"https:\/\/globalvacuumpresses.com\/fr\/wp-json\/wp\/v2\/comments?post=12718"}],"version-history":[{"count":8,"href":"https:\/\/globalvacuumpresses.com\/fr\/wp-json\/wp\/v2\/pages\/12718\/revisions"}],"predecessor-version":[{"id":14500,"href":"https:\/\/globalvacuumpresses.com\/fr\/wp-json\/wp\/v2\/pages\/12718\/revisions\/14500"}],"up":[{"embeddable":true,"href":"https:\/\/globalvacuumpresses.com\/fr\/wp-json\/wp\/v2\/pages\/12136"}],"wp:attachment":[{"href":"https:\/\/globalvacuumpresses.com\/fr\/wp-json\/wp\/v2\/media?parent=12718"}],"curies":[{"name":"wp","href":"https:\/\/api.w.org\/{rel}","templated":true}]}}