{"id":12713,"date":"2019-03-13T09:10:58","date_gmt":"2019-03-13T08:10:58","guid":{"rendered":"https:\/\/globalvacuumpresses.com\/produits\/pompes-a-vide\/"},"modified":"2024-03-04T17:17:07","modified_gmt":"2024-03-04T16:17:07","slug":"pompes-a-vide","status":"publish","type":"page","link":"https:\/\/globalvacuumpresses.com\/fr\/produits\/pompes-a-vide\/","title":{"rendered":"Pompes \u00e0 vide"},"content":{"rendered":"<div class=\"wpb-content-wrapper\"><p>[vc_row][vc_column][vc_empty_space height=\u00a0\u00bb50&Prime;][\/vc_column][\/vc_row][vc_row css=\u00a0\u00bb.vc_custom_1517507968565{padding-bottom: 70px !important;}\u00a0\u00bb][vc_column][vc_column_text]Global propose des syst\u00e8mes de pompe \u00e0 vide Becker de haute qualit\u00e9, mont\u00e9s sur un cadre de transport pratique ou sur un chariot industriel et munis d\u2019un vacuom\u00e8tre, de raccords rapides et d\u2019un filtre \u00e0 air pr\u00e9install\u00e9s. Les pompes \u00e0 vide \u00e0 palettes rotatives sont fiables et fonctionnent \u00e0 sec. Elles sont utilis\u00e9es dans les secteurs du travail du bois pour les applications de placage, de laminage et d\u2019autres applications industrielles. Les syst\u00e8mes de pompe \u00e0 vide sont offerts comme syst\u00e8mes autonomes et disponibles avec des raccords suppl\u00e9mentaires. N\u2019h\u00e9sitez pas \u00e0 consulter nos produits ci-dessous pour obtenir de plus amples renseignements. De plus, notre \u00e9quipe des ventes se fera un plaisir de vous fournir des conseils personnalis\u00e9s.[\/vc_column_text][\/vc_column][\/vc_row][vc_row equal_height=\u00a0\u00bbyes\u00a0\u00bb][vc_column width=\u00a0\u00bb1\/3&Prime;]<div class=\"aio-icon-component  vc_custom_1709569008720   style_2\"><a class=\"aio-icon-box-link\" href=\"https:\/\/globalvacuumpresses.com\/fr\/produits\/pompes-a-vide\/professional\/\" title=\"Pompe \u00e0 vide Professional\" ><div id=\"Info-box-wrap-1846\" class=\"aio-icon-box top-icon\" style=\"\"  ><div class=\"aio-icon-top\"><div class=\"ult-just-icon-wrapper  \"><div class=\"align-icon\" style=\"text-align:center;\">\n<div class=\"aio-icon-img \" style=\"font-size:255px;display:inline-block;\" >\n\t<img decoding=\"async\" class=\"img-icon\" alt=\"null\" src=\"https:\/\/globalvacuumpresses.com\/wp-content\/uploads\/2024\/03\/2024_VP-8_VP-16.png\"\/>\n<\/div><\/div><\/div><\/div><div class=\"aio-icon-header\" ><h2 class=\"aio-icon-title ult-responsive\"  data-ultimate-target='#Info-box-wrap-1846 .aio-icon-title'  data-responsive-json-new='{\"font-size\":\"\",\"line-height\":\"\"}'  style=\"font-family:&#039;Open Sans Condensed&#039;;font-weight:700;\">Pompe \u00e0 vide Professional<\/h2><\/div> <!-- header --><div class=\"aio-icon-description ult-responsive\"  data-ultimate-target='#Info-box-wrap-1846 .aio-icon-description'  data-responsive-json-new='{\"font-size\":\"\",\"line-height\":\"\"}'  style=\"\">Mont\u00e9 sur un cadre de transport pratique<\/div> <!-- description --><\/div> <!-- aio-icon-box --><\/a><\/div> <!-- aio-icon-component -->[\/vc_column][vc_column width=\u00a0\u00bb1\/3&Prime;]<div class=\"aio-icon-component  vc_custom_1709554213587   style_2\"><a class=\"aio-icon-box-link\" href=\"https:\/\/globalvacuumpresses.com\/fr\/produits\/pompes-a-vide\/industrial\/\" title=\"Pompe \u00e0 vide Industrial\" ><div id=\"Info-box-wrap-7783\" class=\"aio-icon-box top-icon\" style=\"\"  ><div class=\"aio-icon-top\"><div class=\"ult-just-icon-wrapper  \"><div class=\"align-icon\" style=\"text-align:center;\">\n<div class=\"aio-icon-img \" style=\"font-size:225px;display:inline-block;\" >\n\t<img decoding=\"async\" class=\"img-icon\" alt=\"null\" src=\"https:\/\/globalvacuumpresses.com\/wp-content\/uploads\/2024\/03\/2024_VP-200.png\"\/>\n<\/div><\/div><\/div><\/div><div class=\"aio-icon-header\" ><h2 class=\"aio-icon-title ult-responsive\"  data-ultimate-target='#Info-box-wrap-7783 .aio-icon-title'  data-responsive-json-new='{\"font-size\":\"\",\"line-height\":\"\"}'  style=\"font-family:&#039;Open Sans Condensed&#039;;font-weight:700;\">Pompe \u00e0 vide Industrial<\/h2><\/div> <!-- header --><div class=\"aio-icon-description ult-responsive\"  data-ultimate-target='#Info-box-wrap-7783 .aio-icon-description'  data-responsive-json-new='{\"font-size\":\"\",\"line-height\":\"\"}'  style=\"\">Syst\u00e8me de pompe \u00e0 vide Industrial<\/div> <!-- description --><\/div> <!-- aio-icon-box --><\/a><\/div> <!-- aio-icon-component -->[\/vc_column][vc_column width=\u00a0\u00bb1\/3&Prime;]<div class=\"aio-icon-component  vc_custom_1709569022031   style_2\"><a class=\"aio-icon-box-link\" href=\"https:\/\/globalvacuumpresses.com\/fr\/produits\/pompes-a-vide\/vpt\/\" title=\"Pompe \u00e0 vide (VPT)\" ><div id=\"Info-box-wrap-1264\" class=\"aio-icon-box top-icon\" style=\"\"  ><div class=\"aio-icon-top\"><div class=\"ult-just-icon-wrapper  \"><div class=\"align-icon\" style=\"text-align:center;\">\n<div class=\"aio-icon-img \" style=\"font-size:250px;display:inline-block;\" >\n\t<img decoding=\"async\" class=\"img-icon\" alt=\"null\" src=\"https:\/\/globalvacuumpresses.com\/wp-content\/uploads\/2024\/03\/2021_VPT-16.100-vacuum_pump_tank_press_system.png\"\/>\n<\/div><\/div><\/div><\/div><div class=\"aio-icon-header\" ><h2 class=\"aio-icon-title ult-responsive\"  data-ultimate-target='#Info-box-wrap-1264 .aio-icon-title'  data-responsive-json-new='{\"font-size\":\"\",\"line-height\":\"\"}'  style=\"font-family:&#039;Open Sans Condensed&#039;;font-weight:700;\">Pompe \u00e0 vide (VPT)<\/h2><\/div> <!-- header --><div class=\"aio-icon-description ult-responsive\"  data-ultimate-target='#Info-box-wrap-1264 .aio-icon-description'  data-responsive-json-new='{\"font-size\":\"\",\"line-height\":\"\"}'  style=\"\">Syst\u00e8me de pompe \u00e0 vide \u00e0 fonctionnement automatique<\/div> <!-- description --><\/div> <!-- aio-icon-box --><\/a><\/div> <!-- aio-icon-component -->[\/vc_column][\/vc_row][vc_row][vc_column][vc_empty_space height=\u00a0\u00bb50&Prime;][\/vc_column][\/vc_row]<\/p>\n<\/div>","protected":false},"excerpt":{"rendered":"<p>[vc_row][vc_column][vc_empty_space height=\u00a0\u00bb50&Prime;][\/vc_column][\/vc_row][vc_row css=\u00a0\u00bb.vc_custom_1517507968565{padding-bottom: 70px !important;}\u00a0\u00bb][vc_column][vc_column_text]Global propose des syst\u00e8mes de pompe \u00e0 vide Becker de haute qualit\u00e9, mont\u00e9s sur un cadre de transport pratique ou sur un chariot industriel et munis d\u2019un vacuom\u00e8tre, de raccords rapides et d\u2019un filtre \u00e0 air pr\u00e9install\u00e9s. Les pompes \u00e0 vide \u00e0 palettes rotatives sont fiables et fonctionnent \u00e0 sec. Elles&hellip;<\/p>\n","protected":false},"author":9,"featured_media":0,"parent":12136,"menu_order":0,"comment_status":"closed","ping_status":"closed","template":"","meta":{"footnotes":""},"class_list":["post-12713","page","type-page","status-publish","hentry","description-off"],"yoast_head":"<!-- This site is optimized with the Yoast SEO plugin v23.8 - https:\/\/yoast.com\/wordpress\/plugins\/seo\/ -->\n<title>Pompes \u00e0 vide - Global Vacuum Presses<\/title>\n<meta name=\"description\" content=\"Global utilise des pompes \u00e0 vide Becker de haute qualit\u00e9, ces pompes \u00e0 vide \u00e0 palettes rotatives fiables, fonctionnant \u00e0 sec, sont largement utilis\u00e9es dans l&#039;industrie du bois.\" \/>\n<meta name=\"robots\" content=\"index, follow, max-snippet:-1, max-image-preview:large, max-video-preview:-1\" \/>\n<link rel=\"canonical\" href=\"https:\/\/globalvacuumpresses.com\/fr\/produits\/pompes-a-vide\/\" \/>\n<meta property=\"og:locale\" content=\"fr_FR\" \/>\n<meta property=\"og:type\" content=\"article\" \/>\n<meta property=\"og:title\" content=\"Pompes \u00e0 vide - Global Vacuum Presses\" \/>\n<meta property=\"og:description\" content=\"Global utilise des pompes \u00e0 vide Becker de haute qualit\u00e9, ces pompes \u00e0 vide \u00e0 palettes rotatives fiables, fonctionnant \u00e0 sec, sont largement utilis\u00e9es dans l&#039;industrie du bois.\" \/>\n<meta property=\"og:url\" content=\"https:\/\/globalvacuumpresses.com\/fr\/produits\/pompes-a-vide\/\" \/>\n<meta property=\"og:site_name\" content=\"Global Vacuum Presses\" \/>\n<meta property=\"article:publisher\" content=\"https:\/\/en-gb.facebook.com\/GlobalVacuumPresses\/\" \/>\n<meta property=\"article:modified_time\" content=\"2024-03-04T16:17:07+00:00\" \/>\n<meta name=\"twitter:card\" content=\"summary_large_image\" \/>\n<meta name=\"twitter:label1\" content=\"Dur\u00e9e de lecture estim\u00e9e\" \/>\n\t<meta name=\"twitter:data1\" content=\"1 minute\" \/>\n<script type=\"application\/ld+json\" class=\"yoast-schema-graph\">{\"@context\":\"https:\/\/schema.org\",\"@graph\":[{\"@type\":\"WebPage\",\"@id\":\"https:\/\/globalvacuumpresses.com\/fr\/produits\/pompes-a-vide\/\",\"url\":\"https:\/\/globalvacuumpresses.com\/fr\/produits\/pompes-a-vide\/\",\"name\":\"Pompes \u00e0 vide - Global Vacuum Presses\",\"isPartOf\":{\"@id\":\"https:\/\/globalvacuumpresses.com\/#website\"},\"datePublished\":\"2019-03-13T08:10:58+00:00\",\"dateModified\":\"2024-03-04T16:17:07+00:00\",\"description\":\"Global utilise des pompes \u00e0 vide Becker de haute qualit\u00e9, ces pompes \u00e0 vide \u00e0 palettes rotatives fiables, fonctionnant \u00e0 sec, sont largement utilis\u00e9es dans l'industrie du bois.\",\"breadcrumb\":{\"@id\":\"https:\/\/globalvacuumpresses.com\/fr\/produits\/pompes-a-vide\/#breadcrumb\"},\"inLanguage\":\"fr-FR\",\"potentialAction\":[{\"@type\":\"ReadAction\",\"target\":[\"https:\/\/globalvacuumpresses.com\/fr\/produits\/pompes-a-vide\/\"]}]},{\"@type\":\"BreadcrumbList\",\"@id\":\"https:\/\/globalvacuumpresses.com\/fr\/produits\/pompes-a-vide\/#breadcrumb\",\"itemListElement\":[{\"@type\":\"ListItem\",\"position\":1,\"name\":\"Home\",\"item\":\"https:\/\/globalvacuumpresses.com\/fr\/\"},{\"@type\":\"ListItem\",\"position\":2,\"name\":\"Produits\",\"item\":\"https:\/\/globalvacuumpresses.com\/fr\/produits\/\"},{\"@type\":\"ListItem\",\"position\":3,\"name\":\"Pompes \u00e0 vide\"}]},{\"@type\":\"WebSite\",\"@id\":\"https:\/\/globalvacuumpresses.com\/#website\",\"url\":\"https:\/\/globalvacuumpresses.com\/\",\"name\":\"Global Vacuum Presses\",\"description\":\"Leading-edge technology for vacuum presses, membrane presses, hot presses and preheating ovens\",\"publisher\":{\"@id\":\"https:\/\/globalvacuumpresses.com\/#organization\"},\"potentialAction\":[{\"@type\":\"SearchAction\",\"target\":{\"@type\":\"EntryPoint\",\"urlTemplate\":\"https:\/\/globalvacuumpresses.com\/?s={search_term_string}\"},\"query-input\":{\"@type\":\"PropertyValueSpecification\",\"valueRequired\":true,\"valueName\":\"search_term_string\"}}],\"inLanguage\":\"fr-FR\"},{\"@type\":\"Organization\",\"@id\":\"https:\/\/globalvacuumpresses.com\/#organization\",\"name\":\"Global Vacuum Presses\",\"url\":\"https:\/\/globalvacuumpresses.com\/\",\"logo\":{\"@type\":\"ImageObject\",\"inLanguage\":\"fr-FR\",\"@id\":\"https:\/\/globalvacuumpresses.com\/#\/schema\/logo\/image\/\",\"url\":\"https:\/\/globalvacuumpresses.com\/wp-content\/uploads\/2018\/06\/global_vacuum_presses-logo_retina.png\",\"contentUrl\":\"https:\/\/globalvacuumpresses.com\/wp-content\/uploads\/2018\/06\/global_vacuum_presses-logo_retina.png\",\"width\":520,\"height\":140,\"caption\":\"Global Vacuum Presses\"},\"image\":{\"@id\":\"https:\/\/globalvacuumpresses.com\/#\/schema\/logo\/image\/\"},\"sameAs\":[\"https:\/\/en-gb.facebook.com\/GlobalVacuumPresses\/\",\"https:\/\/www.instagram.com\/globalvacuumpresses\/?hl=es\",\"https:\/\/www.linkedin.com\/company\/global-vacuum-presses-nabuurs-developing-s-l--\",\"https:\/\/www.youtube.com\/user\/globalvacuumpresses\"]}]}<\/script>\n<!-- \/ Yoast SEO plugin. -->","yoast_head_json":{"title":"Pompes \u00e0 vide - Global Vacuum Presses","description":"Global utilise des pompes \u00e0 vide Becker de haute qualit\u00e9, ces pompes \u00e0 vide \u00e0 palettes rotatives fiables, fonctionnant \u00e0 sec, sont largement utilis\u00e9es dans l'industrie du bois.","robots":{"index":"index","follow":"follow","max-snippet":"max-snippet:-1","max-image-preview":"max-image-preview:large","max-video-preview":"max-video-preview:-1"},"canonical":"https:\/\/globalvacuumpresses.com\/fr\/produits\/pompes-a-vide\/","og_locale":"fr_FR","og_type":"article","og_title":"Pompes \u00e0 vide - Global Vacuum Presses","og_description":"Global utilise des pompes \u00e0 vide Becker de haute qualit\u00e9, ces pompes \u00e0 vide \u00e0 palettes rotatives fiables, fonctionnant \u00e0 sec, sont largement utilis\u00e9es dans l'industrie du bois.","og_url":"https:\/\/globalvacuumpresses.com\/fr\/produits\/pompes-a-vide\/","og_site_name":"Global Vacuum Presses","article_publisher":"https:\/\/en-gb.facebook.com\/GlobalVacuumPresses\/","article_modified_time":"2024-03-04T16:17:07+00:00","twitter_card":"summary_large_image","twitter_misc":{"Dur\u00e9e de lecture estim\u00e9e":"1 minute"},"schema":{"@context":"https:\/\/schema.org","@graph":[{"@type":"WebPage","@id":"https:\/\/globalvacuumpresses.com\/fr\/produits\/pompes-a-vide\/","url":"https:\/\/globalvacuumpresses.com\/fr\/produits\/pompes-a-vide\/","name":"Pompes \u00e0 vide - Global Vacuum Presses","isPartOf":{"@id":"https:\/\/globalvacuumpresses.com\/#website"},"datePublished":"2019-03-13T08:10:58+00:00","dateModified":"2024-03-04T16:17:07+00:00","description":"Global utilise des pompes \u00e0 vide Becker de haute qualit\u00e9, ces pompes \u00e0 vide \u00e0 palettes rotatives fiables, fonctionnant \u00e0 sec, sont largement utilis\u00e9es dans l'industrie du bois.","breadcrumb":{"@id":"https:\/\/globalvacuumpresses.com\/fr\/produits\/pompes-a-vide\/#breadcrumb"},"inLanguage":"fr-FR","potentialAction":[{"@type":"ReadAction","target":["https:\/\/globalvacuumpresses.com\/fr\/produits\/pompes-a-vide\/"]}]},{"@type":"BreadcrumbList","@id":"https:\/\/globalvacuumpresses.com\/fr\/produits\/pompes-a-vide\/#breadcrumb","itemListElement":[{"@type":"ListItem","position":1,"name":"Home","item":"https:\/\/globalvacuumpresses.com\/fr\/"},{"@type":"ListItem","position":2,"name":"Produits","item":"https:\/\/globalvacuumpresses.com\/fr\/produits\/"},{"@type":"ListItem","position":3,"name":"Pompes \u00e0 vide"}]},{"@type":"WebSite","@id":"https:\/\/globalvacuumpresses.com\/#website","url":"https:\/\/globalvacuumpresses.com\/","name":"Global Vacuum Presses","description":"Leading-edge technology for vacuum presses, membrane presses, hot presses and preheating ovens","publisher":{"@id":"https:\/\/globalvacuumpresses.com\/#organization"},"potentialAction":[{"@type":"SearchAction","target":{"@type":"EntryPoint","urlTemplate":"https:\/\/globalvacuumpresses.com\/?s={search_term_string}"},"query-input":{"@type":"PropertyValueSpecification","valueRequired":true,"valueName":"search_term_string"}}],"inLanguage":"fr-FR"},{"@type":"Organization","@id":"https:\/\/globalvacuumpresses.com\/#organization","name":"Global Vacuum Presses","url":"https:\/\/globalvacuumpresses.com\/","logo":{"@type":"ImageObject","inLanguage":"fr-FR","@id":"https:\/\/globalvacuumpresses.com\/#\/schema\/logo\/image\/","url":"https:\/\/globalvacuumpresses.com\/wp-content\/uploads\/2018\/06\/global_vacuum_presses-logo_retina.png","contentUrl":"https:\/\/globalvacuumpresses.com\/wp-content\/uploads\/2018\/06\/global_vacuum_presses-logo_retina.png","width":520,"height":140,"caption":"Global Vacuum Presses"},"image":{"@id":"https:\/\/globalvacuumpresses.com\/#\/schema\/logo\/image\/"},"sameAs":["https:\/\/en-gb.facebook.com\/GlobalVacuumPresses\/","https:\/\/www.instagram.com\/globalvacuumpresses\/?hl=es","https:\/\/www.linkedin.com\/company\/global-vacuum-presses-nabuurs-developing-s-l--","https:\/\/www.youtube.com\/user\/globalvacuumpresses"]}]}},"_links":{"self":[{"href":"https:\/\/globalvacuumpresses.com\/fr\/wp-json\/wp\/v2\/pages\/12713"}],"collection":[{"href":"https:\/\/globalvacuumpresses.com\/fr\/wp-json\/wp\/v2\/pages"}],"about":[{"href":"https:\/\/globalvacuumpresses.com\/fr\/wp-json\/wp\/v2\/types\/page"}],"author":[{"embeddable":true,"href":"https:\/\/globalvacuumpresses.com\/fr\/wp-json\/wp\/v2\/users\/9"}],"replies":[{"embeddable":true,"href":"https:\/\/globalvacuumpresses.com\/fr\/wp-json\/wp\/v2\/comments?post=12713"}],"version-history":[{"count":8,"href":"https:\/\/globalvacuumpresses.com\/fr\/wp-json\/wp\/v2\/pages\/12713\/revisions"}],"predecessor-version":[{"id":31236,"href":"https:\/\/globalvacuumpresses.com\/fr\/wp-json\/wp\/v2\/pages\/12713\/revisions\/31236"}],"up":[{"embeddable":true,"href":"https:\/\/globalvacuumpresses.com\/fr\/wp-json\/wp\/v2\/pages\/12136"}],"wp:attachment":[{"href":"https:\/\/globalvacuumpresses.com\/fr\/wp-json\/wp\/v2\/media?parent=12713"}],"curies":[{"name":"wp","href":"https:\/\/api.w.org\/{rel}","templated":true}]}}