{"id":12424,"date":"2019-03-04T17:08:34","date_gmt":"2019-03-04T16:08:34","guid":{"rendered":"https:\/\/globalvacuumpresses.com\/produits\/stations-de-thermoformage\/"},"modified":"2024-03-04T12:41:04","modified_gmt":"2024-03-04T11:41:04","slug":"stations-de-thermoformage-global-vacuum-presses","status":"publish","type":"page","link":"https:\/\/globalvacuumpresses.com\/fr\/produits\/stations-de-thermoformage-global-vacuum-presses\/","title":{"rendered":"Stations de thermoformage"},"content":{"rendered":"<div class=\"wpb-content-wrapper\"><p>[vc_row][vc_column][vc_empty_space height=\u00a0\u00bb50&Prime;][\/vc_column][\/vc_row][vc_row css=\u00a0\u00bb.vc_custom_1517507968565{padding-bottom: 70px !important;}\u00a0\u00bb][vc_column][vc_column_text]Global propose des stations de thermoformage pour les mat\u00e9riaux composites, de surface solide, en d\u00e9cor bois plastifi\u00e9 (PVC) 3D et thermoplastiques. Vous pouvez choisir un syst\u00e8me adapt\u00e9 \u00e0 votre application et aux propri\u00e9t\u00e9s de vos mat\u00e9riaux. Les stations de thermoformage sont divis\u00e9es en Presses Duo multifonctionnelles et en Presses de formage sous vide ax\u00e9es sur les applications de formage sous vide des plastiques et le laminage des d\u00e9cors bois plastifi\u00e9s (PVC) 3D. N\u2019h\u00e9sitez pas \u00e0 consulter nos produits ci-dessous pour obtenir de plus amples renseignements. De plus, notre \u00e9quipe des ventes se fera un plaisir de vous fournir des conseils personnalis\u00e9s.[\/vc_column_text][\/vc_column][\/vc_row][vc_row equal_height=\u00a0\u00bbyes\u00a0\u00bb][vc_column width=\u00a0\u00bb1\/3&Prime;]<div class=\"aio-icon-component  vc_custom_1709552281930   style_2\"><a class=\"aio-icon-box-link\" href=\"https:\/\/globalvacuumpresses.com\/fr\/produits\/stations-de-thermoformage-global-vacuum-presses\/duo-cross-flow\/\" title=\"Duo Cross-Flow\" ><div id=\"Info-box-wrap-5641\" class=\"aio-icon-box top-icon\" style=\"\"  ><div class=\"aio-icon-top\"><div class=\"ult-just-icon-wrapper  \"><div class=\"align-icon\" style=\"text-align:center;\">\n<div class=\"aio-icon-img \" style=\"font-size:240px;display:inline-block;\" >\n\t<img decoding=\"async\" class=\"img-icon\" alt=\"null\" src=\"https:\/\/globalvacuumpresses.com\/wp-content\/uploads\/2018\/06\/solid_surface-thermoforming_machine-duo_crossflow-menu.png\"\/>\n<\/div><\/div><\/div><\/div><div class=\"aio-icon-header\" ><h2 class=\"aio-icon-title ult-responsive\"  data-ultimate-target='#Info-box-wrap-5641 .aio-icon-title'  data-responsive-json-new='{\"font-size\":\"\",\"line-height\":\"\"}'  style=\"font-family:&#039;Open Sans Condensed&#039;;font-weight:700;\">Duo Cross-Flow<\/h2><\/div> <!-- header --><div class=\"aio-icon-description ult-responsive\"  data-ultimate-target='#Info-box-wrap-5641 .aio-icon-description'  data-responsive-json-new='{\"font-size\":\"\",\"line-height\":\"\"}'  style=\"\">Presse sous vide \u00e0 membrane avec four de pr\u00e9chauffage int\u00e9gr\u00e9<\/div> <!-- description --><\/div> <!-- aio-icon-box --><\/a><\/div> <!-- aio-icon-component -->[\/vc_column][vc_column width=\u00a0\u00bb1\/3&Prime;]<div class=\"aio-icon-component  vc_custom_1709552343128   style_2\"><a class=\"aio-icon-box-link\" href=\"https:\/\/globalvacuumpresses.com\/fr\/produits\/stations-de-thermoformage-global-vacuum-presses\/duo-professional\/\" title=\"Duo\u00a0professional\" ><div id=\"Info-box-wrap-9446\" class=\"aio-icon-box top-icon\" style=\"\"  ><div class=\"aio-icon-top\"><div class=\"ult-just-icon-wrapper  \"><div class=\"align-icon\" style=\"text-align:center;\">\n<div class=\"aio-icon-img \" style=\"font-size:250px;display:inline-block;\" >\n\t<img decoding=\"async\" class=\"img-icon\" alt=\"null\" src=\"https:\/\/globalvacuumpresses.com\/wp-content\/uploads\/2018\/06\/solid_surface-thermoforming_press_oven-duo_industrial-menu.png\"\/>\n<\/div><\/div><\/div><\/div><div class=\"aio-icon-header\" ><h2 class=\"aio-icon-title ult-responsive\"  data-ultimate-target='#Info-box-wrap-9446 .aio-icon-title'  data-responsive-json-new='{\"font-size\":\"\",\"line-height\":\"\"}'  style=\"font-family:&#039;Open Sans Condensed&#039;;font-weight:700;\">Duo Professionnelle<\/h2><\/div> <!-- header --><div class=\"aio-icon-description ult-responsive\"  data-ultimate-target='#Info-box-wrap-9446 .aio-icon-description'  data-responsive-json-new='{\"font-size\":\"\",\"line-height\":\"\"}'  style=\"\">Presse sous vide \u00e0 membrane avec four de pr\u00e9chauffage int\u00e9gr\u00e9<\/div> <!-- description --><\/div> <!-- aio-icon-box --><\/a><\/div> <!-- aio-icon-component -->[\/vc_column][vc_column width=\u00a0\u00bb1\/3&Prime;]<div class=\"aio-icon-component  vc_custom_1709552295416   style_2\"><a class=\"aio-icon-box-link\" href=\"https:\/\/globalvacuumpresses.com\/fr\/produits\/stations-de-thermoformage-global-vacuum-presses\/duo-industrial\/\" title=\"Global Duo Industrial\" ><div id=\"Info-box-wrap-6405\" class=\"aio-icon-box top-icon\" style=\"\"  ><div class=\"aio-icon-top\"><div class=\"ult-just-icon-wrapper  \"><div class=\"align-icon\" style=\"text-align:center;\">\n<div class=\"aio-icon-img \" style=\"font-size:250px;display:inline-block;\" >\n\t<img decoding=\"async\" class=\"img-icon\" alt=\"null\" src=\"https:\/\/globalvacuumpresses.com\/wp-content\/uploads\/2024\/03\/2022_TS-DI-3114_small.png\"\/>\n<\/div><\/div><\/div><\/div><div class=\"aio-icon-header\" ><h2 class=\"aio-icon-title ult-responsive\"  data-ultimate-target='#Info-box-wrap-6405 .aio-icon-title'  data-responsive-json-new='{\"font-size\":\"\",\"line-height\":\"\"}'  style=\"font-family:&#039;Open Sans Condensed&#039;;font-weight:700;\">Duo Industrielle<\/h2><\/div> <!-- header --><div class=\"aio-icon-description ult-responsive\"  data-ultimate-target='#Info-box-wrap-6405 .aio-icon-description'  data-responsive-json-new='{\"font-size\":\"\",\"line-height\":\"\"}'  style=\"\">Presse sous vide \u00e0 membrane avec four de pr\u00e9chauffage int\u00e9gr\u00e9<\/div> <!-- description --><\/div> <!-- aio-icon-box --><\/a><\/div> <!-- aio-icon-component -->[\/vc_column][\/vc_row][vc_row equal_height=\u00a0\u00bbyes\u00a0\u00bb][vc_column width=\u00a0\u00bb1\/3&Prime;]<div class=\"aio-icon-component  vc_custom_1709552458424   style_2\"><a class=\"aio-icon-box-link\" href=\"https:\/\/globalvacuumpresses.com\/fr\/produits\/stations-de-thermoformage-global-vacuum-presses\/plastic\/\" title=\"Presse \u00e0 vide Plastic\" ><div id=\"Info-box-wrap-1450\" class=\"aio-icon-box top-icon\" style=\"\"  ><div class=\"aio-icon-top\"><div class=\"ult-just-icon-wrapper  \"><div class=\"align-icon\" style=\"text-align:center;\">\n<div class=\"aio-icon-img \" style=\"font-size:165px;display:inline-block;\" >\n\t<img decoding=\"async\" class=\"img-icon\" alt=\"null\" src=\"https:\/\/globalvacuumpresses.com\/wp-content\/uploads\/2018\/06\/vacuum_forming_press-plastic-menu.png\"\/>\n<\/div><\/div><\/div><\/div><div class=\"aio-icon-header\" ><h2 class=\"aio-icon-title ult-responsive\"  data-ultimate-target='#Info-box-wrap-1450 .aio-icon-title'  data-responsive-json-new='{\"font-size\":\"\",\"line-height\":\"\"}'  style=\"font-family:&#039;Open Sans Condensed&#039;;font-weight:700;\">Presse \u00e0 vide Plastic<\/h2><\/div> <!-- header --><div class=\"aio-icon-description ult-responsive\"  data-ultimate-target='#Info-box-wrap-1450 .aio-icon-description'  data-responsive-json-new='{\"font-size\":\"\",\"line-height\":\"\"}'  style=\"\">Presse de formage sous vide pour thermoplastiques<\/div> <!-- description --><\/div> <!-- aio-icon-box --><\/a><\/div> <!-- aio-icon-component -->[\/vc_column][vc_column width=\u00a0\u00bb1\/3&Prime;]<div class=\"aio-icon-component  vc_custom_1709552398869   style_2\"><a class=\"aio-icon-box-link\" href=\"https:\/\/globalvacuumpresses.com\/fr\/produits\/stations-de-thermoformage-global-vacuum-presses\/thermofoil\/\" title=\"Presse \u00e0 vide Thermofoil\" ><div id=\"Info-box-wrap-2838\" class=\"aio-icon-box top-icon\" style=\"\"  ><div class=\"aio-icon-top\"><div class=\"ult-just-icon-wrapper  \"><div class=\"align-icon\" style=\"text-align:center;\">\n<div class=\"aio-icon-img \" style=\"font-size:235px;display:inline-block;\" >\n\t<img decoding=\"async\" class=\"img-icon\" alt=\"null\" src=\"https:\/\/globalvacuumpresses.com\/wp-content\/uploads\/2024\/03\/2024_TS-F_small.png\"\/>\n<\/div><\/div><\/div><\/div><div class=\"aio-icon-header\" ><h2 class=\"aio-icon-title ult-responsive\"  data-ultimate-target='#Info-box-wrap-2838 .aio-icon-title'  data-responsive-json-new='{\"font-size\":\"\",\"line-height\":\"\"}'  style=\"font-family:&#039;Open Sans Condensed&#039;;font-weight:700;\">Presse \u00e0 vide Thermofoil<\/h2><\/div> <!-- header --><div class=\"aio-icon-description ult-responsive\"  data-ultimate-target='#Info-box-wrap-2838 .aio-icon-description'  data-responsive-json-new='{\"font-size\":\"\",\"line-height\":\"\"}'  style=\"\">Presse de laminage de d\u00e9cor bois\u00a03D pour la production de portes, meubles, fa\u00e7ades,\u00a0etc.<\/div> <!-- description --><\/div> <!-- aio-icon-box --><\/a><\/div> <!-- aio-icon-component -->[\/vc_column][vc_column width=\u00a0\u00bb1\/3&Prime;][\/vc_column][\/vc_row][vc_row][vc_column][vc_empty_space height=\u00a0\u00bb50&Prime;][\/vc_column][\/vc_row]<\/p>\n<\/div>","protected":false},"excerpt":{"rendered":"<p>[vc_row][vc_column][vc_empty_space height=\u00a0\u00bb50&Prime;][\/vc_column][\/vc_row][vc_row css=\u00a0\u00bb.vc_custom_1517507968565{padding-bottom: 70px !important;}\u00a0\u00bb][vc_column][vc_column_text]Global propose des stations de thermoformage pour les mat\u00e9riaux composites, de surface solide, en d\u00e9cor bois plastifi\u00e9 (PVC) 3D et thermoplastiques. Vous pouvez choisir un syst\u00e8me adapt\u00e9 \u00e0 votre application et aux propri\u00e9t\u00e9s de vos mat\u00e9riaux. Les stations de thermoformage sont divis\u00e9es en Presses Duo multifonctionnelles et en Presses de formage&hellip;<\/p>\n","protected":false},"author":9,"featured_media":0,"parent":12136,"menu_order":0,"comment_status":"closed","ping_status":"closed","template":"","meta":{"footnotes":""},"class_list":["post-12424","page","type-page","status-publish","hentry","description-off"],"yoast_head":"<!-- This site is optimized with the Yoast SEO plugin v23.8 - https:\/\/yoast.com\/wordpress\/plugins\/seo\/ -->\n<title>Stations de thermoformage - Global Vacuum Presses<\/title>\n<meta name=\"description\" content=\"Global propose des stations de thermoformage Duo et des presses \u00e0 vide sp\u00e9cifiques \u00e0 certaines applications.\" \/>\n<meta name=\"robots\" content=\"index, follow, max-snippet:-1, max-image-preview:large, max-video-preview:-1\" \/>\n<link rel=\"canonical\" href=\"https:\/\/globalvacuumpresses.com\/fr\/produits\/stations-de-thermoformage-global-vacuum-presses\/\" \/>\n<meta property=\"og:locale\" content=\"fr_FR\" \/>\n<meta property=\"og:type\" content=\"article\" \/>\n<meta property=\"og:title\" content=\"Stations de thermoformage - Global Vacuum Presses\" \/>\n<meta property=\"og:description\" content=\"Global propose des stations de thermoformage Duo et des presses \u00e0 vide sp\u00e9cifiques \u00e0 certaines applications.\" \/>\n<meta property=\"og:url\" content=\"https:\/\/globalvacuumpresses.com\/fr\/produits\/stations-de-thermoformage-global-vacuum-presses\/\" \/>\n<meta property=\"og:site_name\" content=\"Global Vacuum Presses\" \/>\n<meta property=\"article:publisher\" content=\"https:\/\/en-gb.facebook.com\/GlobalVacuumPresses\/\" \/>\n<meta property=\"article:modified_time\" content=\"2024-03-04T11:41:04+00:00\" \/>\n<meta name=\"twitter:card\" content=\"summary_large_image\" \/>\n<meta name=\"twitter:label1\" content=\"Dur\u00e9e de lecture estim\u00e9e\" \/>\n\t<meta name=\"twitter:data1\" content=\"2 minutes\" \/>\n<script type=\"application\/ld+json\" class=\"yoast-schema-graph\">{\"@context\":\"https:\/\/schema.org\",\"@graph\":[{\"@type\":\"WebPage\",\"@id\":\"https:\/\/globalvacuumpresses.com\/fr\/produits\/stations-de-thermoformage-global-vacuum-presses\/\",\"url\":\"https:\/\/globalvacuumpresses.com\/fr\/produits\/stations-de-thermoformage-global-vacuum-presses\/\",\"name\":\"Stations de thermoformage - Global Vacuum Presses\",\"isPartOf\":{\"@id\":\"https:\/\/globalvacuumpresses.com\/#website\"},\"datePublished\":\"2019-03-04T16:08:34+00:00\",\"dateModified\":\"2024-03-04T11:41:04+00:00\",\"description\":\"Global propose des stations de thermoformage Duo et des presses \u00e0 vide sp\u00e9cifiques \u00e0 certaines applications.\",\"breadcrumb\":{\"@id\":\"https:\/\/globalvacuumpresses.com\/fr\/produits\/stations-de-thermoformage-global-vacuum-presses\/#breadcrumb\"},\"inLanguage\":\"fr-FR\",\"potentialAction\":[{\"@type\":\"ReadAction\",\"target\":[\"https:\/\/globalvacuumpresses.com\/fr\/produits\/stations-de-thermoformage-global-vacuum-presses\/\"]}]},{\"@type\":\"BreadcrumbList\",\"@id\":\"https:\/\/globalvacuumpresses.com\/fr\/produits\/stations-de-thermoformage-global-vacuum-presses\/#breadcrumb\",\"itemListElement\":[{\"@type\":\"ListItem\",\"position\":1,\"name\":\"Home\",\"item\":\"https:\/\/globalvacuumpresses.com\/fr\/\"},{\"@type\":\"ListItem\",\"position\":2,\"name\":\"Produits\",\"item\":\"https:\/\/globalvacuumpresses.com\/fr\/produits\/\"},{\"@type\":\"ListItem\",\"position\":3,\"name\":\"Stations de thermoformage\"}]},{\"@type\":\"WebSite\",\"@id\":\"https:\/\/globalvacuumpresses.com\/#website\",\"url\":\"https:\/\/globalvacuumpresses.com\/\",\"name\":\"Global Vacuum Presses\",\"description\":\"Leading-edge technology for vacuum presses, membrane presses, hot presses and preheating ovens\",\"publisher\":{\"@id\":\"https:\/\/globalvacuumpresses.com\/#organization\"},\"potentialAction\":[{\"@type\":\"SearchAction\",\"target\":{\"@type\":\"EntryPoint\",\"urlTemplate\":\"https:\/\/globalvacuumpresses.com\/?s={search_term_string}\"},\"query-input\":{\"@type\":\"PropertyValueSpecification\",\"valueRequired\":true,\"valueName\":\"search_term_string\"}}],\"inLanguage\":\"fr-FR\"},{\"@type\":\"Organization\",\"@id\":\"https:\/\/globalvacuumpresses.com\/#organization\",\"name\":\"Global Vacuum Presses\",\"url\":\"https:\/\/globalvacuumpresses.com\/\",\"logo\":{\"@type\":\"ImageObject\",\"inLanguage\":\"fr-FR\",\"@id\":\"https:\/\/globalvacuumpresses.com\/#\/schema\/logo\/image\/\",\"url\":\"https:\/\/globalvacuumpresses.com\/wp-content\/uploads\/2018\/06\/global_vacuum_presses-logo_retina.png\",\"contentUrl\":\"https:\/\/globalvacuumpresses.com\/wp-content\/uploads\/2018\/06\/global_vacuum_presses-logo_retina.png\",\"width\":520,\"height\":140,\"caption\":\"Global Vacuum Presses\"},\"image\":{\"@id\":\"https:\/\/globalvacuumpresses.com\/#\/schema\/logo\/image\/\"},\"sameAs\":[\"https:\/\/en-gb.facebook.com\/GlobalVacuumPresses\/\",\"https:\/\/www.instagram.com\/globalvacuumpresses\/?hl=es\",\"https:\/\/www.linkedin.com\/company\/global-vacuum-presses-nabuurs-developing-s-l--\",\"https:\/\/www.youtube.com\/user\/globalvacuumpresses\"]}]}<\/script>\n<!-- \/ Yoast SEO plugin. -->","yoast_head_json":{"title":"Stations de thermoformage - Global Vacuum Presses","description":"Global propose des stations de thermoformage Duo et des presses \u00e0 vide sp\u00e9cifiques \u00e0 certaines applications.","robots":{"index":"index","follow":"follow","max-snippet":"max-snippet:-1","max-image-preview":"max-image-preview:large","max-video-preview":"max-video-preview:-1"},"canonical":"https:\/\/globalvacuumpresses.com\/fr\/produits\/stations-de-thermoformage-global-vacuum-presses\/","og_locale":"fr_FR","og_type":"article","og_title":"Stations de thermoformage - Global Vacuum Presses","og_description":"Global propose des stations de thermoformage Duo et des presses \u00e0 vide sp\u00e9cifiques \u00e0 certaines applications.","og_url":"https:\/\/globalvacuumpresses.com\/fr\/produits\/stations-de-thermoformage-global-vacuum-presses\/","og_site_name":"Global Vacuum Presses","article_publisher":"https:\/\/en-gb.facebook.com\/GlobalVacuumPresses\/","article_modified_time":"2024-03-04T11:41:04+00:00","twitter_card":"summary_large_image","twitter_misc":{"Dur\u00e9e de lecture estim\u00e9e":"2 minutes"},"schema":{"@context":"https:\/\/schema.org","@graph":[{"@type":"WebPage","@id":"https:\/\/globalvacuumpresses.com\/fr\/produits\/stations-de-thermoformage-global-vacuum-presses\/","url":"https:\/\/globalvacuumpresses.com\/fr\/produits\/stations-de-thermoformage-global-vacuum-presses\/","name":"Stations de thermoformage - Global Vacuum Presses","isPartOf":{"@id":"https:\/\/globalvacuumpresses.com\/#website"},"datePublished":"2019-03-04T16:08:34+00:00","dateModified":"2024-03-04T11:41:04+00:00","description":"Global propose des stations de thermoformage Duo et des presses \u00e0 vide sp\u00e9cifiques \u00e0 certaines applications.","breadcrumb":{"@id":"https:\/\/globalvacuumpresses.com\/fr\/produits\/stations-de-thermoformage-global-vacuum-presses\/#breadcrumb"},"inLanguage":"fr-FR","potentialAction":[{"@type":"ReadAction","target":["https:\/\/globalvacuumpresses.com\/fr\/produits\/stations-de-thermoformage-global-vacuum-presses\/"]}]},{"@type":"BreadcrumbList","@id":"https:\/\/globalvacuumpresses.com\/fr\/produits\/stations-de-thermoformage-global-vacuum-presses\/#breadcrumb","itemListElement":[{"@type":"ListItem","position":1,"name":"Home","item":"https:\/\/globalvacuumpresses.com\/fr\/"},{"@type":"ListItem","position":2,"name":"Produits","item":"https:\/\/globalvacuumpresses.com\/fr\/produits\/"},{"@type":"ListItem","position":3,"name":"Stations de thermoformage"}]},{"@type":"WebSite","@id":"https:\/\/globalvacuumpresses.com\/#website","url":"https:\/\/globalvacuumpresses.com\/","name":"Global Vacuum Presses","description":"Leading-edge technology for vacuum presses, membrane presses, hot presses and preheating ovens","publisher":{"@id":"https:\/\/globalvacuumpresses.com\/#organization"},"potentialAction":[{"@type":"SearchAction","target":{"@type":"EntryPoint","urlTemplate":"https:\/\/globalvacuumpresses.com\/?s={search_term_string}"},"query-input":{"@type":"PropertyValueSpecification","valueRequired":true,"valueName":"search_term_string"}}],"inLanguage":"fr-FR"},{"@type":"Organization","@id":"https:\/\/globalvacuumpresses.com\/#organization","name":"Global Vacuum Presses","url":"https:\/\/globalvacuumpresses.com\/","logo":{"@type":"ImageObject","inLanguage":"fr-FR","@id":"https:\/\/globalvacuumpresses.com\/#\/schema\/logo\/image\/","url":"https:\/\/globalvacuumpresses.com\/wp-content\/uploads\/2018\/06\/global_vacuum_presses-logo_retina.png","contentUrl":"https:\/\/globalvacuumpresses.com\/wp-content\/uploads\/2018\/06\/global_vacuum_presses-logo_retina.png","width":520,"height":140,"caption":"Global Vacuum Presses"},"image":{"@id":"https:\/\/globalvacuumpresses.com\/#\/schema\/logo\/image\/"},"sameAs":["https:\/\/en-gb.facebook.com\/GlobalVacuumPresses\/","https:\/\/www.instagram.com\/globalvacuumpresses\/?hl=es","https:\/\/www.linkedin.com\/company\/global-vacuum-presses-nabuurs-developing-s-l--","https:\/\/www.youtube.com\/user\/globalvacuumpresses"]}]}},"_links":{"self":[{"href":"https:\/\/globalvacuumpresses.com\/fr\/wp-json\/wp\/v2\/pages\/12424"}],"collection":[{"href":"https:\/\/globalvacuumpresses.com\/fr\/wp-json\/wp\/v2\/pages"}],"about":[{"href":"https:\/\/globalvacuumpresses.com\/fr\/wp-json\/wp\/v2\/types\/page"}],"author":[{"embeddable":true,"href":"https:\/\/globalvacuumpresses.com\/fr\/wp-json\/wp\/v2\/users\/9"}],"replies":[{"embeddable":true,"href":"https:\/\/globalvacuumpresses.com\/fr\/wp-json\/wp\/v2\/comments?post=12424"}],"version-history":[{"count":18,"href":"https:\/\/globalvacuumpresses.com\/fr\/wp-json\/wp\/v2\/pages\/12424\/revisions"}],"predecessor-version":[{"id":31204,"href":"https:\/\/globalvacuumpresses.com\/fr\/wp-json\/wp\/v2\/pages\/12424\/revisions\/31204"}],"up":[{"embeddable":true,"href":"https:\/\/globalvacuumpresses.com\/fr\/wp-json\/wp\/v2\/pages\/12136"}],"wp:attachment":[{"href":"https:\/\/globalvacuumpresses.com\/fr\/wp-json\/wp\/v2\/media?parent=12424"}],"curies":[{"name":"wp","href":"https:\/\/api.w.org\/{rel}","templated":true}]}}