{"id":12419,"date":"2019-03-04T13:37:14","date_gmt":"2019-03-04T12:37:14","guid":{"rendered":"https:\/\/globalvacuumpresses.com\/produits\/fours-de-thermoformage\/"},"modified":"2023-12-14T11:38:57","modified_gmt":"2023-12-14T10:38:57","slug":"fours-de-thermoformage","status":"publish","type":"page","link":"https:\/\/globalvacuumpresses.com\/fr\/produits\/fours-de-thermoformage\/","title":{"rendered":"Fours de thermoformage"},"content":{"rendered":"<div class=\"wpb-content-wrapper\"><p>[vc_row][vc_column][vc_empty_space height=\u00a0\u00bb50&Prime;][\/vc_column][\/vc_row][vc_row css=\u00a0\u00bb.vc_custom_1517507968565{padding-bottom: 70px !important;}\u00a0\u00bb][vc_column][vc_column_text]Global propose des fours de thermoformthage pour les mat\u00e9riaux composites, de solide surface, thermoplastiques et du bois. Vous pouvez choisir un syst\u00e8me adapt\u00e9 \u00e0 votre application et aux propri\u00e9t\u00e9s de vos mat\u00e9riaux. Global propose des fours industriels \u00e0 air chaud, avec plaques \u00e9lectriques en aluminium et des fours \u00e0 plaques chauffantes. N\u2019h\u00e9sitez pas \u00e0 consulter notre gamme de fours de pr\u00e9chauffage ci-dessous pour obtenir de plus amples renseignements. De plus, notre \u00e9quipe des ventes se fera un plaisir de vous fournir des conseils personnalis\u00e9s.[\/vc_column_text][\/vc_column][\/vc_row][vc_row equal_height=\u00a0\u00bbyes\u00a0\u00bb][vc_column width=\u00a0\u00bb1\/3&Prime;]<div class=\"aio-icon-component  vc_custom_1651828657989   style_2\"><a class=\"aio-icon-box-link\" href=\"https:\/\/globalvacuumpresses.com\/fr\/produits\/fours-de-thermoformage\/benchtop\/\" title=\"Four de thermoformage Benchtop\" ><div id=\"Info-box-wrap-4823\" class=\"aio-icon-box top-icon\" style=\"\"  ><div class=\"aio-icon-top\"><div class=\"ult-just-icon-wrapper  \"><div class=\"align-icon\" style=\"text-align:center;\">\n<div class=\"aio-icon-img \" style=\"font-size:250px;display:inline-block;\" >\n\t<img decoding=\"async\" class=\"img-icon\" alt=\"null\" src=\"https:\/\/globalvacuumpresses.com\/wp-content\/uploads\/2018\/06\/thermoforming_ovens_benchtop-menu.png\"\/>\n<\/div><\/div><\/div><\/div><div class=\"aio-icon-header\" ><h2 class=\"aio-icon-title ult-responsive\"  data-ultimate-target='#Info-box-wrap-4823 .aio-icon-title'  data-responsive-json-new='{\"font-size\":\"\",\"line-height\":\"\"}'  style=\"font-family:&#039;Open Sans Condensed&#039;;font-weight:700;\">Compact<\/h2><\/div> <!-- header --><div class=\"aio-icon-description ult-responsive\"  data-ultimate-target='#Info-box-wrap-4823 .aio-icon-description'  data-responsive-json-new='{\"font-size\":\"\",\"line-height\":\"\"}'  style=\"\">Temp\u00e9rature de fonctionnement jusqu\u2019\u00e0 180\u00a0\u00b0C<\/div> <!-- description --><\/div> <!-- aio-icon-box --><\/a><\/div> <!-- aio-icon-component -->[\/vc_column][vc_column width=\u00a0\u00bb1\/3&Prime;]<div class=\"aio-icon-component  vc_custom_1702550245368   style_2\"><a class=\"aio-icon-box-link\" href=\"https:\/\/globalvacuumpresses.com\/fr\/produits\/fours-de-thermoformage\/professional\/\" title=\"Four de thermoformage Professional\" ><div id=\"Info-box-wrap-5211\" class=\"aio-icon-box top-icon\" style=\"\"  ><div class=\"aio-icon-top\"><div class=\"ult-just-icon-wrapper  \"><div class=\"align-icon\" style=\"text-align:center;\">\n<div class=\"aio-icon-img \" style=\"font-size:250px;display:inline-block;\" >\n\t<img decoding=\"async\" class=\"img-icon\" alt=\"null\" src=\"https:\/\/globalvacuumpresses.com\/wp-content\/uploads\/2018\/06\/heating_platen_professional-menu.png\"\/>\n<\/div><\/div><\/div><\/div><div class=\"aio-icon-header\" ><h2 class=\"aio-icon-title ult-responsive\"  data-ultimate-target='#Info-box-wrap-5211 .aio-icon-title'  data-responsive-json-new='{\"font-size\":\"\",\"line-height\":\"\"}'  style=\"font-family:&#039;Open Sans Condensed&#039;;font-weight:700;\">Professionnelle<\/h2><\/div> <!-- header --><div class=\"aio-icon-description ult-responsive\"  data-ultimate-target='#Info-box-wrap-5211 .aio-icon-description'  data-responsive-json-new='{\"font-size\":\"\",\"line-height\":\"\"}'  style=\"\">Temp\u00e9rature de fonctionnement jusqu\u2019\u00e0 180\u00a0\u00b0C<\/div> <!-- description --><\/div> <!-- aio-icon-box --><\/a><\/div> <!-- aio-icon-component -->[\/vc_column][vc_column width=\u00a0\u00bb1\/3&Prime;]<div class=\"aio-icon-component  vc_custom_1702550262672   style_2\"><a class=\"aio-icon-box-link\" href=\"https:\/\/globalvacuumpresses.com\/fr\/produits\/fours-de-thermoformage\/industrial\/\" title=\"Presse hydraulique Industrial\" ><div id=\"Info-box-wrap-6063\" class=\"aio-icon-box top-icon\" style=\"\"  ><div class=\"aio-icon-top\"><div class=\"ult-just-icon-wrapper  \"><div class=\"align-icon\" style=\"text-align:center;\">\n<div class=\"aio-icon-img \" style=\"font-size:250px;display:inline-block;\" >\n\t<img decoding=\"async\" class=\"img-icon\" alt=\"null\" src=\"https:\/\/globalvacuumpresses.com\/wp-content\/uploads\/2018\/06\/heating_platen_industrial-menu.png\"\/>\n<\/div><\/div><\/div><\/div><div class=\"aio-icon-header\" ><h2 class=\"aio-icon-title ult-responsive\"  data-ultimate-target='#Info-box-wrap-6063 .aio-icon-title'  data-responsive-json-new='{\"font-size\":\"\",\"line-height\":\"\"}'  style=\"font-family:&#039;Open Sans Condensed&#039;;font-weight:700;\">Industrielle<\/h2><\/div> <!-- header --><div class=\"aio-icon-description ult-responsive\"  data-ultimate-target='#Info-box-wrap-6063 .aio-icon-description'  data-responsive-json-new='{\"font-size\":\"\",\"line-height\":\"\"}'  style=\"\">Temp\u00e9rature de fonctionnement jusqu\u2019\u00e0 220 \u00b0C<\/div> <!-- description --><\/div> <!-- aio-icon-box --><\/a><\/div> <!-- aio-icon-component -->[\/vc_column][\/vc_row][vc_row equal_height=\u00a0\u00bbyes\u00a0\u00bb][vc_column width=\u00a0\u00bb1\/3&Prime;]<div class=\"aio-icon-component  vc_custom_1702550331692   style_2\"><a class=\"aio-icon-box-link\" href=\"https:\/\/globalvacuumpresses.com\/fr\/produits\/fours-de-thermoformage\/heating-bar\/\" title=\"Heating Bar\" ><div id=\"Info-box-wrap-4870\" class=\"aio-icon-box top-icon\" style=\"\"  ><div class=\"aio-icon-top\"><div class=\"ult-just-icon-wrapper  \"><div class=\"align-icon\" style=\"text-align:center;\">\n<div class=\"aio-icon-img \" style=\"font-size:250px;display:inline-block;\" >\n\t<img decoding=\"async\" class=\"img-icon\" alt=\"null\" src=\"https:\/\/globalvacuumpresses.com\/wp-content\/uploads\/2018\/06\/2017-electrical_heating_bars-menu.png\"\/>\n<\/div><\/div><\/div><\/div><div class=\"aio-icon-header\" ><h2 class=\"aio-icon-title ult-responsive\"  data-ultimate-target='#Info-box-wrap-4870 .aio-icon-title'  data-responsive-json-new='{\"font-size\":\"\",\"line-height\":\"\"}'  style=\"font-family:&#039;Open Sans Condensed&#039;;font-weight:700;\">Barre chauffante<\/h2><\/div> <!-- header --><div class=\"aio-icon-description ult-responsive\"  data-ultimate-target='#Info-box-wrap-4870 .aio-icon-description'  data-responsive-json-new='{\"font-size\":\"\",\"line-height\":\"\"}'  style=\"\"><\/p>\n<p style=\"text-align: left;\">Temp\u00e9rature de fonctionnement jusqu\u2019\u00e0 200\u00a0\u00b0C<\/p>\n<p><\/div> <!-- description --><\/div> <!-- aio-icon-box --><\/a><\/div> <!-- aio-icon-component -->[\/vc_column][vc_column width=\u00a0\u00bb1\/3&Prime;][\/vc_column][vc_column width=\u00a0\u00bb1\/3&Prime;][\/vc_column][\/vc_row][vc_row][vc_column][vc_empty_space height=\u00a0\u00bb50&Prime;][\/vc_column][\/vc_row]<\/p>\n<\/div>","protected":false},"excerpt":{"rendered":"<p>[vc_row][vc_column][vc_empty_space height=\u00a0\u00bb50&Prime;][\/vc_column][\/vc_row][vc_row css=\u00a0\u00bb.vc_custom_1517507968565{padding-bottom: 70px !important;}\u00a0\u00bb][vc_column][vc_column_text]Global propose des fours de thermoformthage pour les mat\u00e9riaux composites, de solide surface, thermoplastiques et du bois. Vous pouvez choisir un syst\u00e8me adapt\u00e9 \u00e0 votre application et aux propri\u00e9t\u00e9s de vos mat\u00e9riaux. Global propose des fours industriels \u00e0 air chaud, avec plaques \u00e9lectriques en aluminium et des fours \u00e0 plaques chauffantes.&hellip;<\/p>\n","protected":false},"author":9,"featured_media":0,"parent":12136,"menu_order":0,"comment_status":"closed","ping_status":"closed","template":"","meta":{"footnotes":""},"class_list":["post-12419","page","type-page","status-publish","hentry","description-off"],"yoast_head":"<!-- This site is optimized with the Yoast SEO plugin v23.8 - https:\/\/yoast.com\/wordpress\/plugins\/seo\/ -->\n<title>Fours de thermoformage - Global Vacuum Presses<\/title>\n<meta name=\"description\" content=\"Global offre une vari\u00e9t\u00e9 de fours de thermoformage pour les mat\u00e9riaux tels que les solides surfaces, les composites, les thermoplastiques et le bois.\" \/>\n<meta name=\"robots\" content=\"index, follow, max-snippet:-1, max-image-preview:large, max-video-preview:-1\" \/>\n<link rel=\"canonical\" href=\"https:\/\/globalvacuumpresses.com\/fr\/produits\/fours-de-thermoformage\/\" \/>\n<meta property=\"og:locale\" content=\"fr_FR\" \/>\n<meta property=\"og:type\" content=\"article\" \/>\n<meta property=\"og:title\" content=\"Fours de thermoformage - Global Vacuum Presses\" \/>\n<meta property=\"og:description\" content=\"Global offre une vari\u00e9t\u00e9 de fours de thermoformage pour les mat\u00e9riaux tels que les solides surfaces, les composites, les thermoplastiques et le bois.\" \/>\n<meta property=\"og:url\" content=\"https:\/\/globalvacuumpresses.com\/fr\/produits\/fours-de-thermoformage\/\" \/>\n<meta property=\"og:site_name\" content=\"Global Vacuum Presses\" \/>\n<meta property=\"article:publisher\" content=\"https:\/\/en-gb.facebook.com\/GlobalVacuumPresses\/\" \/>\n<meta property=\"article:modified_time\" content=\"2023-12-14T10:38:57+00:00\" \/>\n<meta name=\"twitter:card\" content=\"summary_large_image\" \/>\n<meta name=\"twitter:label1\" content=\"Dur\u00e9e de lecture estim\u00e9e\" \/>\n\t<meta name=\"twitter:data1\" content=\"1 minute\" \/>\n<script type=\"application\/ld+json\" class=\"yoast-schema-graph\">{\"@context\":\"https:\/\/schema.org\",\"@graph\":[{\"@type\":\"WebPage\",\"@id\":\"https:\/\/globalvacuumpresses.com\/fr\/produits\/fours-de-thermoformage\/\",\"url\":\"https:\/\/globalvacuumpresses.com\/fr\/produits\/fours-de-thermoformage\/\",\"name\":\"Fours de thermoformage - Global Vacuum Presses\",\"isPartOf\":{\"@id\":\"https:\/\/globalvacuumpresses.com\/#website\"},\"datePublished\":\"2019-03-04T12:37:14+00:00\",\"dateModified\":\"2023-12-14T10:38:57+00:00\",\"description\":\"Global offre une vari\u00e9t\u00e9 de fours de thermoformage pour les mat\u00e9riaux tels que les solides surfaces, les composites, les thermoplastiques et le bois.\",\"breadcrumb\":{\"@id\":\"https:\/\/globalvacuumpresses.com\/fr\/produits\/fours-de-thermoformage\/#breadcrumb\"},\"inLanguage\":\"fr-FR\",\"potentialAction\":[{\"@type\":\"ReadAction\",\"target\":[\"https:\/\/globalvacuumpresses.com\/fr\/produits\/fours-de-thermoformage\/\"]}]},{\"@type\":\"BreadcrumbList\",\"@id\":\"https:\/\/globalvacuumpresses.com\/fr\/produits\/fours-de-thermoformage\/#breadcrumb\",\"itemListElement\":[{\"@type\":\"ListItem\",\"position\":1,\"name\":\"Home\",\"item\":\"https:\/\/globalvacuumpresses.com\/fr\/\"},{\"@type\":\"ListItem\",\"position\":2,\"name\":\"Produits\",\"item\":\"https:\/\/globalvacuumpresses.com\/fr\/produits\/\"},{\"@type\":\"ListItem\",\"position\":3,\"name\":\"Fours de thermoformage\"}]},{\"@type\":\"WebSite\",\"@id\":\"https:\/\/globalvacuumpresses.com\/#website\",\"url\":\"https:\/\/globalvacuumpresses.com\/\",\"name\":\"Global Vacuum Presses\",\"description\":\"Leading-edge technology for vacuum presses, membrane presses, hot presses and preheating ovens\",\"publisher\":{\"@id\":\"https:\/\/globalvacuumpresses.com\/#organization\"},\"potentialAction\":[{\"@type\":\"SearchAction\",\"target\":{\"@type\":\"EntryPoint\",\"urlTemplate\":\"https:\/\/globalvacuumpresses.com\/?s={search_term_string}\"},\"query-input\":{\"@type\":\"PropertyValueSpecification\",\"valueRequired\":true,\"valueName\":\"search_term_string\"}}],\"inLanguage\":\"fr-FR\"},{\"@type\":\"Organization\",\"@id\":\"https:\/\/globalvacuumpresses.com\/#organization\",\"name\":\"Global Vacuum Presses\",\"url\":\"https:\/\/globalvacuumpresses.com\/\",\"logo\":{\"@type\":\"ImageObject\",\"inLanguage\":\"fr-FR\",\"@id\":\"https:\/\/globalvacuumpresses.com\/#\/schema\/logo\/image\/\",\"url\":\"https:\/\/globalvacuumpresses.com\/wp-content\/uploads\/2018\/06\/global_vacuum_presses-logo_retina.png\",\"contentUrl\":\"https:\/\/globalvacuumpresses.com\/wp-content\/uploads\/2018\/06\/global_vacuum_presses-logo_retina.png\",\"width\":520,\"height\":140,\"caption\":\"Global Vacuum Presses\"},\"image\":{\"@id\":\"https:\/\/globalvacuumpresses.com\/#\/schema\/logo\/image\/\"},\"sameAs\":[\"https:\/\/en-gb.facebook.com\/GlobalVacuumPresses\/\",\"https:\/\/www.instagram.com\/globalvacuumpresses\/?hl=es\",\"https:\/\/www.linkedin.com\/company\/global-vacuum-presses-nabuurs-developing-s-l--\",\"https:\/\/www.youtube.com\/user\/globalvacuumpresses\"]}]}<\/script>\n<!-- \/ Yoast SEO plugin. -->","yoast_head_json":{"title":"Fours de thermoformage - Global Vacuum Presses","description":"Global offre une vari\u00e9t\u00e9 de fours de thermoformage pour les mat\u00e9riaux tels que les solides surfaces, les composites, les thermoplastiques et le bois.","robots":{"index":"index","follow":"follow","max-snippet":"max-snippet:-1","max-image-preview":"max-image-preview:large","max-video-preview":"max-video-preview:-1"},"canonical":"https:\/\/globalvacuumpresses.com\/fr\/produits\/fours-de-thermoformage\/","og_locale":"fr_FR","og_type":"article","og_title":"Fours de thermoformage - Global Vacuum Presses","og_description":"Global offre une vari\u00e9t\u00e9 de fours de thermoformage pour les mat\u00e9riaux tels que les solides surfaces, les composites, les thermoplastiques et le bois.","og_url":"https:\/\/globalvacuumpresses.com\/fr\/produits\/fours-de-thermoformage\/","og_site_name":"Global Vacuum Presses","article_publisher":"https:\/\/en-gb.facebook.com\/GlobalVacuumPresses\/","article_modified_time":"2023-12-14T10:38:57+00:00","twitter_card":"summary_large_image","twitter_misc":{"Dur\u00e9e de lecture estim\u00e9e":"1 minute"},"schema":{"@context":"https:\/\/schema.org","@graph":[{"@type":"WebPage","@id":"https:\/\/globalvacuumpresses.com\/fr\/produits\/fours-de-thermoformage\/","url":"https:\/\/globalvacuumpresses.com\/fr\/produits\/fours-de-thermoformage\/","name":"Fours de thermoformage - Global Vacuum Presses","isPartOf":{"@id":"https:\/\/globalvacuumpresses.com\/#website"},"datePublished":"2019-03-04T12:37:14+00:00","dateModified":"2023-12-14T10:38:57+00:00","description":"Global offre une vari\u00e9t\u00e9 de fours de thermoformage pour les mat\u00e9riaux tels que les solides surfaces, les composites, les thermoplastiques et le bois.","breadcrumb":{"@id":"https:\/\/globalvacuumpresses.com\/fr\/produits\/fours-de-thermoformage\/#breadcrumb"},"inLanguage":"fr-FR","potentialAction":[{"@type":"ReadAction","target":["https:\/\/globalvacuumpresses.com\/fr\/produits\/fours-de-thermoformage\/"]}]},{"@type":"BreadcrumbList","@id":"https:\/\/globalvacuumpresses.com\/fr\/produits\/fours-de-thermoformage\/#breadcrumb","itemListElement":[{"@type":"ListItem","position":1,"name":"Home","item":"https:\/\/globalvacuumpresses.com\/fr\/"},{"@type":"ListItem","position":2,"name":"Produits","item":"https:\/\/globalvacuumpresses.com\/fr\/produits\/"},{"@type":"ListItem","position":3,"name":"Fours de thermoformage"}]},{"@type":"WebSite","@id":"https:\/\/globalvacuumpresses.com\/#website","url":"https:\/\/globalvacuumpresses.com\/","name":"Global Vacuum Presses","description":"Leading-edge technology for vacuum presses, membrane presses, hot presses and preheating ovens","publisher":{"@id":"https:\/\/globalvacuumpresses.com\/#organization"},"potentialAction":[{"@type":"SearchAction","target":{"@type":"EntryPoint","urlTemplate":"https:\/\/globalvacuumpresses.com\/?s={search_term_string}"},"query-input":{"@type":"PropertyValueSpecification","valueRequired":true,"valueName":"search_term_string"}}],"inLanguage":"fr-FR"},{"@type":"Organization","@id":"https:\/\/globalvacuumpresses.com\/#organization","name":"Global Vacuum Presses","url":"https:\/\/globalvacuumpresses.com\/","logo":{"@type":"ImageObject","inLanguage":"fr-FR","@id":"https:\/\/globalvacuumpresses.com\/#\/schema\/logo\/image\/","url":"https:\/\/globalvacuumpresses.com\/wp-content\/uploads\/2018\/06\/global_vacuum_presses-logo_retina.png","contentUrl":"https:\/\/globalvacuumpresses.com\/wp-content\/uploads\/2018\/06\/global_vacuum_presses-logo_retina.png","width":520,"height":140,"caption":"Global Vacuum Presses"},"image":{"@id":"https:\/\/globalvacuumpresses.com\/#\/schema\/logo\/image\/"},"sameAs":["https:\/\/en-gb.facebook.com\/GlobalVacuumPresses\/","https:\/\/www.instagram.com\/globalvacuumpresses\/?hl=es","https:\/\/www.linkedin.com\/company\/global-vacuum-presses-nabuurs-developing-s-l--","https:\/\/www.youtube.com\/user\/globalvacuumpresses"]}]}},"_links":{"self":[{"href":"https:\/\/globalvacuumpresses.com\/fr\/wp-json\/wp\/v2\/pages\/12419"}],"collection":[{"href":"https:\/\/globalvacuumpresses.com\/fr\/wp-json\/wp\/v2\/pages"}],"about":[{"href":"https:\/\/globalvacuumpresses.com\/fr\/wp-json\/wp\/v2\/types\/page"}],"author":[{"embeddable":true,"href":"https:\/\/globalvacuumpresses.com\/fr\/wp-json\/wp\/v2\/users\/9"}],"replies":[{"embeddable":true,"href":"https:\/\/globalvacuumpresses.com\/fr\/wp-json\/wp\/v2\/comments?post=12419"}],"version-history":[{"count":8,"href":"https:\/\/globalvacuumpresses.com\/fr\/wp-json\/wp\/v2\/pages\/12419\/revisions"}],"predecessor-version":[{"id":28855,"href":"https:\/\/globalvacuumpresses.com\/fr\/wp-json\/wp\/v2\/pages\/12419\/revisions\/28855"}],"up":[{"embeddable":true,"href":"https:\/\/globalvacuumpresses.com\/fr\/wp-json\/wp\/v2\/pages\/12136"}],"wp:attachment":[{"href":"https:\/\/globalvacuumpresses.com\/fr\/wp-json\/wp\/v2\/media?parent=12419"}],"curies":[{"name":"wp","href":"https:\/\/api.w.org\/{rel}","templated":true}]}}