{"id":12136,"date":"2019-02-25T12:01:36","date_gmt":"2019-02-25T11:01:36","guid":{"rendered":"https:\/\/globalvacuumpresses.com\/produits\/"},"modified":"2022-06-14T15:00:29","modified_gmt":"2022-06-14T14:00:29","slug":"produits","status":"publish","type":"page","link":"https:\/\/globalvacuumpresses.com\/fr\/produits\/","title":{"rendered":"Produits"},"content":{"rendered":"<div class=\"wpb-content-wrapper\"><p>[vc_row][vc_column width=\u00a0\u00bb1\/3&Prime;]\n<div id=\"interactive-banner-1-wrap-9455\" class=\"ult-banner-block ult-adjust-bottom-margin ult-bb-box  banner-style12 \"   style=\"\">\n\t<img decoding=\"async\" src=\"https:\/\/globalvacuumpresses.com\/wp-content\/uploads\/2018\/07\/Vacuum_membrane_presses.png\" alt=\"null\">\n\t<h3  data-ultimate-target='#interactive-banner-1-wrap-9455 .bb-top-title '  data-responsive-json-new='{\"font-size\":\"desktop:16px;\",\"line-height\":\"\"}'  class=\"title-center bb-top-title ult-responsive\" style=\"font-weight:bold;color:#1f365c;\">Presses \u00e0 vide<\/h3>\n\t<div class=\"mask opaque-background\" style=\"background:rgba(0,18,66,0.3);\">\n\t\t<div  data-ultimate-target='#interactive-banner-1-wrap-9455 .bb-description'  data-responsive-json-new='{\"font-size\":\"\",\"line-height\":\"\"}'  class=\"bb-description ult-responsive\" style=\"font-weight:normal;\"><\/div>\n\t<\/div><a class=\"bb-link\" href=\"https:\/\/globalvacuumpresses.com\/fr\/produits\/presses-a-vide\/\" ><\/a>\n<\/div>[\/vc_column][vc_column width=\u00a0\u00bb1\/3&Prime;]\n<div id=\"interactive-banner-1-wrap-1392\" class=\"ult-banner-block ult-adjust-bottom-margin ult-bb-box  banner-style12 \"   style=\"\">\n\t<img decoding=\"async\" src=\"https:\/\/globalvacuumpresses.com\/wp-content\/uploads\/2018\/07\/heated_vacuum_membrane_presses.png\" alt=\"null\">\n\t<h3  data-ultimate-target='#interactive-banner-1-wrap-1392 .bb-top-title '  data-responsive-json-new='{\"font-size\":\"desktop:16px;\",\"line-height\":\"\"}'  class=\"title-center bb-top-title ult-responsive\" style=\"font-weight:bold;color:#1f365c;\">Presses \u00e0 vide chauff\u00e9es<\/h3>\n\t<div class=\"mask opaque-background\" style=\"background:rgba(0,18,66,0.3);\">\n\t\t<div  data-ultimate-target='#interactive-banner-1-wrap-1392 .bb-description'  data-responsive-json-new='{\"font-size\":\"\",\"line-height\":\"\"}'  class=\"bb-description ult-responsive\" style=\"font-weight:normal;\"><\/div>\n\t<\/div><a class=\"bb-link\" href=\"https:\/\/globalvacuumpresses.com\/fr\/produits\/presses-a-vide-chauffees\/\" title=\"Presses \u00e0 vide chauff\u00e9es\" ><\/a>\n<\/div>[\/vc_column][vc_column width=\u00a0\u00bb1\/3&Prime;]\n<div id=\"interactive-banner-1-wrap-7894\" class=\"ult-banner-block ult-adjust-bottom-margin ult-bb-box  banner-style12 \"   style=\"\">\n\t<img decoding=\"async\" src=\"https:\/\/globalvacuumpresses.com\/wp-content\/uploads\/2018\/07\/industrial_hydraulic_press-menu.png\" alt=\"null\">\n\t<h3  data-ultimate-target='#interactive-banner-1-wrap-7894 .bb-top-title '  data-responsive-json-new='{\"font-size\":\"desktop:16px;\",\"line-height\":\"\"}'  class=\"title-center bb-top-title ult-responsive\" style=\"font-weight:bold;color:#1f365c;\">Presses hydrauliques<\/h3>\n\t<div class=\"mask opaque-background\" style=\"background:rgba(0,18,66,0.3);\">\n\t\t<div  data-ultimate-target='#interactive-banner-1-wrap-7894 .bb-description'  data-responsive-json-new='{\"font-size\":\"\",\"line-height\":\"\"}'  class=\"bb-description ult-responsive\" style=\"font-weight:normal;\"><\/div>\n\t<\/div><a class=\"bb-link\" href=\"https:\/\/globalvacuumpresses.com\/fr\/produits\/presses-hydrauliques\/\" title=\"Presses hydrauliques\" ><\/a>\n<\/div>[\/vc_column][\/vc_row][vc_row][vc_column width=\u00a0\u00bb1\/3&Prime;]\n<div id=\"interactive-banner-1-wrap-2298\" class=\"ult-banner-block ult-adjust-bottom-margin ult-bb-box  banner-style12 \"   style=\"\">\n\t<img decoding=\"async\" src=\"https:\/\/globalvacuumpresses.com\/wp-content\/uploads\/2018\/07\/solid_surface_ovens.png\" alt=\"null\">\n\t<h3  data-ultimate-target='#interactive-banner-1-wrap-2298 .bb-top-title '  data-responsive-json-new='{\"font-size\":\"desktop:16px;\",\"line-height\":\"\"}'  class=\"title-center bb-top-title ult-responsive\" style=\"font-weight:bold;color:#1f365c;\">Fours de thermoformage<\/h3>\n\t<div class=\"mask opaque-background\" style=\"background:rgba(0,18,66,0.3);\">\n\t\t<div  data-ultimate-target='#interactive-banner-1-wrap-2298 .bb-description'  data-responsive-json-new='{\"font-size\":\"\",\"line-height\":\"\"}'  class=\"bb-description ult-responsive\" style=\"font-weight:normal;\"><\/div>\n\t<\/div><a class=\"bb-link\" href=\"https:\/\/globalvacuumpresses.com\/fr\/produits\/fours-de-thermoformage\/\" title=\"Fours de thermoformage\" ><\/a>\n<\/div>[\/vc_column][vc_column width=\u00a0\u00bb1\/3&Prime;]\n<div id=\"interactive-banner-1-wrap-4253\" class=\"ult-banner-block ult-adjust-bottom-margin ult-bb-box  banner-style12 \"   style=\"\">\n\t<img decoding=\"async\" src=\"https:\/\/globalvacuumpresses.com\/wp-content\/uploads\/2018\/07\/thermoforming_vacuum_press_stations.png\" alt=\"null\">\n\t<h3  data-ultimate-target='#interactive-banner-1-wrap-4253 .bb-top-title '  data-responsive-json-new='{\"font-size\":\"desktop:16px;\",\"line-height\":\"\"}'  class=\"title-center bb-top-title ult-responsive\" style=\"font-weight:bold;color:#1f365c;\">Stations de thermoformage<\/h3>\n\t<div class=\"mask opaque-background\" style=\"background:rgba(0,18,66,0.3);\">\n\t\t<div  data-ultimate-target='#interactive-banner-1-wrap-4253 .bb-description'  data-responsive-json-new='{\"font-size\":\"\",\"line-height\":\"\"}'  class=\"bb-description ult-responsive\" style=\"font-weight:normal;\"><\/div>\n\t<\/div><a class=\"bb-link\" href=\"https:\/\/globalvacuumpresses.com\/fr\/produits\/stations-de-thermoformage\/\" title=\"Stations de thermoformage\" ><\/a>\n<\/div>[\/vc_column][vc_column width=\u00a0\u00bb1\/3&Prime;]\n<div id=\"interactive-banner-1-wrap-9856\" class=\"ult-banner-block ult-adjust-bottom-margin ult-bb-box  banner-style12 \"   style=\"\">\n\t<img decoding=\"async\" src=\"https:\/\/globalvacuumpresses.com\/wp-content\/uploads\/2018\/07\/vacuum_pumps.png\" alt=\"null\">\n\t<h3  data-ultimate-target='#interactive-banner-1-wrap-9856 .bb-top-title '  data-responsive-json-new='{\"font-size\":\"desktop:16px;\",\"line-height\":\"\"}'  class=\"title-center bb-top-title ult-responsive\" style=\"font-weight:bold;color:#1f365c;\">Pompes \u00e0 vide<\/h3>\n\t<div class=\"mask opaque-background\" style=\"background:rgba(0,18,66,0.3);\">\n\t\t<div  data-ultimate-target='#interactive-banner-1-wrap-9856 .bb-description'  data-responsive-json-new='{\"font-size\":\"\",\"line-height\":\"\"}'  class=\"bb-description ult-responsive\" style=\"font-weight:normal;\"><\/div>\n\t<\/div><a class=\"bb-link\" href=\"https:\/\/globalvacuumpresses.com\/fr\/produits\/pompes-a-vide\/\" title=\"Pompes \u00e0 vide\" ><\/a>\n<\/div>[\/vc_column][\/vc_row][vc_row][vc_column width=\u00a0\u00bb1\/3&Prime;]\n<div id=\"interactive-banner-1-wrap-7609\" class=\"ult-banner-block ult-adjust-bottom-margin ult-bb-box  banner-style12 \"   style=\"\">\n\t<img decoding=\"async\" src=\"https:\/\/globalvacuumpresses.com\/wp-content\/uploads\/2018\/07\/Vacuum_sheet_membranes.png\" alt=\"null\">\n\t<h3  data-ultimate-target='#interactive-banner-1-wrap-7609 .bb-top-title '  data-responsive-json-new='{\"font-size\":\"desktop:16px;\",\"line-height\":\"\"}'  class=\"title-center bb-top-title ult-responsive\" style=\"font-weight:bold;color:#1f365c;\">Membranes \u00e0 vide<\/h3>\n\t<div class=\"mask opaque-background\" style=\"background:rgba(0,18,66,0.3);\">\n\t\t<div  data-ultimate-target='#interactive-banner-1-wrap-7609 .bb-description'  data-responsive-json-new='{\"font-size\":\"\",\"line-height\":\"\"}'  class=\"bb-description ult-responsive\" style=\"font-weight:normal;\"><\/div>\n\t<\/div><a class=\"bb-link\" href=\"https:\/\/globalvacuumpresses.com\/fr\/produits\/membranes-a-vide\/\" title=\"Membranes \u00e0 vide\" ><\/a>\n<\/div>[\/vc_column][vc_column width=\u00a0\u00bb1\/3&Prime;]\n<div id=\"interactive-banner-1-wrap-2077\" class=\"ult-banner-block ult-adjust-bottom-margin ult-bb-box  banner-style12 \"   style=\"\">\n\t<img decoding=\"async\" src=\"https:\/\/globalvacuumpresses.com\/wp-content\/uploads\/2018\/07\/Vacuum_press_bags.png\" alt=\"null\">\n\t<h3  data-ultimate-target='#interactive-banner-1-wrap-2077 .bb-top-title '  data-responsive-json-new='{\"font-size\":\"desktop:16px;\",\"line-height\":\"\"}'  class=\"title-center bb-top-title ult-responsive\" style=\"font-weight:bold;color:#1f365c;\">Sacs de pressage \u00e0 vide<\/h3>\n\t<div class=\"mask opaque-background\" style=\"background:rgba(0,18,66,0.3);\">\n\t\t<div  data-ultimate-target='#interactive-banner-1-wrap-2077 .bb-description'  data-responsive-json-new='{\"font-size\":\"\",\"line-height\":\"\"}'  class=\"bb-description ult-responsive\" style=\"font-weight:normal;\"><\/div>\n\t<\/div><a class=\"bb-link\" href=\"https:\/\/globalvacuumpresses.com\/fr\/produits\/sacs-pour-presse-a-vide\/\" title=\"Sacs pour presse \u00e0 vide\" ><\/a>\n<\/div>[\/vc_column][vc_column width=\u00a0\u00bb1\/3&Prime;]\n<div id=\"interactive-banner-1-wrap-8917\" class=\"ult-banner-block ult-adjust-bottom-margin ult-bb-box  banner-style12 \"   style=\"\">\n\t<img decoding=\"async\" src=\"https:\/\/globalvacuumpresses.com\/wp-content\/uploads\/2018\/07\/customized_vacuum_presses.png\" alt=\"null\">\n\t<h3  data-ultimate-target='#interactive-banner-1-wrap-8917 .bb-top-title '  data-responsive-json-new='{\"font-size\":\"desktop:16px;\",\"line-height\":\"\"}'  class=\"title-center bb-top-title ult-responsive\" style=\"font-weight:bold;color:#1f365c;\">Solutions sp\u00e9cifiques au march\u00e9<\/h3>\n\t<div class=\"mask opaque-background\" style=\"background:rgba(0,18,66,0.3);\">\n\t\t<div  data-ultimate-target='#interactive-banner-1-wrap-8917 .bb-description'  data-responsive-json-new='{\"font-size\":\"\",\"line-height\":\"\"}'  class=\"bb-description ult-responsive\" style=\"font-weight:normal;\"><\/div>\n\t<\/div><a class=\"bb-link\" href=\"https:\/\/globalvacuumpresses.com\/fr\/applications\/solutions-specifiques-au-marche\/\" title=\"Solutions sp\u00e9cifiques au march\u00e9\" ><\/a>\n<\/div>[\/vc_column][\/vc_row]<\/p>\n<\/div>","protected":false},"excerpt":{"rendered":"<p>[vc_row][vc_column width=\u00a0\u00bb1\/3&Prime;][\/vc_column][vc_column width=\u00a0\u00bb1\/3&Prime;][\/vc_column][vc_column width=\u00a0\u00bb1\/3&Prime;][\/vc_column][\/vc_row][vc_row][vc_column width=\u00a0\u00bb1\/3&Prime;][\/vc_column][vc_column width=\u00a0\u00bb1\/3&Prime;][\/vc_column][vc_column width=\u00a0\u00bb1\/3&Prime;][\/vc_column][\/vc_row][vc_row][vc_column width=\u00a0\u00bb1\/3&Prime;][\/vc_column][vc_column width=\u00a0\u00bb1\/3&Prime;][\/vc_column][vc_column width=\u00a0\u00bb1\/3&Prime;][\/vc_column][\/vc_row]<\/p>\n","protected":false},"author":9,"featured_media":0,"parent":0,"menu_order":0,"comment_status":"closed","ping_status":"closed","template":"","meta":{"footnotes":""},"class_list":["post-12136","page","type-page","status-publish","hentry","description-off"],"yoast_head":"<!-- This site is optimized with the Yoast SEO plugin v23.8 - https:\/\/yoast.com\/wordpress\/plugins\/seo\/ -->\n<title>Produits - Global Vacuum Presses<\/title>\n<meta name=\"description\" content=\"Global Vacuum Presses offre une large gamme de presses \u00e0 vide, presses \u00e0 vide chauff\u00e9es, presses hydrauliques, fours de thermoformage, membranes \u00e0 vide et sacs de presse.\" \/>\n<meta name=\"robots\" content=\"index, follow, max-snippet:-1, max-image-preview:large, max-video-preview:-1\" \/>\n<link rel=\"canonical\" href=\"https:\/\/globalvacuumpresses.com\/fr\/produits\/\" \/>\n<meta property=\"og:locale\" content=\"fr_FR\" \/>\n<meta property=\"og:type\" content=\"article\" \/>\n<meta property=\"og:title\" content=\"Produits - Global Vacuum Presses\" \/>\n<meta property=\"og:description\" content=\"Global Vacuum Presses offre une large gamme de presses \u00e0 vide, presses \u00e0 vide chauff\u00e9es, presses hydrauliques, fours de thermoformage, membranes \u00e0 vide et sacs de presse.\" \/>\n<meta property=\"og:url\" content=\"https:\/\/globalvacuumpresses.com\/fr\/produits\/\" \/>\n<meta property=\"og:site_name\" content=\"Global Vacuum Presses\" \/>\n<meta property=\"article:publisher\" content=\"https:\/\/en-gb.facebook.com\/GlobalVacuumPresses\/\" \/>\n<meta property=\"article:modified_time\" content=\"2022-06-14T14:00:29+00:00\" \/>\n<meta name=\"twitter:card\" content=\"summary_large_image\" \/>\n<meta name=\"twitter:label1\" content=\"Dur\u00e9e de lecture estim\u00e9e\" \/>\n\t<meta name=\"twitter:data1\" content=\"1 minute\" \/>\n<script type=\"application\/ld+json\" class=\"yoast-schema-graph\">{\"@context\":\"https:\/\/schema.org\",\"@graph\":[{\"@type\":\"WebPage\",\"@id\":\"https:\/\/globalvacuumpresses.com\/fr\/produits\/\",\"url\":\"https:\/\/globalvacuumpresses.com\/fr\/produits\/\",\"name\":\"Produits - Global Vacuum Presses\",\"isPartOf\":{\"@id\":\"https:\/\/globalvacuumpresses.com\/#website\"},\"datePublished\":\"2019-02-25T11:01:36+00:00\",\"dateModified\":\"2022-06-14T14:00:29+00:00\",\"description\":\"Global Vacuum Presses offre une large gamme de presses \u00e0 vide, presses \u00e0 vide chauff\u00e9es, presses hydrauliques, fours de thermoformage, membranes \u00e0 vide et sacs de presse.\",\"breadcrumb\":{\"@id\":\"https:\/\/globalvacuumpresses.com\/fr\/produits\/#breadcrumb\"},\"inLanguage\":\"fr-FR\",\"potentialAction\":[{\"@type\":\"ReadAction\",\"target\":[\"https:\/\/globalvacuumpresses.com\/fr\/produits\/\"]}]},{\"@type\":\"BreadcrumbList\",\"@id\":\"https:\/\/globalvacuumpresses.com\/fr\/produits\/#breadcrumb\",\"itemListElement\":[{\"@type\":\"ListItem\",\"position\":1,\"name\":\"Home\",\"item\":\"https:\/\/globalvacuumpresses.com\/fr\/\"},{\"@type\":\"ListItem\",\"position\":2,\"name\":\"Produits\"}]},{\"@type\":\"WebSite\",\"@id\":\"https:\/\/globalvacuumpresses.com\/#website\",\"url\":\"https:\/\/globalvacuumpresses.com\/\",\"name\":\"Global Vacuum Presses\",\"description\":\"Leading-edge technology for vacuum presses, membrane presses, hot presses and preheating ovens\",\"publisher\":{\"@id\":\"https:\/\/globalvacuumpresses.com\/#organization\"},\"potentialAction\":[{\"@type\":\"SearchAction\",\"target\":{\"@type\":\"EntryPoint\",\"urlTemplate\":\"https:\/\/globalvacuumpresses.com\/?s={search_term_string}\"},\"query-input\":{\"@type\":\"PropertyValueSpecification\",\"valueRequired\":true,\"valueName\":\"search_term_string\"}}],\"inLanguage\":\"fr-FR\"},{\"@type\":\"Organization\",\"@id\":\"https:\/\/globalvacuumpresses.com\/#organization\",\"name\":\"Global Vacuum Presses\",\"url\":\"https:\/\/globalvacuumpresses.com\/\",\"logo\":{\"@type\":\"ImageObject\",\"inLanguage\":\"fr-FR\",\"@id\":\"https:\/\/globalvacuumpresses.com\/#\/schema\/logo\/image\/\",\"url\":\"https:\/\/globalvacuumpresses.com\/wp-content\/uploads\/2018\/06\/global_vacuum_presses-logo_retina.png\",\"contentUrl\":\"https:\/\/globalvacuumpresses.com\/wp-content\/uploads\/2018\/06\/global_vacuum_presses-logo_retina.png\",\"width\":520,\"height\":140,\"caption\":\"Global Vacuum Presses\"},\"image\":{\"@id\":\"https:\/\/globalvacuumpresses.com\/#\/schema\/logo\/image\/\"},\"sameAs\":[\"https:\/\/en-gb.facebook.com\/GlobalVacuumPresses\/\",\"https:\/\/www.instagram.com\/globalvacuumpresses\/?hl=es\",\"https:\/\/www.linkedin.com\/company\/global-vacuum-presses-nabuurs-developing-s-l--\",\"https:\/\/www.youtube.com\/user\/globalvacuumpresses\"]}]}<\/script>\n<!-- \/ Yoast SEO plugin. -->","yoast_head_json":{"title":"Produits - Global Vacuum Presses","description":"Global Vacuum Presses offre une large gamme de presses \u00e0 vide, presses \u00e0 vide chauff\u00e9es, presses hydrauliques, fours de thermoformage, membranes \u00e0 vide et sacs de presse.","robots":{"index":"index","follow":"follow","max-snippet":"max-snippet:-1","max-image-preview":"max-image-preview:large","max-video-preview":"max-video-preview:-1"},"canonical":"https:\/\/globalvacuumpresses.com\/fr\/produits\/","og_locale":"fr_FR","og_type":"article","og_title":"Produits - Global Vacuum Presses","og_description":"Global Vacuum Presses offre une large gamme de presses \u00e0 vide, presses \u00e0 vide chauff\u00e9es, presses hydrauliques, fours de thermoformage, membranes \u00e0 vide et sacs de presse.","og_url":"https:\/\/globalvacuumpresses.com\/fr\/produits\/","og_site_name":"Global Vacuum Presses","article_publisher":"https:\/\/en-gb.facebook.com\/GlobalVacuumPresses\/","article_modified_time":"2022-06-14T14:00:29+00:00","twitter_card":"summary_large_image","twitter_misc":{"Dur\u00e9e de lecture estim\u00e9e":"1 minute"},"schema":{"@context":"https:\/\/schema.org","@graph":[{"@type":"WebPage","@id":"https:\/\/globalvacuumpresses.com\/fr\/produits\/","url":"https:\/\/globalvacuumpresses.com\/fr\/produits\/","name":"Produits - Global Vacuum Presses","isPartOf":{"@id":"https:\/\/globalvacuumpresses.com\/#website"},"datePublished":"2019-02-25T11:01:36+00:00","dateModified":"2022-06-14T14:00:29+00:00","description":"Global Vacuum Presses offre une large gamme de presses \u00e0 vide, presses \u00e0 vide chauff\u00e9es, presses hydrauliques, fours de thermoformage, membranes \u00e0 vide et sacs de presse.","breadcrumb":{"@id":"https:\/\/globalvacuumpresses.com\/fr\/produits\/#breadcrumb"},"inLanguage":"fr-FR","potentialAction":[{"@type":"ReadAction","target":["https:\/\/globalvacuumpresses.com\/fr\/produits\/"]}]},{"@type":"BreadcrumbList","@id":"https:\/\/globalvacuumpresses.com\/fr\/produits\/#breadcrumb","itemListElement":[{"@type":"ListItem","position":1,"name":"Home","item":"https:\/\/globalvacuumpresses.com\/fr\/"},{"@type":"ListItem","position":2,"name":"Produits"}]},{"@type":"WebSite","@id":"https:\/\/globalvacuumpresses.com\/#website","url":"https:\/\/globalvacuumpresses.com\/","name":"Global Vacuum Presses","description":"Leading-edge technology for vacuum presses, membrane presses, hot presses and preheating ovens","publisher":{"@id":"https:\/\/globalvacuumpresses.com\/#organization"},"potentialAction":[{"@type":"SearchAction","target":{"@type":"EntryPoint","urlTemplate":"https:\/\/globalvacuumpresses.com\/?s={search_term_string}"},"query-input":{"@type":"PropertyValueSpecification","valueRequired":true,"valueName":"search_term_string"}}],"inLanguage":"fr-FR"},{"@type":"Organization","@id":"https:\/\/globalvacuumpresses.com\/#organization","name":"Global Vacuum Presses","url":"https:\/\/globalvacuumpresses.com\/","logo":{"@type":"ImageObject","inLanguage":"fr-FR","@id":"https:\/\/globalvacuumpresses.com\/#\/schema\/logo\/image\/","url":"https:\/\/globalvacuumpresses.com\/wp-content\/uploads\/2018\/06\/global_vacuum_presses-logo_retina.png","contentUrl":"https:\/\/globalvacuumpresses.com\/wp-content\/uploads\/2018\/06\/global_vacuum_presses-logo_retina.png","width":520,"height":140,"caption":"Global Vacuum Presses"},"image":{"@id":"https:\/\/globalvacuumpresses.com\/#\/schema\/logo\/image\/"},"sameAs":["https:\/\/en-gb.facebook.com\/GlobalVacuumPresses\/","https:\/\/www.instagram.com\/globalvacuumpresses\/?hl=es","https:\/\/www.linkedin.com\/company\/global-vacuum-presses-nabuurs-developing-s-l--","https:\/\/www.youtube.com\/user\/globalvacuumpresses"]}]}},"_links":{"self":[{"href":"https:\/\/globalvacuumpresses.com\/fr\/wp-json\/wp\/v2\/pages\/12136"}],"collection":[{"href":"https:\/\/globalvacuumpresses.com\/fr\/wp-json\/wp\/v2\/pages"}],"about":[{"href":"https:\/\/globalvacuumpresses.com\/fr\/wp-json\/wp\/v2\/types\/page"}],"author":[{"embeddable":true,"href":"https:\/\/globalvacuumpresses.com\/fr\/wp-json\/wp\/v2\/users\/9"}],"replies":[{"embeddable":true,"href":"https:\/\/globalvacuumpresses.com\/fr\/wp-json\/wp\/v2\/comments?post=12136"}],"version-history":[{"count":7,"href":"https:\/\/globalvacuumpresses.com\/fr\/wp-json\/wp\/v2\/pages\/12136\/revisions"}],"predecessor-version":[{"id":18042,"href":"https:\/\/globalvacuumpresses.com\/fr\/wp-json\/wp\/v2\/pages\/12136\/revisions\/18042"}],"wp:attachment":[{"href":"https:\/\/globalvacuumpresses.com\/fr\/wp-json\/wp\/v2\/media?parent=12136"}],"curies":[{"name":"wp","href":"https:\/\/api.w.org\/{rel}","templated":true}]}}