{"id":14218,"date":"2020-03-18T10:36:53","date_gmt":"2020-03-18T09:36:53","guid":{"rendered":"https:\/\/globalvacuumpresses.com\/maquinas-en-stock\/"},"modified":"2025-03-20T16:31:23","modified_gmt":"2025-03-20T15:31:23","slug":"maquinas-en-stock","status":"publish","type":"page","link":"https:\/\/globalvacuumpresses.com\/es\/maquinas-en-stock\/","title":{"rendered":"M\u00e1quinas en stock"},"content":{"rendered":"<div class=\"wpb-content-wrapper\"><p style=\"text-align: left;\"><em><strong>(Sr. number #1801009)<\/strong><\/em><\/p>\r\n<ul>\r\n<li>40 m\u00b3\/h Rotary vane vacuum pump<\/li>\r\n<li style=\"text-align: left;\">Max. vacuum pressure up to 9 t\/m\u00b2<\/li>\r\n<li style=\"text-align: left;\">Automatic or Continuous operating mode of the vacuum pump<\/li>\r\n<li>Rotary table with automatic geared rotation system<\/li>\r\n<li>Membrane frame opens and closes manually<\/li>\r\n<li style=\"text-align: left;\">Vacuum pressure display via analogue pressure gauge<\/li>\r\n<li style=\"text-align: left;\">Vacuum ball valve for manual control of air evacuation<\/li>\r\n<li style=\"text-align: left;\">18mm HPL compact press board<\/li>\r\n<li>2 mm Natural rubber membrane<\/li>\r\n<li style=\"text-align: left;\">2x Interior size 2050 x 1300 mm<\/li>\r\n<li>400 Volt, 3~, 50 Hz<\/li>\r\n<\/ul>\r\n<p>[\/vc_column_text][\/vc_column][vc_column][vc_empty_space height=\u00bb50px\u00bb][\/vc_column][\/vc_row][vc_row disable_element=\u00bbyes\u00bb][vc_column width=\u00bb1\/2&#8243;][vc_single_image image=\u00bb30554&#8243; img_size=\u00bblarge\u00bb][\/vc_column][vc_column width=\u00bb1\/2&#8243;][vc_column_text]<strong>Sprinter Standard (SP-S-3114)<\/strong><\/p>\r\n<ul>\r\n<li><span style=\"color: #000000; font-family: arial, sans-serif;\">25 m\u00b3\/h Rotary vane vacuum pump<\/span><\/li>\r\n<li><span style=\"color: #000000; font-family: arial, sans-serif;\">Max. vacuum pressure up to 9 t\/m\u00b2<\/span><\/li>\r\n<li><span style=\"color: #000000; font-family: arial, sans-serif;\">Vacuum\u00a0pressure switch for continuous or automatic pump mode<\/span><\/li>\r\n<li><span style=\"color: #000000; font-family: arial, sans-serif;\">Insulated heating hood, double wall design<\/span><\/li>\r\n<li><span style=\"color: #000000; font-family: arial, sans-serif;\">3 Durable tubular heating elements<\/span><\/li>\r\n<li><span style=\"color: #000000; font-family: arial, sans-serif;\">Max. heating temperature 80 \u00baC<br \/><\/span><\/li>\r\n<li><span style=\"color: #000000; font-family: arial, sans-serif;\">Digital temperature control unit<br \/><\/span><\/li>\r\n<li><span style=\"color: #000000; font-family: arial, sans-serif;\">Membrane frame opens and closes manually<\/span><\/li>\r\n<li><span style=\"color: #000000; font-family: arial, sans-serif;\">Vacuum pressure gauge<\/span><\/li>\r\n<li><span style=\"color: #000000; font-family: arial, sans-serif;\">13mm HPL compact press board<\/span><\/li>\r\n<li>2 mm Natural rubber membrane<\/li>\r\n<li>4 Adjustable anti-slip feets<\/li>\r\n<li>Interior size 3160 x 1440 mm<\/li>\r\n<li><span style=\"color: #000000; font-family: arial, sans-serif;\">400 Volt, 3~, 50 Hz<\/span><\/li>\r\n<\/ul>\r\n<p>[\/vc_column_text][\/vc_column][vc_column][vc_empty_space height=\u00bb50px\u00bb][\/vc_column][\/vc_row][vc_row][vc_column width=\u00bb1\/2&#8243;][vc_single_image image=\u00bb30439&#8243; img_size=\u00bblarge\u00bb][\/vc_column][vc_column width=\u00bb1\/2&#8243;][vc_column_text css=\u00bb\u00bb]<\/p>\r\n<p><strong>Prensa compacta al vac\u00edo (VP-C-1006)<\/strong><\/p>\r\n<ul>\r\n<li>Bomba de vac\u00edo de paletas rotativas de 8-16 m\u00b3\/h<\/li>\r\n<li>Presi\u00f3n de vac\u00edo m\u00e1xima de hasta 9 t\/m\u00b2<\/li>\r\n<li>Interruptor de presi\u00f3n de vac\u00edo para modo de bomba continuo o autom\u00e1tico<\/li>\r\n<li>El marco de membrana se abre y se cierra manualmente<\/li>\r\n<li>Man\u00f3metro de vac\u00edo<\/li>\r\n<li>Tablero de prensa compacto HPL de 13 mm<\/li>\r\n<li>Membrana de caucho natural de 2 mm o membrana de silicona<\/li>\r\n<li>Cuadr\u00edcula de l\u00edneas para una evacuaci\u00f3n uniforme del aire<\/li>\r\n<li>Altura de trabajo: 75 mm<\/li>\r\n<li>Tama\u00f1o interior: 1020 x 620 mm<\/li>\r\n<li>220 voltios, 1~, 50 Hz<\/li>\r\n<\/ul>\r\n<p>[\/vc_column_text][\/vc_column][vc_column][vc_empty_space height=\u00bb50px\u00bb][\/vc_column][\/vc_row][vc_row disable_element=\u00bbyes\u00bb][vc_column width=\u00bb1\/2&#8243;][vc_single_image image=\u00bb24318&#8243; img_size=\u00bblarge\u00bb][\/vc_column][vc_column width=\u00bb1\/2&#8243;][vc_column_text]<strong>Vacuum Press Standard (VP-S-3714)<\/strong><\/p><ul>\r\n<li>25 m\u00b3\/h Rotary vane vacuum pump<\/li>\r\n<li style=\"text-align: left;\">Max. vacuum pressure up to 9 t\/m\u00b2<\/li>\r\n<li><span style=\"color: #000000;\">Vacuum\u00a0pressure switch for continuous or automatic pump mode<\/span><\/li>\r\n<li style=\"text-align: left;\">Membrane frame opens and closes manually<\/li>\r\n<li style=\"text-align: left;\">Vacuum pressure gauge<\/li>\r\n<li style=\"text-align: left;\">13mm HPL compact press board<\/li>\r\n<li>3m Cable with plug<\/li>\r\n<li>2 mm Natural rubber membrane<\/li>\r\n<li>Mounted on industrial wheels<\/li>\r\n<li style=\"text-align: left;\">Interior size 3760 x 1440 mm<\/li>\r\n<li>220 Volt, 1~, 50 Hz<\/li>\r\n<\/ul>\r\n<p>[\/vc_column_text][\/vc_column][vc_column][vc_empty_space height=\u00bb50px\u00bb][\/vc_column][\/vc_row]<\/p>[\/vc_column_text][\/vc_column][\/vc_row][vc_row][vc_column][vc_empty_space height=\u00bb40px\u00bb][\/vc_column][\/vc_row][vc_row disable_element=\u00bbyes\u00bb][vc_column width=\u00bb1\/2&#8243;][vc_single_image image=\u00bb24036&#8243; img_size=\u00bblarge\u00bb][\/vc_column][vc_column width=\u00bb1\/2&#8243;][vc_column_text]<strong>Vacuum Press Turntable (VP-T-2013)<\/strong><\/p><p style=\"text-align: left;\"><em><strong>(Sr. number #1801009)<\/strong><\/em><\/p>\r\n<ul>\r\n<li>40 m\u00b3\/h Rotary vane vacuum pump<\/li>\r\n<li style=\"text-align: left;\">Max. vacuum pressure up to 9 t\/m\u00b2<\/li>\r\n<li style=\"text-align: left;\">Automatic or Continuous operating mode of the vacuum pump<\/li>\r\n<li>Rotary table with automatic geared rotation system<\/li>\r\n<li>Membrane frame opens and closes manually<\/li>\r\n<li style=\"text-align: left;\">Vacuum pressure display via analogue pressure gauge<\/li>\r\n<li style=\"text-align: left;\">Vacuum ball valve for manual control of air evacuation<\/li>\r\n<li style=\"text-align: left;\">18mm HPL compact press board<\/li>\r\n<li>2 mm Natural rubber membrane<\/li>\r\n<li style=\"text-align: left;\">2x Interior size 2050 x 1300 mm<\/li>\r\n<li>400 Volt, 3~, 50 Hz<\/li>\r\n<\/ul>\r\n<p>[\/vc_column_text][\/vc_column][vc_column][vc_empty_space height=\u00bb50px\u00bb][\/vc_column][\/vc_row][vc_row disable_element=\u00bbyes\u00bb][vc_column width=\u00bb1\/2&#8243;][vc_single_image image=\u00bb30554&#8243; img_size=\u00bblarge\u00bb][\/vc_column][vc_column width=\u00bb1\/2&#8243;][vc_column_text]<strong>Sprinter Standard (SP-S-3114)<\/strong><\/p>\r\n<ul>\r\n<li><span style=\"color: #000000; font-family: arial, sans-serif;\">25 m\u00b3\/h Rotary vane vacuum pump<\/span><\/li>\r\n<li><span style=\"color: #000000; font-family: arial, sans-serif;\">Max. vacuum pressure up to 9 t\/m\u00b2<\/span><\/li>\r\n<li><span style=\"color: #000000; font-family: arial, sans-serif;\">Vacuum\u00a0pressure switch for continuous or automatic pump mode<\/span><\/li>\r\n<li><span style=\"color: #000000; font-family: arial, sans-serif;\">Insulated heating hood, double wall design<\/span><\/li>\r\n<li><span style=\"color: #000000; font-family: arial, sans-serif;\">3 Durable tubular heating elements<\/span><\/li>\r\n<li><span style=\"color: #000000; font-family: arial, sans-serif;\">Max. heating temperature 80 \u00baC<br \/><\/span><\/li>\r\n<li><span style=\"color: #000000; font-family: arial, sans-serif;\">Digital temperature control unit<br \/><\/span><\/li>\r\n<li><span style=\"color: #000000; font-family: arial, sans-serif;\">Membrane frame opens and closes manually<\/span><\/li>\r\n<li><span style=\"color: #000000; font-family: arial, sans-serif;\">Vacuum pressure gauge<\/span><\/li>\r\n<li><span style=\"color: #000000; font-family: arial, sans-serif;\">13mm HPL compact press board<\/span><\/li>\r\n<li>2 mm Natural rubber membrane<\/li>\r\n<li>4 Adjustable anti-slip feets<\/li>\r\n<li>Interior size 3160 x 1440 mm<\/li>\r\n<li><span style=\"color: #000000; font-family: arial, sans-serif;\">400 Volt, 3~, 50 Hz<\/span><\/li>\r\n<\/ul>\r\n<p>[\/vc_column_text][\/vc_column][vc_column][vc_empty_space height=\u00bb50px\u00bb][\/vc_column][\/vc_row][vc_row][vc_column width=\u00bb1\/2&#8243;][vc_single_image image=\u00bb30439&#8243; img_size=\u00bblarge\u00bb][\/vc_column][vc_column width=\u00bb1\/2&#8243;][vc_column_text css=\u00bb\u00bb]<\/p>\r\n<p><strong>Prensa compacta al vac\u00edo (VP-C-1006)<\/strong><\/p>\r\n<ul>\r\n<li>Bomba de vac\u00edo de paletas rotativas de 8-16 m\u00b3\/h<\/li>\r\n<li>Presi\u00f3n de vac\u00edo m\u00e1xima de hasta 9 t\/m\u00b2<\/li>\r\n<li>Interruptor de presi\u00f3n de vac\u00edo para modo de bomba continuo o autom\u00e1tico<\/li>\r\n<li>El marco de membrana se abre y se cierra manualmente<\/li>\r\n<li>Man\u00f3metro de vac\u00edo<\/li>\r\n<li>Tablero de prensa compacto HPL de 13 mm<\/li>\r\n<li>Membrana de caucho natural de 2 mm o membrana de silicona<\/li>\r\n<li>Cuadr\u00edcula de l\u00edneas para una evacuaci\u00f3n uniforme del aire<\/li>\r\n<li>Altura de trabajo: 75 mm<\/li>\r\n<li>Tama\u00f1o interior: 1020 x 620 mm<\/li>\r\n<li>220 voltios, 1~, 50 Hz<\/li>\r\n<\/ul>\r\n<p>[\/vc_column_text][\/vc_column][vc_column][vc_empty_space height=\u00bb50px\u00bb][\/vc_column][\/vc_row][vc_row disable_element=\u00bbyes\u00bb][vc_column width=\u00bb1\/2&#8243;][vc_single_image image=\u00bb24318&#8243; img_size=\u00bblarge\u00bb][\/vc_column][vc_column width=\u00bb1\/2&#8243;][vc_column_text]<strong>Vacuum Press Standard (VP-S-3714)<\/strong><\/p>\r\n<!-- wp:table -->\r\n<ul>\r\n<li>25 m\u00b3\/h Rotary vane vacuum pump<\/li>\r\n<li style=\"text-align: left;\">Max. vacuum pressure up to 9 t\/m\u00b2<\/li>\r\n<li><span style=\"color: #000000;\">Vacuum\u00a0pressure switch for continuous or automatic pump mode<\/span><\/li>\r\n<li style=\"text-align: left;\">Membrane frame opens and closes manually<\/li>\r\n<li style=\"text-align: left;\">Vacuum pressure gauge<\/li>\r\n<li style=\"text-align: left;\">13mm HPL compact press board<\/li>\r\n<li>3m Cable with plug<\/li>\r\n<li>2 mm Natural rubber membrane<\/li>\r\n<li>Mounted on industrial wheels<\/li>\r\n<li style=\"text-align: left;\">Interior size 3760 x 1440 mm<\/li>\r\n<li>220 Volt, 1~, 50 Hz<\/li>\r\n<\/ul>\r\n<p>[\/vc_column_text][\/vc_column][vc_column][vc_empty_space height=\u00bb50px\u00bb][\/vc_column][\/vc_row]<\/p><p>[vc_row][vc_column][vc_empty_space height=\u00bb30px\u00bb][vc_column_text css=\u00bb\u00bb]<\/p>\r\n<p>Aqu\u00ed est\u00e1 nuestro inventario actual. Si est\u00e1 interesado en alguna de las m\u00e1quinas, haga clic en el enlace de la m\u00e1quina para ver m\u00e1s informaci\u00f3n o p\u00f3ngase en contacto con nosotros. Nuestro inventario cambia constantemente, las m\u00e1quinas que aparecen a continuaci\u00f3n se venden por orden de llegada.<\/p>\r\n<p>En el siguiente enlace puede ver m\u00e1s contenido sobre nuestras m\u00e1quinas de segunda mano: <em><strong><a href=\"https:\/\/www.interempresas.net\/Madera\/FeriaVirtual\/Clasificados-Nabuurs-Developing-S-L-128983.html\">Maquinas de segunda mano<\/a><\/strong><\/em><\/p>\r\n<p>&nbsp;<\/p>\r\n<p><a href=\"https:\/\/globalvacuumpresses.com\/contact\/\">Cont\u00e1ctenos<\/a><\/p>\r\n<p><\/div>","protected":false},"excerpt":{"rendered":"<p>(Sr. number #1801009) 40 m\u00b3\/h Rotary vane vacuum pump Max. vacuum pressure up to 9 t\/m\u00b2 Automatic or Continuous operating mode of the vacuum pump Rotary table with automatic geared rotation system Membrane frame opens and closes manually Vacuum pressure display via analogue pressure gauge Vacuum ball valve for manual control of air evacuation 18mm&hellip;<\/p>\n","protected":false},"author":9,"featured_media":0,"parent":0,"menu_order":0,"comment_status":"closed","ping_status":"closed","template":"","meta":{"footnotes":""},"class_list":["post-14218","page","type-page","status-publish","hentry","description-off"],"yoast_head":"<!-- This site is optimized with the Yoast SEO plugin v23.8 - https:\/\/yoast.com\/wordpress\/plugins\/seo\/ -->\n<title>Maquinas en stock - Global Vacuum Presses<\/title>\n<meta name=\"description\" content=\"Aqu\u00ed podran encontrar nuestro stock actual. Si usted est\u00e1 interesado en cualquiera de las m\u00e1quinas haga clic en el enlace para ver m\u00e1s informaci\u00f3n o p\u00f3ngase en contacto con nosotros. Nuestro inventario est\u00e1 en constante actualizaci\u00f3n.\" \/>\n<meta name=\"robots\" content=\"index, follow, max-snippet:-1, max-image-preview:large, max-video-preview:-1\" \/>\n<link rel=\"canonical\" href=\"https:\/\/globalvacuumpresses.com\/es\/maquinas-en-stock\/\" \/>\n<meta property=\"og:locale\" content=\"es_ES\" \/>\n<meta property=\"og:type\" content=\"article\" \/>\n<meta property=\"og:title\" content=\"Maquinas en stock - Global Vacuum Presses\" \/>\n<meta property=\"og:description\" content=\"Aqu\u00ed podran encontrar nuestro stock actual. Si usted est\u00e1 interesado en cualquiera de las m\u00e1quinas haga clic en el enlace para ver m\u00e1s informaci\u00f3n o p\u00f3ngase en contacto con nosotros. Nuestro inventario est\u00e1 en constante actualizaci\u00f3n.\" \/>\n<meta property=\"og:url\" content=\"https:\/\/globalvacuumpresses.com\/es\/maquinas-en-stock\/\" \/>\n<meta property=\"og:site_name\" content=\"Global Vacuum Presses\" \/>\n<meta property=\"article:publisher\" content=\"https:\/\/en-gb.facebook.com\/GlobalVacuumPresses\/\" \/>\n<meta property=\"article:modified_time\" content=\"2025-03-20T15:31:23+00:00\" \/>\n<meta property=\"og:image\" content=\"https:\/\/globalvacuumpresses.com\/wp-content\/uploads\/2021\/11\/Vacuum_presses_8bits.jpg\" \/>\n<meta name=\"twitter:card\" content=\"summary_large_image\" \/>\n<meta name=\"twitter:image\" content=\"https:\/\/globalvacuumpresses.com\/wp-content\/uploads\/2021\/11\/Vacuum_presses_8bits.jpg\" \/>\n<meta name=\"twitter:label1\" content=\"Tiempo de lectura\" \/>\n\t<meta name=\"twitter:data1\" content=\"2 minutos\" \/>\n<script type=\"application\/ld+json\" class=\"yoast-schema-graph\">{\"@context\":\"https:\/\/schema.org\",\"@graph\":[{\"@type\":\"WebPage\",\"@id\":\"https:\/\/globalvacuumpresses.com\/es\/maquinas-en-stock\/\",\"url\":\"https:\/\/globalvacuumpresses.com\/es\/maquinas-en-stock\/\",\"name\":\"Maquinas en stock - Global Vacuum Presses\",\"isPartOf\":{\"@id\":\"https:\/\/globalvacuumpresses.com\/#website\"},\"datePublished\":\"2020-03-18T09:36:53+00:00\",\"dateModified\":\"2025-03-20T15:31:23+00:00\",\"description\":\"Aqu\u00ed podran encontrar nuestro stock actual. Si usted est\u00e1 interesado en cualquiera de las m\u00e1quinas haga clic en el enlace para ver m\u00e1s informaci\u00f3n o p\u00f3ngase en contacto con nosotros. Nuestro inventario est\u00e1 en constante actualizaci\u00f3n.\",\"breadcrumb\":{\"@id\":\"https:\/\/globalvacuumpresses.com\/es\/maquinas-en-stock\/#breadcrumb\"},\"inLanguage\":\"es\",\"potentialAction\":[{\"@type\":\"ReadAction\",\"target\":[\"https:\/\/globalvacuumpresses.com\/es\/maquinas-en-stock\/\"]}]},{\"@type\":\"BreadcrumbList\",\"@id\":\"https:\/\/globalvacuumpresses.com\/es\/maquinas-en-stock\/#breadcrumb\",\"itemListElement\":[{\"@type\":\"ListItem\",\"position\":1,\"name\":\"Home\",\"item\":\"https:\/\/globalvacuumpresses.com\/es\/\"},{\"@type\":\"ListItem\",\"position\":2,\"name\":\"M\u00e1quinas en stock\"}]},{\"@type\":\"WebSite\",\"@id\":\"https:\/\/globalvacuumpresses.com\/#website\",\"url\":\"https:\/\/globalvacuumpresses.com\/\",\"name\":\"Global Vacuum Presses\",\"description\":\"Leading-edge technology for vacuum presses, membrane presses, hot presses and preheating ovens\",\"publisher\":{\"@id\":\"https:\/\/globalvacuumpresses.com\/#organization\"},\"potentialAction\":[{\"@type\":\"SearchAction\",\"target\":{\"@type\":\"EntryPoint\",\"urlTemplate\":\"https:\/\/globalvacuumpresses.com\/?s={search_term_string}\"},\"query-input\":{\"@type\":\"PropertyValueSpecification\",\"valueRequired\":true,\"valueName\":\"search_term_string\"}}],\"inLanguage\":\"es\"},{\"@type\":\"Organization\",\"@id\":\"https:\/\/globalvacuumpresses.com\/#organization\",\"name\":\"Global Vacuum Presses\",\"url\":\"https:\/\/globalvacuumpresses.com\/\",\"logo\":{\"@type\":\"ImageObject\",\"inLanguage\":\"es\",\"@id\":\"https:\/\/globalvacuumpresses.com\/#\/schema\/logo\/image\/\",\"url\":\"https:\/\/globalvacuumpresses.com\/wp-content\/uploads\/2018\/06\/global_vacuum_presses-logo_retina.png\",\"contentUrl\":\"https:\/\/globalvacuumpresses.com\/wp-content\/uploads\/2018\/06\/global_vacuum_presses-logo_retina.png\",\"width\":520,\"height\":140,\"caption\":\"Global Vacuum Presses\"},\"image\":{\"@id\":\"https:\/\/globalvacuumpresses.com\/#\/schema\/logo\/image\/\"},\"sameAs\":[\"https:\/\/en-gb.facebook.com\/GlobalVacuumPresses\/\",\"https:\/\/www.instagram.com\/globalvacuumpresses\/?hl=es\",\"https:\/\/www.linkedin.com\/company\/global-vacuum-presses-nabuurs-developing-s-l--\",\"https:\/\/www.youtube.com\/user\/globalvacuumpresses\"]}]}<\/script>\n<!-- \/ Yoast SEO plugin. -->","yoast_head_json":{"title":"Maquinas en stock - Global Vacuum Presses","description":"Aqu\u00ed podran encontrar nuestro stock actual. Si usted est\u00e1 interesado en cualquiera de las m\u00e1quinas haga clic en el enlace para ver m\u00e1s informaci\u00f3n o p\u00f3ngase en contacto con nosotros. Nuestro inventario est\u00e1 en constante actualizaci\u00f3n.","robots":{"index":"index","follow":"follow","max-snippet":"max-snippet:-1","max-image-preview":"max-image-preview:large","max-video-preview":"max-video-preview:-1"},"canonical":"https:\/\/globalvacuumpresses.com\/es\/maquinas-en-stock\/","og_locale":"es_ES","og_type":"article","og_title":"Maquinas en stock - Global Vacuum Presses","og_description":"Aqu\u00ed podran encontrar nuestro stock actual. Si usted est\u00e1 interesado en cualquiera de las m\u00e1quinas haga clic en el enlace para ver m\u00e1s informaci\u00f3n o p\u00f3ngase en contacto con nosotros. Nuestro inventario est\u00e1 en constante actualizaci\u00f3n.","og_url":"https:\/\/globalvacuumpresses.com\/es\/maquinas-en-stock\/","og_site_name":"Global Vacuum Presses","article_publisher":"https:\/\/en-gb.facebook.com\/GlobalVacuumPresses\/","article_modified_time":"2025-03-20T15:31:23+00:00","og_image":[{"url":"https:\/\/globalvacuumpresses.com\/wp-content\/uploads\/2021\/11\/Vacuum_presses_8bits.jpg"}],"twitter_card":"summary_large_image","twitter_image":"https:\/\/globalvacuumpresses.com\/wp-content\/uploads\/2021\/11\/Vacuum_presses_8bits.jpg","twitter_misc":{"Tiempo de lectura":"2 minutos"},"schema":{"@context":"https:\/\/schema.org","@graph":[{"@type":"WebPage","@id":"https:\/\/globalvacuumpresses.com\/es\/maquinas-en-stock\/","url":"https:\/\/globalvacuumpresses.com\/es\/maquinas-en-stock\/","name":"Maquinas en stock - Global Vacuum Presses","isPartOf":{"@id":"https:\/\/globalvacuumpresses.com\/#website"},"datePublished":"2020-03-18T09:36:53+00:00","dateModified":"2025-03-20T15:31:23+00:00","description":"Aqu\u00ed podran encontrar nuestro stock actual. Si usted est\u00e1 interesado en cualquiera de las m\u00e1quinas haga clic en el enlace para ver m\u00e1s informaci\u00f3n o p\u00f3ngase en contacto con nosotros. Nuestro inventario est\u00e1 en constante actualizaci\u00f3n.","breadcrumb":{"@id":"https:\/\/globalvacuumpresses.com\/es\/maquinas-en-stock\/#breadcrumb"},"inLanguage":"es","potentialAction":[{"@type":"ReadAction","target":["https:\/\/globalvacuumpresses.com\/es\/maquinas-en-stock\/"]}]},{"@type":"BreadcrumbList","@id":"https:\/\/globalvacuumpresses.com\/es\/maquinas-en-stock\/#breadcrumb","itemListElement":[{"@type":"ListItem","position":1,"name":"Home","item":"https:\/\/globalvacuumpresses.com\/es\/"},{"@type":"ListItem","position":2,"name":"M\u00e1quinas en stock"}]},{"@type":"WebSite","@id":"https:\/\/globalvacuumpresses.com\/#website","url":"https:\/\/globalvacuumpresses.com\/","name":"Global Vacuum Presses","description":"Leading-edge technology for vacuum presses, membrane presses, hot presses and preheating ovens","publisher":{"@id":"https:\/\/globalvacuumpresses.com\/#organization"},"potentialAction":[{"@type":"SearchAction","target":{"@type":"EntryPoint","urlTemplate":"https:\/\/globalvacuumpresses.com\/?s={search_term_string}"},"query-input":{"@type":"PropertyValueSpecification","valueRequired":true,"valueName":"search_term_string"}}],"inLanguage":"es"},{"@type":"Organization","@id":"https:\/\/globalvacuumpresses.com\/#organization","name":"Global Vacuum Presses","url":"https:\/\/globalvacuumpresses.com\/","logo":{"@type":"ImageObject","inLanguage":"es","@id":"https:\/\/globalvacuumpresses.com\/#\/schema\/logo\/image\/","url":"https:\/\/globalvacuumpresses.com\/wp-content\/uploads\/2018\/06\/global_vacuum_presses-logo_retina.png","contentUrl":"https:\/\/globalvacuumpresses.com\/wp-content\/uploads\/2018\/06\/global_vacuum_presses-logo_retina.png","width":520,"height":140,"caption":"Global Vacuum Presses"},"image":{"@id":"https:\/\/globalvacuumpresses.com\/#\/schema\/logo\/image\/"},"sameAs":["https:\/\/en-gb.facebook.com\/GlobalVacuumPresses\/","https:\/\/www.instagram.com\/globalvacuumpresses\/?hl=es","https:\/\/www.linkedin.com\/company\/global-vacuum-presses-nabuurs-developing-s-l--","https:\/\/www.youtube.com\/user\/globalvacuumpresses"]}]}},"_links":{"self":[{"href":"https:\/\/globalvacuumpresses.com\/es\/wp-json\/wp\/v2\/pages\/14218"}],"collection":[{"href":"https:\/\/globalvacuumpresses.com\/es\/wp-json\/wp\/v2\/pages"}],"about":[{"href":"https:\/\/globalvacuumpresses.com\/es\/wp-json\/wp\/v2\/types\/page"}],"author":[{"embeddable":true,"href":"https:\/\/globalvacuumpresses.com\/es\/wp-json\/wp\/v2\/users\/9"}],"replies":[{"embeddable":true,"href":"https:\/\/globalvacuumpresses.com\/es\/wp-json\/wp\/v2\/comments?post=14218"}],"version-history":[{"count":90,"href":"https:\/\/globalvacuumpresses.com\/es\/wp-json\/wp\/v2\/pages\/14218\/revisions"}],"predecessor-version":[{"id":40742,"href":"https:\/\/globalvacuumpresses.com\/es\/wp-json\/wp\/v2\/pages\/14218\/revisions\/40742"}],"wp:attachment":[{"href":"https:\/\/globalvacuumpresses.com\/es\/wp-json\/wp\/v2\/media?parent=14218"}],"curies":[{"name":"wp","href":"https:\/\/api.w.org\/{rel}","templated":true}]}}