{"id":14011,"date":"2019-06-17T13:53:41","date_gmt":"2019-06-17T12:53:41","guid":{"rendered":"https:\/\/globalvacuumpresses.com\/socio-de-global-vp\/"},"modified":"2022-12-15T16:33:58","modified_gmt":"2022-12-15T15:33:58","slug":"socio-de-global-vp","status":"publish","type":"page","link":"https:\/\/globalvacuumpresses.com\/es\/socio-de-global-vp\/","title":{"rendered":"Socios de Global VP"},"content":{"rendered":"<div class=\"wpb-content-wrapper\"><p>[vc_row full_width=\u00bbstretch_row_content_no_spaces\u00bb css=\u00bb.vc_custom_1560504112536{padding-top: 32px !important;padding-bottom: 10px !important;background-color: #ffffff !important;}\u00bb][vc_column width=\u00bb1\/4&#8243; css=\u00bb.vc_custom_1560504219540{padding: 20px !important;}\u00bb]<div class=\"stats-block stats-top  \"><div class=\"aio-icon-top\"><div class=\"ult-just-icon-wrapper  \"><div class=\"align-icon\" style=\"text-align:center;\">\n<div class=\"aio-icon none \"  style=\"color:#000000;font-size:30px;display:inline-block;\">\n\t<i class=\"Defaults-home\"><\/i>\n<\/div><\/div><\/div><\/div><div class=\"stats-desc\" id=\"counter-responsv-wrap-2277\"><div id=\"counter_132546497569d738f615813\" data-id=\"counter_132546497569d738f615813\"  data-ultimate-target='#counter-responsv-wrap-2277 .stats-number'  data-responsive-json-new='{\"font-size\":\"desktop:45px;\",\"line-height\":\"\"}'  class=\"stats-number ult-responsive\" style=\" color:#000000; font-weight:bold;color:#3a485b;\" data-speed=\"4\" data-counter-value=\"30\" data-separator=\"none\" data-decimal=\".\">0<\/div><div id=\"title-counter_132546497569d738f615813\"  data-ultimate-target='#counter-responsv-wrap-2277 .stats-text'  data-responsive-json-new='{\"font-size\":\"desktop:16px;\",\"line-height\":\"\"}'  class=\"stats-text ult-responsive\" style=\"font-size:px; color:#000000; font-weight:bold;\">A\u00f1os de experiencia<\/div><\/div><\/div>[\/vc_column][vc_column width=\u00bb1\/4&#8243;]<div class=\"stats-block stats-top   vc_custom_1560761408322\"><div class=\"aio-icon-top\"><div class=\"ult-just-icon-wrapper  \"><div class=\"align-icon\" style=\"text-align:center;\">\n<div class=\"aio-icon none \"  style=\"color:#000000;font-size:30px;display:inline-block;\">\n\t<i class=\"Defaults-shopping-cart\"><\/i>\n<\/div><\/div><\/div><\/div><div class=\"stats-desc\" id=\"counter-responsv-wrap-2627\"><div id=\"counter_367955202369d738f61599f\" data-id=\"counter_367955202369d738f61599f\"  data-ultimate-target='#counter-responsv-wrap-2627 .stats-number'  data-responsive-json-new='{\"font-size\":\"desktop:45px;\",\"line-height\":\"\"}'  class=\"stats-number ult-responsive\" style=\" color:#000000; font-weight:bold;color:#3a485b;\" data-speed=\"4\" data-counter-value=\"92\" data-separator=\"none\" data-decimal=\".\">0<\/div><div id=\"title-counter_367955202369d738f61599f\"  data-ultimate-target='#counter-responsv-wrap-2627 .stats-text'  data-responsive-json-new='{\"font-size\":\"desktop:16px;\",\"line-height\":\"\"}'  class=\"stats-text ult-responsive\" style=\"font-size:px; color:#000000; font-weight:bold;\">Pa\u00edses a los que se vende<\/div><\/div><\/div>[\/vc_column][vc_column width=\u00bb1\/4&#8243;]<div class=\"stats-block stats-top   vc_custom_1584972980516\"><div class=\"aio-icon-top\"><div class=\"ult-just-icon-wrapper  \"><div class=\"align-icon\" style=\"text-align:center;\">\n<div class=\"aio-icon none \"  style=\"color:#0c0808;font-size:30px;display:inline-block;\">\n\t<i class=\"icomoon-icomoonfree-16x16-earth\"><\/i>\n<\/div><\/div><\/div><\/div><div class=\"stats-desc\" id=\"counter-responsv-wrap-6419\"><div id=\"counter_207945359369d738f615b12\" data-id=\"counter_207945359369d738f615b12\"  data-ultimate-target='#counter-responsv-wrap-6419 .stats-number'  data-responsive-json-new='{\"font-size\":\"desktop:45px;\",\"line-height\":\"\"}'  class=\"stats-number ult-responsive\" style=\" color:#000000; font-weight:bold;color:#3a485b;\" data-speed=\"4\" data-counter-value=\"6\" data-separator=\"none\" data-decimal=\".\">0<\/div><div id=\"title-counter_207945359369d738f615b12\"  data-ultimate-target='#counter-responsv-wrap-6419 .stats-text'  data-responsive-json-new='{\"font-size\":\"desktop:16px;\",\"line-height\":\"\"}'  class=\"stats-text ult-responsive\" style=\"font-size:px; color:#000000; font-weight:bold;\">Continentes en los que se vende<\/div><\/div><\/div>[\/vc_column][vc_column width=\u00bb1\/4&#8243;]<div class=\"stats-block stats-top   vc_custom_1584958583141\"><div class=\"aio-icon-top\"><div class=\"ult-just-icon-wrapper  \"><div class=\"align-icon\" style=\"text-align:center;\">\n<div class=\"aio-icon none \"  style=\"color:#0c0808;font-size:30px;display:inline-block;\">\n\t<i class=\"Defaults-user\"><\/i>\n<\/div><\/div><\/div><\/div><div class=\"stats-desc\" id=\"counter-responsv-wrap-5625\"><div id=\"counter_44515816469d738f615c78\" data-id=\"counter_44515816469d738f615c78\"  data-ultimate-target='#counter-responsv-wrap-5625 .stats-number'  data-responsive-json-new='{\"font-size\":\"desktop:45px;\",\"line-height\":\"\"}'  class=\"stats-number ult-responsive\" style=\" color:#000000; font-weight:bold;color:#3a485b;\" data-speed=\"4\" data-counter-value=\"28\" data-separator=\"none\" data-decimal=\".\">0<\/div><div id=\"title-counter_44515816469d738f615c78\"  data-ultimate-target='#counter-responsv-wrap-5625 .stats-text'  data-responsive-json-new='{\"font-size\":\"desktop:16px;\",\"line-height\":\"\"}'  class=\"stats-text ult-responsive\" style=\"font-size:px; color:#000000; font-weight:bold;\">N\u00famero de distribuidores<\/div><\/div><\/div>[\/vc_column][\/vc_row][vc_row full_width=\u00bbstretch_row_content_no_spaces\u00bb bg_type=\u00bbimage\u00bb parallax_style=\u00bbvcpb-vz-jquery\u00bb bg_image_new=\u00bbid^13967|url^https:\/\/globalvacuumpresses.com\/wp-content\/uploads\/2019\/06\/8a5d8a5f951f462d9ca3ab51950ab9b1.jpg|caption^null|alt^null|title^8a5d8a5f951f462d9ca3ab51950ab9b1|description^null\u00bb css=\u00bb.vc_custom_1560503759904{padding-top: 100px !important;padding-bottom: 100px !important;}\u00bb][vc_column][vc_column_text css=\u00bb.vc_custom_1560506578643{padding-top: 20px !important;padding-bottom: 20px !important;}\u00bb]<\/p>\n<h3 style=\"text-align: center;\"><span style=\"color: #ffffff;\"><strong>&#8212; De Espa\u00f1a al resto del mundo&#8211;<\/strong><\/span><br \/>\n<span style=\"color: #ffffff;\"><strong>Global Vacuum Presses tiene distribuidores en todo el mundo.<\/strong><\/span><br \/>\n<span style=\"color: #ffffff;\"><strong>Juntos nos esforzamos por ofrecer la m\u00e1s alta calidad y soluciones de vac\u00edo en todo el mundo.<\/strong><\/span><\/h3>\n<p>[\/vc_column_text][\/vc_column][\/vc_row][vc_row full_width=\u00bbstretch_row_content_no_spaces\u00bb css=\u00bb.vc_custom_1560507023768{padding: 32px !important;background-color: #e0e0e0 !important;}\u00bb][vc_column]<div id=\"ultimate-heading-291669d738f615d2c\" class=\"uvc-heading ult-adjust-bottom-margin ultimate-heading-291669d738f615d2c uvc-6297  uvc-heading-default-font-sizes\" data-hspacer=\"no_spacer\"  data-halign=\"center\" style=\"text-align:center\"><div class=\"uvc-heading-spacer no_spacer\" style=\"top\"><\/div><div class=\"uvc-main-heading ult-responsive\"  data-ultimate-target='.uvc-heading.ultimate-heading-291669d738f615d2c h1'  data-responsive-json-new='{\"font-size\":\"\",\"line-height\":\"\"}' ><h1 style=\"--font-weight:theme;\">Socios de Global Vacuum Presses<\/h1><\/div><\/div>[\/vc_column][\/vc_row][vc_row][vc_column][vc_empty_space][\/vc_column][\/vc_row][vc_row full_width=\u00bbstretch_row_content_no_spaces\u00bb][vc_column][vc_separator style=\u00bbdotted\u00bb][\/vc_column][\/vc_row][vc_row][vc_column width=\u00bb1\/2&#8243;]<div id=\"ultimate-heading-16069d738f615db8\" class=\"uvc-heading ult-adjust-bottom-margin ultimate-heading-16069d738f615db8 uvc-4991  uvc-heading-default-font-sizes\" data-hspacer=\"no_spacer\"  data-halign=\"center\" style=\"text-align:center\"><div class=\"uvc-heading-spacer no_spacer\" style=\"top\"><\/div><div class=\"uvc-main-heading ult-responsive\"  data-ultimate-target='.uvc-heading.ultimate-heading-16069d738f615db8 h2'  data-responsive-json-new='{\"font-size\":\"\",\"line-height\":\"\"}' ><h2 style=\"--font-weight:theme;\">Machinery Services UK Limited<\/h2><\/div><\/div>[vc_column_text css=\u00bb.vc_custom_1635259943504{padding-top: 10px !important;}\u00bb]<\/p>\n<p style=\"text-align: center;\">Machinery Services UK es nuestro socio en Inglaterra, junto con su ayuda mantenemos el servicio al cliente y la calidad del producto al nivel m\u00e1s alto posible.<\/p>\n<p style=\"text-align: center;\">Machinery Services ha comenzado esta asociaci\u00f3n para ayudar a mejorar su posici\u00f3n en el mercado y juntos continuamos innovando nuestros productos para brindar las mejores soluciones al cliente.<\/p>\n<p style=\"text-align: center;\">Eche un vistazo a su nueva l\u00ednea de productos haciendo clic en el bot\u00f3n de abajo.<\/p>\n<p>[\/vc_column_text][vc_btn title=\u00bbVisite Machinery Services\u00bb color=\u00bbprimary\u00bb align=\u00bbcenter\u00bb link=\u00bburl:http%3A%2F%2Fwww.msukltd.co.uk%2Fpages%2Fnew%2Fvacuum-membrane-presses||target:%20_blank|\u00bb css=\u00bb.vc_custom_1635259966833{padding-top: 20px !important;}\u00bb][\/vc_column][vc_column width=\u00bb1\/2&#8243;][vc_single_image image=\u00bb14424&#8243; img_size=\u00bbfull\u00bb alignment=\u00bbcenter\u00bb onclick=\u00bbcustom_link\u00bb link=\u00bbhttp:\/\/www.msukltd.co.uk\/pages\/new\/vacuum-membrane-presses\u00bb][\/vc_column][\/vc_row][vc_row full_width=\u00bbstretch_row_content_no_spaces\u00bb][vc_column][vc_empty_space][vc_separator color=\u00bbblack\u00bb style=\u00bbdotted\u00bb][vc_empty_space][\/vc_column][\/vc_row][vc_row][vc_column width=\u00bb1\/2&#8243;]<div id=\"ultimate-heading-811169d738f615e33\" class=\"uvc-heading ult-adjust-bottom-margin ultimate-heading-811169d738f615e33 uvc-6233  uvc-heading-default-font-sizes\" data-hspacer=\"no_spacer\"  data-halign=\"center\" style=\"text-align:center\"><div class=\"uvc-heading-spacer no_spacer\" style=\"top\"><\/div><div class=\"uvc-main-heading ult-responsive\"  data-ultimate-target='.uvc-heading.ultimate-heading-811169d738f615e33 h2'  data-responsive-json-new='{\"font-size\":\"\",\"line-height\":\"\"}' ><h2 style=\"--font-weight:theme;\">Global Vacuum Presses North-America<\/h2><\/div><\/div>[vc_column_text css=\u00bb.vc_custom_1560764763400{padding-top: 10px !important;}\u00bb]<\/p>\n<p style=\"text-align: center;\">Gracias a nuestra asociaci\u00f3n con Global Vacuum Presses North-America, estamos en condiciones de ofrecer un servicio al cliente de alta calidad en Norteam\u00e9rica que nos permite realizar visitas in situ y una r\u00e1pida reparaci\u00f3n de las m\u00e1quinas.<\/p>\n<p style=\"text-align: center;\">Junto con Global Vacuum Presses nos esforzamos por expandir nuestro negocio por todo el mundo y permanecer en contacto personal con cada cliente individual.<\/p>\n<p style=\"text-align: center;\">Para m\u00e1s informaci\u00f3n sobre Global Vacuum Presses North-America visite su sitio web haciendo clic en el bot\u00f3n de abajo.<\/p>\n<p>[\/vc_column_text][vc_btn title=\u00bbVisite Global Vacuum Presses North-America\u00bb color=\u00bbprimary\u00bb align=\u00bbcenter\u00bb link=\u00bburl:https%3A%2F%2Fgvpna.com|target:%20_blank|\u00bb css=\u00bb.vc_custom_1560756205221{padding-top: 20px !important;}\u00bb][\/vc_column][vc_column width=\u00bb1\/2&#8243;][vc_single_image image=\u00bb13985&#8243; img_size=\u00bblarge\u00bb alignment=\u00bbcenter\u00bb onclick=\u00bbcustom_link\u00bb img_link_target=\u00bb_blank\u00bb link=\u00bbhttps:\/\/gvpna.com\/\u00bb][\/vc_column][\/vc_row][vc_row][vc_column][vc_empty_space][\/vc_column][\/vc_row]<\/p>\n<\/div>","protected":false},"excerpt":{"rendered":"<p>[vc_row full_width=\u00bbstretch_row_content_no_spaces\u00bb css=\u00bb.vc_custom_1560504112536{padding-top: 32px !important;padding-bottom: 10px !important;background-color: #ffffff !important;}\u00bb][vc_column width=\u00bb1\/4&#8243; css=\u00bb.vc_custom_1560504219540{padding: 20px !important;}\u00bb][\/vc_column][vc_column width=\u00bb1\/4&#8243;][\/vc_column][vc_column width=\u00bb1\/4&#8243;][\/vc_column][vc_column width=\u00bb1\/4&#8243;][\/vc_column][\/vc_row][vc_row full_width=\u00bbstretch_row_content_no_spaces\u00bb bg_type=\u00bbimage\u00bb parallax_style=\u00bbvcpb-vz-jquery\u00bb bg_image_new=\u00bbid^13967|url^https:\/\/globalvacuumpresses.com\/wp-content\/uploads\/2019\/06\/8a5d8a5f951f462d9ca3ab51950ab9b1.jpg|caption^null|alt^null|title^8a5d8a5f951f462d9ca3ab51950ab9b1|description^null\u00bb css=\u00bb.vc_custom_1560503759904{padding-top: 100px !important;padding-bottom: 100px !important;}\u00bb][vc_column][vc_column_text css=\u00bb.vc_custom_1560506578643{padding-top: 20px !important;padding-bottom: 20px !important;}\u00bb] &#8212; De Espa\u00f1a al resto del mundo&#8211; Global Vacuum Presses tiene distribuidores en todo el mundo. Juntos nos esforzamos por ofrecer la m\u00e1s alta calidad&hellip;<\/p>\n","protected":false},"author":9,"featured_media":0,"parent":0,"menu_order":0,"comment_status":"closed","ping_status":"closed","template":"","meta":{"footnotes":""},"class_list":["post-14011","page","type-page","status-publish","hentry","description-off"],"yoast_head":"<!-- This site is optimized with the Yoast SEO plugin v23.8 - https:\/\/yoast.com\/wordpress\/plugins\/seo\/ -->\n<title>Socios de Global VP - Global Vacuum Presses<\/title>\n<meta name=\"description\" content=\"Global Vacuum Presses ha iniciado una asociaci\u00f3n con la confiable company\u00b4s, juntos nos esforzamos por seguir innovando nuestros productos de alta calidad.\" \/>\n<meta name=\"robots\" content=\"index, follow, max-snippet:-1, max-image-preview:large, max-video-preview:-1\" \/>\n<link rel=\"canonical\" href=\"https:\/\/globalvacuumpresses.com\/es\/socio-de-global-vp\/\" \/>\n<meta property=\"og:locale\" content=\"es_ES\" \/>\n<meta property=\"og:type\" content=\"article\" \/>\n<meta property=\"og:title\" content=\"Socios de Global VP - Global Vacuum Presses\" \/>\n<meta property=\"og:description\" content=\"Global Vacuum Presses ha iniciado una asociaci\u00f3n con la confiable company\u00b4s, juntos nos esforzamos por seguir innovando nuestros productos de alta calidad.\" \/>\n<meta property=\"og:url\" content=\"https:\/\/globalvacuumpresses.com\/es\/socio-de-global-vp\/\" \/>\n<meta property=\"og:site_name\" content=\"Global Vacuum Presses\" \/>\n<meta property=\"article:publisher\" content=\"https:\/\/en-gb.facebook.com\/GlobalVacuumPresses\/\" \/>\n<meta property=\"article:modified_time\" content=\"2022-12-15T15:33:58+00:00\" \/>\n<meta name=\"twitter:card\" content=\"summary_large_image\" \/>\n<meta name=\"twitter:label1\" content=\"Tiempo de lectura\" \/>\n\t<meta name=\"twitter:data1\" content=\"2 minutos\" \/>\n<script type=\"application\/ld+json\" class=\"yoast-schema-graph\">{\"@context\":\"https:\/\/schema.org\",\"@graph\":[{\"@type\":\"WebPage\",\"@id\":\"https:\/\/globalvacuumpresses.com\/es\/socio-de-global-vp\/\",\"url\":\"https:\/\/globalvacuumpresses.com\/es\/socio-de-global-vp\/\",\"name\":\"Socios de Global VP - Global Vacuum Presses\",\"isPartOf\":{\"@id\":\"https:\/\/globalvacuumpresses.com\/#website\"},\"datePublished\":\"2019-06-17T12:53:41+00:00\",\"dateModified\":\"2022-12-15T15:33:58+00:00\",\"description\":\"Global Vacuum Presses ha iniciado una asociaci\u00f3n con la confiable company\u00b4s, juntos nos esforzamos por seguir innovando nuestros productos de alta calidad.\",\"breadcrumb\":{\"@id\":\"https:\/\/globalvacuumpresses.com\/es\/socio-de-global-vp\/#breadcrumb\"},\"inLanguage\":\"es\",\"potentialAction\":[{\"@type\":\"ReadAction\",\"target\":[\"https:\/\/globalvacuumpresses.com\/es\/socio-de-global-vp\/\"]}]},{\"@type\":\"BreadcrumbList\",\"@id\":\"https:\/\/globalvacuumpresses.com\/es\/socio-de-global-vp\/#breadcrumb\",\"itemListElement\":[{\"@type\":\"ListItem\",\"position\":1,\"name\":\"Home\",\"item\":\"https:\/\/globalvacuumpresses.com\/es\/\"},{\"@type\":\"ListItem\",\"position\":2,\"name\":\"Socios de Global VP\"}]},{\"@type\":\"WebSite\",\"@id\":\"https:\/\/globalvacuumpresses.com\/#website\",\"url\":\"https:\/\/globalvacuumpresses.com\/\",\"name\":\"Global Vacuum Presses\",\"description\":\"Leading-edge technology for vacuum presses, membrane presses, hot presses and preheating ovens\",\"publisher\":{\"@id\":\"https:\/\/globalvacuumpresses.com\/#organization\"},\"potentialAction\":[{\"@type\":\"SearchAction\",\"target\":{\"@type\":\"EntryPoint\",\"urlTemplate\":\"https:\/\/globalvacuumpresses.com\/?s={search_term_string}\"},\"query-input\":{\"@type\":\"PropertyValueSpecification\",\"valueRequired\":true,\"valueName\":\"search_term_string\"}}],\"inLanguage\":\"es\"},{\"@type\":\"Organization\",\"@id\":\"https:\/\/globalvacuumpresses.com\/#organization\",\"name\":\"Global Vacuum Presses\",\"url\":\"https:\/\/globalvacuumpresses.com\/\",\"logo\":{\"@type\":\"ImageObject\",\"inLanguage\":\"es\",\"@id\":\"https:\/\/globalvacuumpresses.com\/#\/schema\/logo\/image\/\",\"url\":\"https:\/\/globalvacuumpresses.com\/wp-content\/uploads\/2018\/06\/global_vacuum_presses-logo_retina.png\",\"contentUrl\":\"https:\/\/globalvacuumpresses.com\/wp-content\/uploads\/2018\/06\/global_vacuum_presses-logo_retina.png\",\"width\":520,\"height\":140,\"caption\":\"Global Vacuum Presses\"},\"image\":{\"@id\":\"https:\/\/globalvacuumpresses.com\/#\/schema\/logo\/image\/\"},\"sameAs\":[\"https:\/\/en-gb.facebook.com\/GlobalVacuumPresses\/\",\"https:\/\/www.instagram.com\/globalvacuumpresses\/?hl=es\",\"https:\/\/www.linkedin.com\/company\/global-vacuum-presses-nabuurs-developing-s-l--\",\"https:\/\/www.youtube.com\/user\/globalvacuumpresses\"]}]}<\/script>\n<!-- \/ Yoast SEO plugin. -->","yoast_head_json":{"title":"Socios de Global VP - Global Vacuum Presses","description":"Global Vacuum Presses ha iniciado una asociaci\u00f3n con la confiable company\u00b4s, juntos nos esforzamos por seguir innovando nuestros productos de alta calidad.","robots":{"index":"index","follow":"follow","max-snippet":"max-snippet:-1","max-image-preview":"max-image-preview:large","max-video-preview":"max-video-preview:-1"},"canonical":"https:\/\/globalvacuumpresses.com\/es\/socio-de-global-vp\/","og_locale":"es_ES","og_type":"article","og_title":"Socios de Global VP - Global Vacuum Presses","og_description":"Global Vacuum Presses ha iniciado una asociaci\u00f3n con la confiable company\u00b4s, juntos nos esforzamos por seguir innovando nuestros productos de alta calidad.","og_url":"https:\/\/globalvacuumpresses.com\/es\/socio-de-global-vp\/","og_site_name":"Global Vacuum Presses","article_publisher":"https:\/\/en-gb.facebook.com\/GlobalVacuumPresses\/","article_modified_time":"2022-12-15T15:33:58+00:00","twitter_card":"summary_large_image","twitter_misc":{"Tiempo de lectura":"2 minutos"},"schema":{"@context":"https:\/\/schema.org","@graph":[{"@type":"WebPage","@id":"https:\/\/globalvacuumpresses.com\/es\/socio-de-global-vp\/","url":"https:\/\/globalvacuumpresses.com\/es\/socio-de-global-vp\/","name":"Socios de Global VP - Global Vacuum Presses","isPartOf":{"@id":"https:\/\/globalvacuumpresses.com\/#website"},"datePublished":"2019-06-17T12:53:41+00:00","dateModified":"2022-12-15T15:33:58+00:00","description":"Global Vacuum Presses ha iniciado una asociaci\u00f3n con la confiable company\u00b4s, juntos nos esforzamos por seguir innovando nuestros productos de alta calidad.","breadcrumb":{"@id":"https:\/\/globalvacuumpresses.com\/es\/socio-de-global-vp\/#breadcrumb"},"inLanguage":"es","potentialAction":[{"@type":"ReadAction","target":["https:\/\/globalvacuumpresses.com\/es\/socio-de-global-vp\/"]}]},{"@type":"BreadcrumbList","@id":"https:\/\/globalvacuumpresses.com\/es\/socio-de-global-vp\/#breadcrumb","itemListElement":[{"@type":"ListItem","position":1,"name":"Home","item":"https:\/\/globalvacuumpresses.com\/es\/"},{"@type":"ListItem","position":2,"name":"Socios de Global VP"}]},{"@type":"WebSite","@id":"https:\/\/globalvacuumpresses.com\/#website","url":"https:\/\/globalvacuumpresses.com\/","name":"Global Vacuum Presses","description":"Leading-edge technology for vacuum presses, membrane presses, hot presses and preheating ovens","publisher":{"@id":"https:\/\/globalvacuumpresses.com\/#organization"},"potentialAction":[{"@type":"SearchAction","target":{"@type":"EntryPoint","urlTemplate":"https:\/\/globalvacuumpresses.com\/?s={search_term_string}"},"query-input":{"@type":"PropertyValueSpecification","valueRequired":true,"valueName":"search_term_string"}}],"inLanguage":"es"},{"@type":"Organization","@id":"https:\/\/globalvacuumpresses.com\/#organization","name":"Global Vacuum Presses","url":"https:\/\/globalvacuumpresses.com\/","logo":{"@type":"ImageObject","inLanguage":"es","@id":"https:\/\/globalvacuumpresses.com\/#\/schema\/logo\/image\/","url":"https:\/\/globalvacuumpresses.com\/wp-content\/uploads\/2018\/06\/global_vacuum_presses-logo_retina.png","contentUrl":"https:\/\/globalvacuumpresses.com\/wp-content\/uploads\/2018\/06\/global_vacuum_presses-logo_retina.png","width":520,"height":140,"caption":"Global Vacuum Presses"},"image":{"@id":"https:\/\/globalvacuumpresses.com\/#\/schema\/logo\/image\/"},"sameAs":["https:\/\/en-gb.facebook.com\/GlobalVacuumPresses\/","https:\/\/www.instagram.com\/globalvacuumpresses\/?hl=es","https:\/\/www.linkedin.com\/company\/global-vacuum-presses-nabuurs-developing-s-l--","https:\/\/www.youtube.com\/user\/globalvacuumpresses"]}]}},"_links":{"self":[{"href":"https:\/\/globalvacuumpresses.com\/es\/wp-json\/wp\/v2\/pages\/14011"}],"collection":[{"href":"https:\/\/globalvacuumpresses.com\/es\/wp-json\/wp\/v2\/pages"}],"about":[{"href":"https:\/\/globalvacuumpresses.com\/es\/wp-json\/wp\/v2\/types\/page"}],"author":[{"embeddable":true,"href":"https:\/\/globalvacuumpresses.com\/es\/wp-json\/wp\/v2\/users\/9"}],"replies":[{"embeddable":true,"href":"https:\/\/globalvacuumpresses.com\/es\/wp-json\/wp\/v2\/comments?post=14011"}],"version-history":[{"count":19,"href":"https:\/\/globalvacuumpresses.com\/es\/wp-json\/wp\/v2\/pages\/14011\/revisions"}],"predecessor-version":[{"id":22863,"href":"https:\/\/globalvacuumpresses.com\/es\/wp-json\/wp\/v2\/pages\/14011\/revisions\/22863"}],"wp:attachment":[{"href":"https:\/\/globalvacuumpresses.com\/es\/wp-json\/wp\/v2\/media?parent=14011"}],"curies":[{"name":"wp","href":"https:\/\/api.w.org\/{rel}","templated":true}]}}