{"id":12024,"date":"2019-02-20T08:16:31","date_gmt":"2019-02-20T07:16:31","guid":{"rendered":"https:\/\/globalvacuumpresses.com\/productos\/bolsas-de-vacio\/"},"modified":"2021-11-12T12:21:29","modified_gmt":"2021-11-12T11:21:29","slug":"bolsas-de-vacio","status":"publish","type":"page","link":"https:\/\/globalvacuumpresses.com\/es\/productos\/bolsas-de-vacio\/","title":{"rendered":"Bolsas de vac\u00edo"},"content":{"rendered":"<div class=\"wpb-content-wrapper\"><p>[vc_row][vc_column][vc_empty_space height=\u00bb50&#8243;][\/vc_column][\/vc_row][vc_row css=\u00bb.vc_custom_1517507968565{padding-bottom: 70px !important;}\u00bb][vc_column][vc_column_text]<\/p>\n<p dir=\"ltr\">Global ofrece bolsas de prensado al vac\u00edo para aplicaciones de revestimiento, laminado y doblado. Las bolsas de vac\u00edo se ofrecen en poliuretano y se pueden comprar como parte de un conjunto completo de prensa de bolsas de vac\u00edo que incluye una bomba de vac\u00edo y una manguera de vac\u00edo. Adem\u00e1s, se encuentran disponibles bolsas personalizadas. Consulte los productos a continuaci\u00f3n para obtener m\u00e1s informaci\u00f3n, y nuestros especialistas estar\u00e1n encantados de brindarle un asesoramiento personalizado.<\/p>\n<p>[\/vc_column_text][\/vc_column][\/vc_row][vc_row equal_height=\u00bbyes\u00bb][vc_column width=\u00bb1\/3&#8243;]<div class=\"aio-icon-component  vc_custom_1636715896763   style_2\"><a class=\"aio-icon-box-link\" href=\"https:\/\/globalvacuumpresses.com\/es\/productos\/bolsas-de-vacio\/industrial\/\" title=\"Bolsas de vac\u00edo Industrial\" ><div id=\"Info-box-wrap-4382\" class=\"aio-icon-box top-icon\" style=\"\"  ><div class=\"aio-icon-top\"><div class=\"ult-just-icon-wrapper  \"><div class=\"align-icon\" style=\"text-align:center;\">\n<div class=\"aio-icon-img \" style=\"font-size:250px;display:inline-block;\" >\n\t<img decoding=\"async\" class=\"img-icon\" alt=\"null\" src=\"https:\/\/globalvacuumpresses.com\/wp-content\/uploads\/2018\/06\/pu_vacuum_bag-menu.png\"\/>\n<\/div><\/div><\/div><\/div><div class=\"aio-icon-header\" ><h2 class=\"aio-icon-title ult-responsive\"  data-ultimate-target='#Info-box-wrap-4382 .aio-icon-title'  data-responsive-json-new='{\"font-size\":\"\",\"line-height\":\"\"}'  style=\"font-family:&#039;Open Sans Condensed&#039;;font-weight:700;\">Bolsas de vacio<\/h2><\/div> <!-- header --><div class=\"aio-icon-description ult-responsive\"  data-ultimate-target='#Info-box-wrap-4382 .aio-icon-description'  data-responsive-json-new='{\"font-size\":\"\",\"line-height\":\"\"}'  style=\"\">Tama\u00f1o est\u00e1ndar de la bolsa: 1500 \/ 2100 \/ 2700 \/ 3300 \/ 3900 x 1600 mm<\/div> <!-- description --><\/div> <!-- aio-icon-box --><\/a><\/div> <!-- aio-icon-component -->[\/vc_column][vc_column width=\u00bb1\/3&#8243;][\/vc_column][\/vc_row][vc_row][vc_column][vc_empty_space height=\u00bb50&#8243;][\/vc_column][\/vc_row]<\/p>\n<\/div>","protected":false},"excerpt":{"rendered":"<p>[vc_row][vc_column][vc_empty_space height=\u00bb50&#8243;][\/vc_column][\/vc_row][vc_row css=\u00bb.vc_custom_1517507968565{padding-bottom: 70px !important;}\u00bb][vc_column][vc_column_text] Global ofrece bolsas de prensado al vac\u00edo para aplicaciones de revestimiento, laminado y doblado. Las bolsas de vac\u00edo se ofrecen en poliuretano y se pueden comprar como parte de un conjunto completo de prensa de bolsas de vac\u00edo que incluye una bomba de vac\u00edo y una manguera de vac\u00edo. Adem\u00e1s,&hellip;<\/p>\n","protected":false},"author":9,"featured_media":0,"parent":11875,"menu_order":0,"comment_status":"closed","ping_status":"closed","template":"","meta":{"footnotes":""},"class_list":["post-12024","page","type-page","status-publish","hentry","description-off"],"yoast_head":"<!-- This site is optimized with the Yoast SEO plugin v23.8 - https:\/\/yoast.com\/wordpress\/plugins\/seo\/ -->\n<title>Bolsas de vac\u00edo - Global Vacuum Presses<\/title>\n<meta name=\"description\" content=\"Las Global bolsas de vac\u00edo se ofrecen en vinilo y poliuretano industrial resistente, y est\u00e1n dise\u00f1adas para aplicaciones de enchapado, laminado y plegado.\" \/>\n<meta name=\"robots\" content=\"index, follow, max-snippet:-1, max-image-preview:large, max-video-preview:-1\" \/>\n<link rel=\"canonical\" href=\"https:\/\/globalvacuumpresses.com\/es\/productos\/bolsas-de-vacio\/\" \/>\n<meta property=\"og:locale\" content=\"es_ES\" \/>\n<meta property=\"og:type\" content=\"article\" \/>\n<meta property=\"og:title\" content=\"Bolsas de vac\u00edo - Global Vacuum Presses\" \/>\n<meta property=\"og:description\" content=\"Las Global bolsas de vac\u00edo se ofrecen en vinilo y poliuretano industrial resistente, y est\u00e1n dise\u00f1adas para aplicaciones de enchapado, laminado y plegado.\" \/>\n<meta property=\"og:url\" content=\"https:\/\/globalvacuumpresses.com\/es\/productos\/bolsas-de-vacio\/\" \/>\n<meta property=\"og:site_name\" content=\"Global Vacuum Presses\" \/>\n<meta property=\"article:publisher\" content=\"https:\/\/en-gb.facebook.com\/GlobalVacuumPresses\/\" \/>\n<meta property=\"article:modified_time\" content=\"2021-11-12T11:21:29+00:00\" \/>\n<meta name=\"twitter:card\" content=\"summary_large_image\" \/>\n<meta name=\"twitter:label1\" content=\"Tiempo de lectura\" \/>\n\t<meta name=\"twitter:data1\" content=\"1 minuto\" \/>\n<script type=\"application\/ld+json\" class=\"yoast-schema-graph\">{\"@context\":\"https:\/\/schema.org\",\"@graph\":[{\"@type\":\"WebPage\",\"@id\":\"https:\/\/globalvacuumpresses.com\/es\/productos\/bolsas-de-vacio\/\",\"url\":\"https:\/\/globalvacuumpresses.com\/es\/productos\/bolsas-de-vacio\/\",\"name\":\"Bolsas de vac\u00edo - Global Vacuum Presses\",\"isPartOf\":{\"@id\":\"https:\/\/globalvacuumpresses.com\/#website\"},\"datePublished\":\"2019-02-20T07:16:31+00:00\",\"dateModified\":\"2021-11-12T11:21:29+00:00\",\"description\":\"Las Global bolsas de vac\u00edo se ofrecen en vinilo y poliuretano industrial resistente, y est\u00e1n dise\u00f1adas para aplicaciones de enchapado, laminado y plegado.\",\"breadcrumb\":{\"@id\":\"https:\/\/globalvacuumpresses.com\/es\/productos\/bolsas-de-vacio\/#breadcrumb\"},\"inLanguage\":\"es\",\"potentialAction\":[{\"@type\":\"ReadAction\",\"target\":[\"https:\/\/globalvacuumpresses.com\/es\/productos\/bolsas-de-vacio\/\"]}]},{\"@type\":\"BreadcrumbList\",\"@id\":\"https:\/\/globalvacuumpresses.com\/es\/productos\/bolsas-de-vacio\/#breadcrumb\",\"itemListElement\":[{\"@type\":\"ListItem\",\"position\":1,\"name\":\"Home\",\"item\":\"https:\/\/globalvacuumpresses.com\/es\/\"},{\"@type\":\"ListItem\",\"position\":2,\"name\":\"Productos\",\"item\":\"https:\/\/globalvacuumpresses.com\/es\/productos\/\"},{\"@type\":\"ListItem\",\"position\":3,\"name\":\"Bolsas de vac\u00edo\"}]},{\"@type\":\"WebSite\",\"@id\":\"https:\/\/globalvacuumpresses.com\/#website\",\"url\":\"https:\/\/globalvacuumpresses.com\/\",\"name\":\"Global Vacuum Presses\",\"description\":\"Leading-edge technology for vacuum presses, membrane presses, hot presses and preheating ovens\",\"publisher\":{\"@id\":\"https:\/\/globalvacuumpresses.com\/#organization\"},\"potentialAction\":[{\"@type\":\"SearchAction\",\"target\":{\"@type\":\"EntryPoint\",\"urlTemplate\":\"https:\/\/globalvacuumpresses.com\/?s={search_term_string}\"},\"query-input\":{\"@type\":\"PropertyValueSpecification\",\"valueRequired\":true,\"valueName\":\"search_term_string\"}}],\"inLanguage\":\"es\"},{\"@type\":\"Organization\",\"@id\":\"https:\/\/globalvacuumpresses.com\/#organization\",\"name\":\"Global Vacuum Presses\",\"url\":\"https:\/\/globalvacuumpresses.com\/\",\"logo\":{\"@type\":\"ImageObject\",\"inLanguage\":\"es\",\"@id\":\"https:\/\/globalvacuumpresses.com\/#\/schema\/logo\/image\/\",\"url\":\"https:\/\/globalvacuumpresses.com\/wp-content\/uploads\/2018\/06\/global_vacuum_presses-logo_retina.png\",\"contentUrl\":\"https:\/\/globalvacuumpresses.com\/wp-content\/uploads\/2018\/06\/global_vacuum_presses-logo_retina.png\",\"width\":520,\"height\":140,\"caption\":\"Global Vacuum Presses\"},\"image\":{\"@id\":\"https:\/\/globalvacuumpresses.com\/#\/schema\/logo\/image\/\"},\"sameAs\":[\"https:\/\/en-gb.facebook.com\/GlobalVacuumPresses\/\",\"https:\/\/www.instagram.com\/globalvacuumpresses\/?hl=es\",\"https:\/\/www.linkedin.com\/company\/global-vacuum-presses-nabuurs-developing-s-l--\",\"https:\/\/www.youtube.com\/user\/globalvacuumpresses\"]}]}<\/script>\n<!-- \/ Yoast SEO plugin. -->","yoast_head_json":{"title":"Bolsas de vac\u00edo - Global Vacuum Presses","description":"Las Global bolsas de vac\u00edo se ofrecen en vinilo y poliuretano industrial resistente, y est\u00e1n dise\u00f1adas para aplicaciones de enchapado, laminado y plegado.","robots":{"index":"index","follow":"follow","max-snippet":"max-snippet:-1","max-image-preview":"max-image-preview:large","max-video-preview":"max-video-preview:-1"},"canonical":"https:\/\/globalvacuumpresses.com\/es\/productos\/bolsas-de-vacio\/","og_locale":"es_ES","og_type":"article","og_title":"Bolsas de vac\u00edo - Global Vacuum Presses","og_description":"Las Global bolsas de vac\u00edo se ofrecen en vinilo y poliuretano industrial resistente, y est\u00e1n dise\u00f1adas para aplicaciones de enchapado, laminado y plegado.","og_url":"https:\/\/globalvacuumpresses.com\/es\/productos\/bolsas-de-vacio\/","og_site_name":"Global Vacuum Presses","article_publisher":"https:\/\/en-gb.facebook.com\/GlobalVacuumPresses\/","article_modified_time":"2021-11-12T11:21:29+00:00","twitter_card":"summary_large_image","twitter_misc":{"Tiempo de lectura":"1 minuto"},"schema":{"@context":"https:\/\/schema.org","@graph":[{"@type":"WebPage","@id":"https:\/\/globalvacuumpresses.com\/es\/productos\/bolsas-de-vacio\/","url":"https:\/\/globalvacuumpresses.com\/es\/productos\/bolsas-de-vacio\/","name":"Bolsas de vac\u00edo - Global Vacuum Presses","isPartOf":{"@id":"https:\/\/globalvacuumpresses.com\/#website"},"datePublished":"2019-02-20T07:16:31+00:00","dateModified":"2021-11-12T11:21:29+00:00","description":"Las Global bolsas de vac\u00edo se ofrecen en vinilo y poliuretano industrial resistente, y est\u00e1n dise\u00f1adas para aplicaciones de enchapado, laminado y plegado.","breadcrumb":{"@id":"https:\/\/globalvacuumpresses.com\/es\/productos\/bolsas-de-vacio\/#breadcrumb"},"inLanguage":"es","potentialAction":[{"@type":"ReadAction","target":["https:\/\/globalvacuumpresses.com\/es\/productos\/bolsas-de-vacio\/"]}]},{"@type":"BreadcrumbList","@id":"https:\/\/globalvacuumpresses.com\/es\/productos\/bolsas-de-vacio\/#breadcrumb","itemListElement":[{"@type":"ListItem","position":1,"name":"Home","item":"https:\/\/globalvacuumpresses.com\/es\/"},{"@type":"ListItem","position":2,"name":"Productos","item":"https:\/\/globalvacuumpresses.com\/es\/productos\/"},{"@type":"ListItem","position":3,"name":"Bolsas de vac\u00edo"}]},{"@type":"WebSite","@id":"https:\/\/globalvacuumpresses.com\/#website","url":"https:\/\/globalvacuumpresses.com\/","name":"Global Vacuum Presses","description":"Leading-edge technology for vacuum presses, membrane presses, hot presses and preheating ovens","publisher":{"@id":"https:\/\/globalvacuumpresses.com\/#organization"},"potentialAction":[{"@type":"SearchAction","target":{"@type":"EntryPoint","urlTemplate":"https:\/\/globalvacuumpresses.com\/?s={search_term_string}"},"query-input":{"@type":"PropertyValueSpecification","valueRequired":true,"valueName":"search_term_string"}}],"inLanguage":"es"},{"@type":"Organization","@id":"https:\/\/globalvacuumpresses.com\/#organization","name":"Global Vacuum Presses","url":"https:\/\/globalvacuumpresses.com\/","logo":{"@type":"ImageObject","inLanguage":"es","@id":"https:\/\/globalvacuumpresses.com\/#\/schema\/logo\/image\/","url":"https:\/\/globalvacuumpresses.com\/wp-content\/uploads\/2018\/06\/global_vacuum_presses-logo_retina.png","contentUrl":"https:\/\/globalvacuumpresses.com\/wp-content\/uploads\/2018\/06\/global_vacuum_presses-logo_retina.png","width":520,"height":140,"caption":"Global Vacuum Presses"},"image":{"@id":"https:\/\/globalvacuumpresses.com\/#\/schema\/logo\/image\/"},"sameAs":["https:\/\/en-gb.facebook.com\/GlobalVacuumPresses\/","https:\/\/www.instagram.com\/globalvacuumpresses\/?hl=es","https:\/\/www.linkedin.com\/company\/global-vacuum-presses-nabuurs-developing-s-l--","https:\/\/www.youtube.com\/user\/globalvacuumpresses"]}]}},"_links":{"self":[{"href":"https:\/\/globalvacuumpresses.com\/es\/wp-json\/wp\/v2\/pages\/12024"}],"collection":[{"href":"https:\/\/globalvacuumpresses.com\/es\/wp-json\/wp\/v2\/pages"}],"about":[{"href":"https:\/\/globalvacuumpresses.com\/es\/wp-json\/wp\/v2\/types\/page"}],"author":[{"embeddable":true,"href":"https:\/\/globalvacuumpresses.com\/es\/wp-json\/wp\/v2\/users\/9"}],"replies":[{"embeddable":true,"href":"https:\/\/globalvacuumpresses.com\/es\/wp-json\/wp\/v2\/comments?post=12024"}],"version-history":[{"count":13,"href":"https:\/\/globalvacuumpresses.com\/es\/wp-json\/wp\/v2\/pages\/12024\/revisions"}],"predecessor-version":[{"id":14498,"href":"https:\/\/globalvacuumpresses.com\/es\/wp-json\/wp\/v2\/pages\/12024\/revisions\/14498"}],"up":[{"embeddable":true,"href":"https:\/\/globalvacuumpresses.com\/es\/wp-json\/wp\/v2\/pages\/11875"}],"wp:attachment":[{"href":"https:\/\/globalvacuumpresses.com\/es\/wp-json\/wp\/v2\/media?parent=12024"}],"curies":[{"name":"wp","href":"https:\/\/api.w.org\/{rel}","templated":true}]}}