{"id":11948,"date":"2019-02-18T15:58:54","date_gmt":"2019-02-18T14:58:54","guid":{"rendered":"https:\/\/globalvacuumpresses.com\/productos\/prensas-hidraulicas\/"},"modified":"2024-03-04T17:26:32","modified_gmt":"2024-03-04T16:26:32","slug":"prensas-hidraulicas","status":"publish","type":"page","link":"https:\/\/globalvacuumpresses.com\/es\/productos\/prensas-hidraulicas\/","title":{"rendered":"Prensas hidr\u00e1ulicas"},"content":{"rendered":"<div class=\"wpb-content-wrapper\"><p>[vc_row][vc_column][vc_empty_space height=\u00bb50&#8243;][\/vc_column][\/vc_row][vc_row css=\u00bb.vc_custom_1517507968565{padding-bottom: 70px !important;}\u00bb][vc_column][vc_column_text]Las prensas hidr\u00e1ulicas se utilizan para resistentes laminados curvados y para prensar formas en 3D con alta profundidad ya sea solid surface, termopl\u00e1sticos o madera. Adem\u00e1s \u00a0pueden equiparse con un dispositivo calentador-refrigerador para ciclos de producci\u00f3n espec\u00edficos. Las prensas hidr\u00e1ulicas de Global est\u00e1n clasificados seg\u00fan los modelos Professional e Industrial.[\/vc_column_text][\/vc_column][\/vc_row][vc_row equal_height=\u00bbyes\u00bb][vc_column width=\u00bb1\/3&#8243;]<div class=\"aio-icon-component  vc_custom_1709569350019   style_2\"><a class=\"aio-icon-box-link\" href=\"https:\/\/globalvacuumpresses.com\/es\/productos\/prensas-hidraulicas\/professional\/\" title=\"Prensa hidr\u00e1ulica Professional\" ><div id=\"Info-box-wrap-9130\" class=\"aio-icon-box top-icon\" style=\"\"  ><div class=\"aio-icon-top\"><div class=\"ult-just-icon-wrapper  \"><div class=\"align-icon\" style=\"text-align:center;\">\n<div class=\"aio-icon-img \" style=\"font-size:250px;display:inline-block;\" >\n\t<img decoding=\"async\" class=\"img-icon\" alt=\"null\" src=\"https:\/\/globalvacuumpresses.com\/wp-content\/uploads\/2018\/06\/professional_hydraulic_press-menu.png\"\/>\n<\/div><\/div><\/div><\/div><div class=\"aio-icon-header\" ><h2 class=\"aio-icon-title ult-responsive\"  data-ultimate-target='#Info-box-wrap-9130 .aio-icon-title'  data-responsive-json-new='{\"font-size\":\"\",\"line-height\":\"\"}'  style=\"font-family:&#039;Open Sans Condensed&#039;;font-weight:700;\">Prensa hidr\u00e1ulica Profesional<\/h2><\/div> <!-- header --><div class=\"aio-icon-description ult-responsive\"  data-ultimate-target='#Info-box-wrap-9130 .aio-icon-description'  data-responsive-json-new='{\"font-size\":\"\",\"line-height\":\"\"}'  style=\"\"><\/p>\n<h3 class=\"western\">Prensa hidr\u00e1ulica motorizada para taller<\/h3>\n<p><\/div> <!-- description --><\/div> <!-- aio-icon-box --><\/a><\/div> <!-- aio-icon-component -->[\/vc_column][vc_column width=\u00bb1\/3&#8243;]<div class=\"aio-icon-component  vc_custom_1709569418687   style_2\"><a class=\"aio-icon-box-link\" href=\"https:\/\/globalvacuumpresses.com\/es\/productos\/prensas-hidraulicas\/prensa-hidraulica-industrial\/\" title=\"Prensa hidr\u00e1ulica Industrial\" ><div id=\"Info-box-wrap-2253\" class=\"aio-icon-box top-icon\" style=\"\"  ><div class=\"aio-icon-top\"><div class=\"ult-just-icon-wrapper  \"><div class=\"align-icon\" style=\"text-align:center;\">\n<div class=\"aio-icon-img \" style=\"font-size:250px;display:inline-block;\" >\n\t<img decoding=\"async\" class=\"img-icon\" alt=\"null\" src=\"https:\/\/globalvacuumpresses.com\/wp-content\/uploads\/2018\/06\/industrial_hydraulic_press-menu.png\"\/>\n<\/div><\/div><\/div><\/div><div class=\"aio-icon-header\" ><h2 class=\"aio-icon-title ult-responsive\"  data-ultimate-target='#Info-box-wrap-2253 .aio-icon-title'  data-responsive-json-new='{\"font-size\":\"\",\"line-height\":\"\"}'  style=\"font-family:&#039;Open Sans Condensed&#039;;font-weight:700;\">Prensa hidr\u00e1ulica Industrial<\/h2><\/div> <!-- header --><div class=\"aio-icon-description ult-responsive\"  data-ultimate-target='#Info-box-wrap-2253 .aio-icon-description'  data-responsive-json-new='{\"font-size\":\"\",\"line-height\":\"\"}'  style=\"\"><\/p>\n<h3 class=\"western\">Prensa hidr\u00e1ulica Industrial<\/h3>\n<p><\/div> <!-- description --><\/div> <!-- aio-icon-box --><\/a><\/div> <!-- aio-icon-component -->[\/vc_column][vc_column width=\u00bb1\/3&#8243;][\/vc_column][\/vc_row][vc_row][vc_column][vc_empty_space height=\u00bb50&#8243;][\/vc_column][\/vc_row]<\/p>\n<\/div>","protected":false},"excerpt":{"rendered":"<p>[vc_row][vc_column][vc_empty_space height=\u00bb50&#8243;][\/vc_column][\/vc_row][vc_row css=\u00bb.vc_custom_1517507968565{padding-bottom: 70px !important;}\u00bb][vc_column][vc_column_text]Las prensas hidr\u00e1ulicas se utilizan para resistentes laminados curvados y para prensar formas en 3D con alta profundidad ya sea solid surface, termopl\u00e1sticos o madera. Adem\u00e1s \u00a0pueden equiparse con un dispositivo calentador-refrigerador para ciclos de producci\u00f3n espec\u00edficos. Las prensas hidr\u00e1ulicas de Global est\u00e1n clasificados seg\u00fan los modelos Professional e Industrial.[\/vc_column_text][\/vc_column][\/vc_row][vc_row equal_height=\u00bbyes\u00bb][vc_column&hellip;<\/p>\n","protected":false},"author":9,"featured_media":0,"parent":11875,"menu_order":0,"comment_status":"closed","ping_status":"closed","template":"","meta":{"footnotes":""},"class_list":["post-11948","page","type-page","status-publish","hentry","description-off"],"yoast_head":"<!-- This site is optimized with the Yoast SEO plugin v23.8 - https:\/\/yoast.com\/wordpress\/plugins\/seo\/ -->\n<title>Prensas hidr\u00e1ulicas - Global Vacuum Presses<\/title>\n<meta name=\"description\" content=\"Las prensas hidr\u00e1ulicas son ideales para el prensado de formas 3D profundas y pueden equiparse con moldes macho-hembra de calentamiento-enfriamiento.\" \/>\n<meta name=\"robots\" content=\"index, follow, max-snippet:-1, max-image-preview:large, max-video-preview:-1\" \/>\n<link rel=\"canonical\" href=\"https:\/\/globalvacuumpresses.com\/es\/productos\/prensas-hidraulicas\/\" \/>\n<meta property=\"og:locale\" content=\"es_ES\" \/>\n<meta property=\"og:type\" content=\"article\" \/>\n<meta property=\"og:title\" content=\"Prensas hidr\u00e1ulicas - Global Vacuum Presses\" \/>\n<meta property=\"og:description\" content=\"Las prensas hidr\u00e1ulicas son ideales para el prensado de formas 3D profundas y pueden equiparse con moldes macho-hembra de calentamiento-enfriamiento.\" \/>\n<meta property=\"og:url\" content=\"https:\/\/globalvacuumpresses.com\/es\/productos\/prensas-hidraulicas\/\" \/>\n<meta property=\"og:site_name\" content=\"Global Vacuum Presses\" \/>\n<meta property=\"article:publisher\" content=\"https:\/\/en-gb.facebook.com\/GlobalVacuumPresses\/\" \/>\n<meta property=\"article:modified_time\" content=\"2024-03-04T16:26:32+00:00\" \/>\n<meta name=\"twitter:card\" content=\"summary_large_image\" \/>\n<meta name=\"twitter:label1\" content=\"Tiempo de lectura\" \/>\n\t<meta name=\"twitter:data1\" content=\"1 minuto\" \/>\n<script type=\"application\/ld+json\" class=\"yoast-schema-graph\">{\"@context\":\"https:\/\/schema.org\",\"@graph\":[{\"@type\":\"WebPage\",\"@id\":\"https:\/\/globalvacuumpresses.com\/es\/productos\/prensas-hidraulicas\/\",\"url\":\"https:\/\/globalvacuumpresses.com\/es\/productos\/prensas-hidraulicas\/\",\"name\":\"Prensas hidr\u00e1ulicas - Global Vacuum Presses\",\"isPartOf\":{\"@id\":\"https:\/\/globalvacuumpresses.com\/#website\"},\"datePublished\":\"2019-02-18T14:58:54+00:00\",\"dateModified\":\"2024-03-04T16:26:32+00:00\",\"description\":\"Las prensas hidr\u00e1ulicas son ideales para el prensado de formas 3D profundas y pueden equiparse con moldes macho-hembra de calentamiento-enfriamiento.\",\"breadcrumb\":{\"@id\":\"https:\/\/globalvacuumpresses.com\/es\/productos\/prensas-hidraulicas\/#breadcrumb\"},\"inLanguage\":\"es\",\"potentialAction\":[{\"@type\":\"ReadAction\",\"target\":[\"https:\/\/globalvacuumpresses.com\/es\/productos\/prensas-hidraulicas\/\"]}]},{\"@type\":\"BreadcrumbList\",\"@id\":\"https:\/\/globalvacuumpresses.com\/es\/productos\/prensas-hidraulicas\/#breadcrumb\",\"itemListElement\":[{\"@type\":\"ListItem\",\"position\":1,\"name\":\"Home\",\"item\":\"https:\/\/globalvacuumpresses.com\/es\/\"},{\"@type\":\"ListItem\",\"position\":2,\"name\":\"Productos\",\"item\":\"https:\/\/globalvacuumpresses.com\/es\/productos\/\"},{\"@type\":\"ListItem\",\"position\":3,\"name\":\"Prensas hidr\u00e1ulicas\"}]},{\"@type\":\"WebSite\",\"@id\":\"https:\/\/globalvacuumpresses.com\/#website\",\"url\":\"https:\/\/globalvacuumpresses.com\/\",\"name\":\"Global Vacuum Presses\",\"description\":\"Leading-edge technology for vacuum presses, membrane presses, hot presses and preheating ovens\",\"publisher\":{\"@id\":\"https:\/\/globalvacuumpresses.com\/#organization\"},\"potentialAction\":[{\"@type\":\"SearchAction\",\"target\":{\"@type\":\"EntryPoint\",\"urlTemplate\":\"https:\/\/globalvacuumpresses.com\/?s={search_term_string}\"},\"query-input\":{\"@type\":\"PropertyValueSpecification\",\"valueRequired\":true,\"valueName\":\"search_term_string\"}}],\"inLanguage\":\"es\"},{\"@type\":\"Organization\",\"@id\":\"https:\/\/globalvacuumpresses.com\/#organization\",\"name\":\"Global Vacuum Presses\",\"url\":\"https:\/\/globalvacuumpresses.com\/\",\"logo\":{\"@type\":\"ImageObject\",\"inLanguage\":\"es\",\"@id\":\"https:\/\/globalvacuumpresses.com\/#\/schema\/logo\/image\/\",\"url\":\"https:\/\/globalvacuumpresses.com\/wp-content\/uploads\/2018\/06\/global_vacuum_presses-logo_retina.png\",\"contentUrl\":\"https:\/\/globalvacuumpresses.com\/wp-content\/uploads\/2018\/06\/global_vacuum_presses-logo_retina.png\",\"width\":520,\"height\":140,\"caption\":\"Global Vacuum Presses\"},\"image\":{\"@id\":\"https:\/\/globalvacuumpresses.com\/#\/schema\/logo\/image\/\"},\"sameAs\":[\"https:\/\/en-gb.facebook.com\/GlobalVacuumPresses\/\",\"https:\/\/www.instagram.com\/globalvacuumpresses\/?hl=es\",\"https:\/\/www.linkedin.com\/company\/global-vacuum-presses-nabuurs-developing-s-l--\",\"https:\/\/www.youtube.com\/user\/globalvacuumpresses\"]}]}<\/script>\n<!-- \/ Yoast SEO plugin. -->","yoast_head_json":{"title":"Prensas hidr\u00e1ulicas - Global Vacuum Presses","description":"Las prensas hidr\u00e1ulicas son ideales para el prensado de formas 3D profundas y pueden equiparse con moldes macho-hembra de calentamiento-enfriamiento.","robots":{"index":"index","follow":"follow","max-snippet":"max-snippet:-1","max-image-preview":"max-image-preview:large","max-video-preview":"max-video-preview:-1"},"canonical":"https:\/\/globalvacuumpresses.com\/es\/productos\/prensas-hidraulicas\/","og_locale":"es_ES","og_type":"article","og_title":"Prensas hidr\u00e1ulicas - Global Vacuum Presses","og_description":"Las prensas hidr\u00e1ulicas son ideales para el prensado de formas 3D profundas y pueden equiparse con moldes macho-hembra de calentamiento-enfriamiento.","og_url":"https:\/\/globalvacuumpresses.com\/es\/productos\/prensas-hidraulicas\/","og_site_name":"Global Vacuum Presses","article_publisher":"https:\/\/en-gb.facebook.com\/GlobalVacuumPresses\/","article_modified_time":"2024-03-04T16:26:32+00:00","twitter_card":"summary_large_image","twitter_misc":{"Tiempo de lectura":"1 minuto"},"schema":{"@context":"https:\/\/schema.org","@graph":[{"@type":"WebPage","@id":"https:\/\/globalvacuumpresses.com\/es\/productos\/prensas-hidraulicas\/","url":"https:\/\/globalvacuumpresses.com\/es\/productos\/prensas-hidraulicas\/","name":"Prensas hidr\u00e1ulicas - Global Vacuum Presses","isPartOf":{"@id":"https:\/\/globalvacuumpresses.com\/#website"},"datePublished":"2019-02-18T14:58:54+00:00","dateModified":"2024-03-04T16:26:32+00:00","description":"Las prensas hidr\u00e1ulicas son ideales para el prensado de formas 3D profundas y pueden equiparse con moldes macho-hembra de calentamiento-enfriamiento.","breadcrumb":{"@id":"https:\/\/globalvacuumpresses.com\/es\/productos\/prensas-hidraulicas\/#breadcrumb"},"inLanguage":"es","potentialAction":[{"@type":"ReadAction","target":["https:\/\/globalvacuumpresses.com\/es\/productos\/prensas-hidraulicas\/"]}]},{"@type":"BreadcrumbList","@id":"https:\/\/globalvacuumpresses.com\/es\/productos\/prensas-hidraulicas\/#breadcrumb","itemListElement":[{"@type":"ListItem","position":1,"name":"Home","item":"https:\/\/globalvacuumpresses.com\/es\/"},{"@type":"ListItem","position":2,"name":"Productos","item":"https:\/\/globalvacuumpresses.com\/es\/productos\/"},{"@type":"ListItem","position":3,"name":"Prensas hidr\u00e1ulicas"}]},{"@type":"WebSite","@id":"https:\/\/globalvacuumpresses.com\/#website","url":"https:\/\/globalvacuumpresses.com\/","name":"Global Vacuum Presses","description":"Leading-edge technology for vacuum presses, membrane presses, hot presses and preheating ovens","publisher":{"@id":"https:\/\/globalvacuumpresses.com\/#organization"},"potentialAction":[{"@type":"SearchAction","target":{"@type":"EntryPoint","urlTemplate":"https:\/\/globalvacuumpresses.com\/?s={search_term_string}"},"query-input":{"@type":"PropertyValueSpecification","valueRequired":true,"valueName":"search_term_string"}}],"inLanguage":"es"},{"@type":"Organization","@id":"https:\/\/globalvacuumpresses.com\/#organization","name":"Global Vacuum Presses","url":"https:\/\/globalvacuumpresses.com\/","logo":{"@type":"ImageObject","inLanguage":"es","@id":"https:\/\/globalvacuumpresses.com\/#\/schema\/logo\/image\/","url":"https:\/\/globalvacuumpresses.com\/wp-content\/uploads\/2018\/06\/global_vacuum_presses-logo_retina.png","contentUrl":"https:\/\/globalvacuumpresses.com\/wp-content\/uploads\/2018\/06\/global_vacuum_presses-logo_retina.png","width":520,"height":140,"caption":"Global Vacuum Presses"},"image":{"@id":"https:\/\/globalvacuumpresses.com\/#\/schema\/logo\/image\/"},"sameAs":["https:\/\/en-gb.facebook.com\/GlobalVacuumPresses\/","https:\/\/www.instagram.com\/globalvacuumpresses\/?hl=es","https:\/\/www.linkedin.com\/company\/global-vacuum-presses-nabuurs-developing-s-l--","https:\/\/www.youtube.com\/user\/globalvacuumpresses"]}]}},"_links":{"self":[{"href":"https:\/\/globalvacuumpresses.com\/es\/wp-json\/wp\/v2\/pages\/11948"}],"collection":[{"href":"https:\/\/globalvacuumpresses.com\/es\/wp-json\/wp\/v2\/pages"}],"about":[{"href":"https:\/\/globalvacuumpresses.com\/es\/wp-json\/wp\/v2\/types\/page"}],"author":[{"embeddable":true,"href":"https:\/\/globalvacuumpresses.com\/es\/wp-json\/wp\/v2\/users\/9"}],"replies":[{"embeddable":true,"href":"https:\/\/globalvacuumpresses.com\/es\/wp-json\/wp\/v2\/comments?post=11948"}],"version-history":[{"count":13,"href":"https:\/\/globalvacuumpresses.com\/es\/wp-json\/wp\/v2\/pages\/11948\/revisions"}],"predecessor-version":[{"id":31241,"href":"https:\/\/globalvacuumpresses.com\/es\/wp-json\/wp\/v2\/pages\/11948\/revisions\/31241"}],"up":[{"embeddable":true,"href":"https:\/\/globalvacuumpresses.com\/es\/wp-json\/wp\/v2\/pages\/11875"}],"wp:attachment":[{"href":"https:\/\/globalvacuumpresses.com\/es\/wp-json\/wp\/v2\/media?parent=11948"}],"curies":[{"name":"wp","href":"https:\/\/api.w.org\/{rel}","templated":true}]}}